{"id":91,"date":"2011-08-06T00:00:00","date_gmt":"2011-08-05T22:00:00","guid":{"rendered":"https:\/\/mgspress.com\/shop\/product\/james-joyce-iitinerari-triestini-triestine-itineraries\/"},"modified":"2023-01-03T08:52:02","modified_gmt":"2023-01-03T07:52:02","slug":"james-joyce-iitinerari-triestini-triestine-itineraries","status":"publish","type":"product","link":"https:\/\/mgspress.com\/shop\/prodotto\/james-joyce-iitinerari-triestini-triestine-itineraries\/","title":{"rendered":"James Joyce. Iitinerari triestini\/Triestine Itineraries"},"content":{"rendered":"<p>Questo libro ricostruisce gli anni triestini di Joyce, dal 1904 al 1915 e dal 1919 al 1920, cos\u00ec cruciali per la sua crescita letteraria, avvalendosi anche di inedite testimonianze, di documenti, di nuove verifiche anagrafiche e catastali, e si pone come un utile strumento di visitazione dei luoghi pi\u00f9 rilevanti della quotidianit\u00e0, del lavoro, delle relazioni sociali e \u201cludiche\u201d del grande scrittore. Cartine, mappe, percorsi sono tracciati in una geografia reale \u2013 ma anche spirituale \u2013 ad uso dell\u2019appassionato che cerchi un\u2019immedesimazione emotiva nella Trieste di inizio secolo, dove \u00e8 stato ultimato Dedalus, \u00e8 stato scritto il dramma Esuli, \u00e8 stato concepito l\u2019Ulisse e dove ha visto la luce il poemetto in prosa Giacomo Joyce, l\u2019unico testo joyciano di ambientazione locale.<\/p>\n<p>In reconstructing Joyce\u2019s Triestine years, 1904-1915 and 1919-1920, so crucial to his literary growth, this book also avails of unpublished sources, of documents, of newly-checked data from the registry offices, and offers itself as a useful guide to the places most relevant to the great writer\u2019s daily life, his work, his social and \u201crecreational\u201d relationships. Maps and routes trace a geography at once physical and spiritual to help the interested party in his search for an emotional self-identification with the Trieste of the beginning of this century, the Trieste where A Portrait of the Artist as a Young Man was finished, the play Exiles was written, Ulysses was conceived, and the prose-poem Giacomo Joyce first saw the light, the only Joycean work set in Trieste.<\/p>\n","protected":false},"excerpt":{"rendered":"<p>Questo libro ricostruisce gli anni triestini di Joyce, dal 1904 al 1915 e dal 1919 al 1920, cos\u00ec cruciali per la sua crescita letteraria, avvalendosi anche di inedite testimonianze, di documenti, di nuove verifiche anagrafiche e catastali, e si pone come un utile strumento di visitazione dei luoghi pi\u00f9 rilevanti della quotidianit\u00e0, del lavoro, delle &hellip;<\/p>\n<p class=\"read-more\"> <a class=\"\" href=\"https:\/\/mgspress.com\/shop\/prodotto\/james-joyce-iitinerari-triestini-triestine-itineraries\/\"> <span class=\"screen-reader-text\">James Joyce. Iitinerari triestini\/Triestine Itineraries<\/span> Leggi altro &raquo;<\/a><\/p>\n","protected":false},"featured_media":288,"template":"","meta":{"site-sidebar-layout":"default","site-content-layout":"default","ast-global-header-display":"","ast-main-header-display":"","ast-hfb-above-header-display":"","ast-hfb-below-header-display":"","ast-hfb-mobile-header-display":"","site-post-title":"","ast-breadcrumbs-content":"","ast-featured-img":"","footer-sml-layout":"","theme-transparent-header-meta":"default","adv-header-id-meta":"","stick-header-meta":"","header-above-stick-meta":"","header-main-stick-meta":"","header-below-stick-meta":""},"product_brand":[],"product_cat":[30],"product_tag":[],"class_list":{"0":"post-91","1":"product","2":"type-product","3":"status-publish","4":"has-post-thumbnail","6":"product_cat-james-joyce","7":"desktop-align-left","8":"tablet-align-left","9":"mobile-align-left","11":"first","12":"outofstock","13":"purchasable","14":"product-type-simple"},"_links":{"self":[{"href":"https:\/\/mgspress.com\/shop\/wp-json\/wp\/v2\/product\/91","targetHints":{"allow":["GET"]}}],"collection":[{"href":"https:\/\/mgspress.com\/shop\/wp-json\/wp\/v2\/product"}],"about":[{"href":"https:\/\/mgspress.com\/shop\/wp-json\/wp\/v2\/types\/product"}],"wp:featuredmedia":[{"embeddable":true,"href":"https:\/\/mgspress.com\/shop\/wp-json\/wp\/v2\/media\/288"}],"wp:attachment":[{"href":"https:\/\/mgspress.com\/shop\/wp-json\/wp\/v2\/media?parent=91"}],"wp:term":[{"taxonomy":"product_brand","embeddable":true,"href":"https:\/\/mgspress.com\/shop\/wp-json\/wp\/v2\/product_brand?post=91"},{"taxonomy":"product_cat","embeddable":true,"href":"https:\/\/mgspress.com\/shop\/wp-json\/wp\/v2\/product_cat?post=91"},{"taxonomy":"product_tag","embeddable":true,"href":"https:\/\/mgspress.com\/shop\/wp-json\/wp\/v2\/product_tag?post=91"}],"curies":[{"name":"wp","href":"https:\/\/api.w.org\/{rel}","templated":true}]}}