{"id":904,"date":"2025-04-29T11:46:55","date_gmt":"2025-04-29T09:46:55","guid":{"rendered":"https:\/\/mgspress.com\/shop\/?post_type=product&#038;p=904"},"modified":"2026-01-29T10:53:46","modified_gmt":"2026-01-29T09:53:46","slug":"sofia-limperatrice-nellombra","status":"publish","type":"product","link":"https:\/\/mgspress.com\/shop\/prodotto\/sofia-limperatrice-nellombra\/","title":{"rendered":"Sofia, l\u2019imperatrice nell\u2019ombra"},"content":{"rendered":"<p>Nell\u2019immaginario collettivo l\u2019arciduchessa Sofia, madre dell\u2019imperatore Francesco Giuseppe I, incarna l\u2019archetipo della suocera scomoda e impicciona, superba e presuntuosa, cos\u00ec come l\u2019hanno descritta i film e i testi diffusi con l\u2019intento di mettere in luce la natura tormentata della mitica imperatrice d\u2019Austria. L\u2019inarrivabile Sissi \u2013 icona di bellezza, classe e stile \u2013 era nota anche per la sua mestizia, legata soprattutto alla perdita dei due figli e al clima che respirava a Corte: uno spirito libero prigioniero in una gabbia dorata di cui, si deduce, fosse proprio Sofia a detenere la chiave.<\/p>\n<p>Ma la storia, quella vera, ci racconta altro. Questo libro \u2013 prima biografia italiana sull\u2019arciduchessa Sofia Federica, nata principessa di Baviera dai monarchi Massimiliano I e Federica Carolina nel 1805 \u2013 \u00e8 stato scritto dopo un\u2019attenta lettura delle parti del suo diario finora note e dei suoi epistolari e ne presenta al lettore un ritratto del tutto inedito. Emerge la figura di una donna dall\u2019intelligenza singolare rispetto agli uomini del suo tempo, dotata di numerosi talenti, cultrice di tutte le arti, amante della politica e capace di rinunciare al trono in nome del figlio primogenito che volle imperatore.<\/p>\n<p>Sofia era anche genuina, affabile e di buon cuore. Andata in sposa nel 1824 all\u2019arciduca Francesco Carlo d\u2019Asburgo-Lorena, fu subito ammirata dalla Corte viennese: per la sua eleganza era oggetto delle attenzioni dei signori della nobilt\u00e0, mentre le dame vedevano in lei un esempio da seguire. Ci\u00f2 che pi\u00f9 amava era riunire la famiglia per avere accanto i quattro figli, cui si era aggiunta la sua \u201camata bambina\u201d (cos\u00ec chiamava Sissi, che per lei sar\u00e0 sempre la figlia che il destino le neg\u00f2), e tenere vivi i valori legati al focolare domestico: la spontaneit\u00e0, l\u2019intimit\u00e0 e la solidit\u00e0 dei legami tra congiunti. Ci\u00f2 che pi\u00f9 la fece soffrire fu la sincera e manifesta ostilit\u00e0 di Sissi nei suoi confronti, che per\u00f2 mai smise di amare e ammirare.<\/p>\n","protected":false},"excerpt":{"rendered":"<p>Nell\u2019immaginario collettivo l\u2019arciduchessa Sofia, madre dell\u2019imperatore Francesco Giuseppe I, incarna l\u2019archetipo della suocera scomoda e impicciona, superba e presuntuosa, cos\u00ec come l\u2019hanno descritta i film e i testi diffusi con l\u2019intento di mettere in luce la natura tormentata della mitica imperatrice d\u2019Austria. L\u2019inarrivabile Sissi \u2013 icona di bellezza, classe e stile \u2013 era nota anche &hellip;<\/p>\n<p class=\"read-more\"> <a class=\"\" href=\"https:\/\/mgspress.com\/shop\/prodotto\/sofia-limperatrice-nellombra\/\"> <span class=\"screen-reader-text\">Sofia, l\u2019imperatrice nell\u2019ombra<\/span> Leggi altro &raquo;<\/a><\/p>\n","protected":false},"featured_media":905,"template":"","meta":{"site-sidebar-layout":"default","site-content-layout":"default","ast-global-header-display":"","ast-main-header-display":"","ast-hfb-above-header-display":"","ast-hfb-below-header-display":"","ast-hfb-mobile-header-display":"","site-post-title":"","ast-breadcrumbs-content":"","ast-featured-img":"","footer-sml-layout":"","theme-transparent-header-meta":"default","adv-header-id-meta":"","stick-header-meta":"","header-above-stick-meta":"","header-main-stick-meta":"","header-below-stick-meta":""},"product_brand":[],"product_cat":[24],"product_tag":[],"class_list":{"0":"post-904","1":"product","2":"type-product","3":"status-publish","4":"has-post-thumbnail","6":"product_cat-asburgo","7":"desktop-align-left","8":"tablet-align-left","9":"mobile-align-left","11":"first","12":"instock","13":"shipping-taxable","14":"purchasable","15":"product-type-simple"},"_links":{"self":[{"href":"https:\/\/mgspress.com\/shop\/wp-json\/wp\/v2\/product\/904","targetHints":{"allow":["GET"]}}],"collection":[{"href":"https:\/\/mgspress.com\/shop\/wp-json\/wp\/v2\/product"}],"about":[{"href":"https:\/\/mgspress.com\/shop\/wp-json\/wp\/v2\/types\/product"}],"wp:featuredmedia":[{"embeddable":true,"href":"https:\/\/mgspress.com\/shop\/wp-json\/wp\/v2\/media\/905"}],"wp:attachment":[{"href":"https:\/\/mgspress.com\/shop\/wp-json\/wp\/v2\/media?parent=904"}],"wp:term":[{"taxonomy":"product_brand","embeddable":true,"href":"https:\/\/mgspress.com\/shop\/wp-json\/wp\/v2\/product_brand?post=904"},{"taxonomy":"product_cat","embeddable":true,"href":"https:\/\/mgspress.com\/shop\/wp-json\/wp\/v2\/product_cat?post=904"},{"taxonomy":"product_tag","embeddable":true,"href":"https:\/\/mgspress.com\/shop\/wp-json\/wp\/v2\/product_tag?post=904"}],"curies":[{"name":"wp","href":"https:\/\/api.w.org\/{rel}","templated":true}]}}