{"id":87,"date":"2011-08-06T00:00:00","date_gmt":"2011-08-05T22:00:00","guid":{"rendered":"https:\/\/mgspress.com\/shop\/product\/doping-come-riconoscerlo-come-prevenirlo\/"},"modified":"2023-02-22T15:12:24","modified_gmt":"2023-02-22T14:12:24","slug":"doping-come-riconoscerlo-come-prevenirlo","status":"publish","type":"product","link":"https:\/\/mgspress.com\/shop\/prodotto\/doping-come-riconoscerlo-come-prevenirlo\/","title":{"rendered":"Doping. Come riconoscerlo, come prevenirlo"},"content":{"rendered":"<p>L\u2019utilizzo di sostanze o metodi dopanti fa nascere o rafforza la convinzione dell\u2019inutilit\u00e0 di impegnarsi al massimo e diminuisce l\u2019autostima perch\u00e9 l\u2019aiuto non viene da dentro ma dalla sostanza artificiale assunta in maniera illegale. L\u2019arma migliore per combattere la diffusione del doping \u00e8 l\u2019informazione soprattutto tra i giovani nelle scuole e nelle societ\u00e0 sportive\u2026 In questa attivit\u00e0 \u00e8 per\u00f2 necessario siano coinvolti tutti gli addetti ai lavori: allenatori, preparatori atletici, dirigenti e naturalmente le famiglie degli atleti.<\/p>\n","protected":false},"excerpt":{"rendered":"<p>L\u2019utilizzo di sostanze o metodi dopanti fa nascere o rafforza la convinzione dell\u2019inutilit\u00e0 di impegnarsi al massimo e diminuisce l\u2019autostima perch\u00e9 l\u2019aiuto non viene da dentro ma dalla sostanza artificiale assunta in maniera illegale. L\u2019arma migliore per combattere la diffusione del doping \u00e8 l\u2019informazione soprattutto tra i giovani nelle scuole e nelle societ\u00e0 sportive\u2026 In &hellip;<\/p>\n<p class=\"read-more\"> <a class=\"\" href=\"https:\/\/mgspress.com\/shop\/prodotto\/doping-come-riconoscerlo-come-prevenirlo\/\"> <span class=\"screen-reader-text\">Doping. Come riconoscerlo, come prevenirlo<\/span> Leggi altro &raquo;<\/a><\/p>\n","protected":false},"featured_media":523,"template":"","meta":{"site-sidebar-layout":"default","site-content-layout":"default","ast-global-header-display":"","ast-main-header-display":"","ast-hfb-above-header-display":"","ast-hfb-below-header-display":"","ast-hfb-mobile-header-display":"","site-post-title":"","ast-breadcrumbs-content":"","ast-featured-img":"","footer-sml-layout":"","theme-transparent-header-meta":"default","adv-header-id-meta":"","stick-header-meta":"","header-above-stick-meta":"","header-main-stick-meta":"","header-below-stick-meta":""},"product_brand":[],"product_cat":[28],"product_tag":[],"class_list":{"0":"post-87","1":"product","2":"type-product","3":"status-publish","4":"has-post-thumbnail","6":"product_cat-insaluteinsieme","7":"desktop-align-left","8":"tablet-align-left","9":"mobile-align-left","11":"first","12":"instock","13":"purchasable","14":"product-type-simple"},"_links":{"self":[{"href":"https:\/\/mgspress.com\/shop\/wp-json\/wp\/v2\/product\/87","targetHints":{"allow":["GET"]}}],"collection":[{"href":"https:\/\/mgspress.com\/shop\/wp-json\/wp\/v2\/product"}],"about":[{"href":"https:\/\/mgspress.com\/shop\/wp-json\/wp\/v2\/types\/product"}],"wp:featuredmedia":[{"embeddable":true,"href":"https:\/\/mgspress.com\/shop\/wp-json\/wp\/v2\/media\/523"}],"wp:attachment":[{"href":"https:\/\/mgspress.com\/shop\/wp-json\/wp\/v2\/media?parent=87"}],"wp:term":[{"taxonomy":"product_brand","embeddable":true,"href":"https:\/\/mgspress.com\/shop\/wp-json\/wp\/v2\/product_brand?post=87"},{"taxonomy":"product_cat","embeddable":true,"href":"https:\/\/mgspress.com\/shop\/wp-json\/wp\/v2\/product_cat?post=87"},{"taxonomy":"product_tag","embeddable":true,"href":"https:\/\/mgspress.com\/shop\/wp-json\/wp\/v2\/product_tag?post=87"}],"curies":[{"name":"wp","href":"https:\/\/api.w.org\/{rel}","templated":true}]}}