{"id":86,"date":"2011-08-06T00:00:00","date_gmt":"2011-08-05T22:00:00","guid":{"rendered":"https:\/\/mgspress.com\/shop\/product\/affettivita-e-sessualita-saper-ascoltare-per-saper-educare\/"},"modified":"2023-02-22T15:12:07","modified_gmt":"2023-02-22T14:12:07","slug":"affettivita-e-sessualita-saper-ascoltare-per-saper-educare","status":"publish","type":"product","link":"https:\/\/mgspress.com\/shop\/prodotto\/affettivita-e-sessualita-saper-ascoltare-per-saper-educare\/","title":{"rendered":"Affettivit\u00e0 e sessualit\u00e0. Saper ascoltare per saper educare"},"content":{"rendered":"<p>Perch\u00e9 i nostri genitori non riescono a parlare con noi di sesso, io penso che forse ci sono passati anche loro, ma non se lo ricordano pi\u00f9. Non pensano che anche noi abbiamo dei sentimenti e abbiamo voglia di farlo. Per loro siamo sempre piccoli, ma non \u00e8 cos\u00ec. E allora parliamo con estranei ma \u00e8 peggio. Perch\u00e9 non si sforzano un po\u2019 e ci provano&#8221; (terza media).<\/p>\n","protected":false},"excerpt":{"rendered":"<p>Perch\u00e9 i nostri genitori non riescono a parlare con noi di sesso, io penso che forse ci sono passati anche loro, ma non se lo ricordano pi\u00f9. Non pensano che anche noi abbiamo dei sentimenti e abbiamo voglia di farlo. Per loro siamo sempre piccoli, ma non \u00e8 cos\u00ec. E allora parliamo con estranei ma &hellip;<\/p>\n<p class=\"read-more\"> <a class=\"\" href=\"https:\/\/mgspress.com\/shop\/prodotto\/affettivita-e-sessualita-saper-ascoltare-per-saper-educare\/\"> <span class=\"screen-reader-text\">Affettivit\u00e0 e sessualit\u00e0. Saper ascoltare per saper educare<\/span> Leggi altro &raquo;<\/a><\/p>\n","protected":false},"featured_media":522,"template":"","meta":{"site-sidebar-layout":"default","site-content-layout":"default","ast-global-header-display":"","ast-main-header-display":"","ast-hfb-above-header-display":"","ast-hfb-below-header-display":"","ast-hfb-mobile-header-display":"","site-post-title":"","ast-breadcrumbs-content":"","ast-featured-img":"","footer-sml-layout":"","theme-transparent-header-meta":"default","adv-header-id-meta":"","stick-header-meta":"","header-above-stick-meta":"","header-main-stick-meta":"","header-below-stick-meta":""},"product_brand":[],"product_cat":[28],"product_tag":[],"class_list":{"0":"post-86","1":"product","2":"type-product","3":"status-publish","4":"has-post-thumbnail","6":"product_cat-insaluteinsieme","7":"desktop-align-left","8":"tablet-align-left","9":"mobile-align-left","11":"first","12":"instock","13":"purchasable","14":"product-type-simple"},"_links":{"self":[{"href":"https:\/\/mgspress.com\/shop\/wp-json\/wp\/v2\/product\/86","targetHints":{"allow":["GET"]}}],"collection":[{"href":"https:\/\/mgspress.com\/shop\/wp-json\/wp\/v2\/product"}],"about":[{"href":"https:\/\/mgspress.com\/shop\/wp-json\/wp\/v2\/types\/product"}],"wp:featuredmedia":[{"embeddable":true,"href":"https:\/\/mgspress.com\/shop\/wp-json\/wp\/v2\/media\/522"}],"wp:attachment":[{"href":"https:\/\/mgspress.com\/shop\/wp-json\/wp\/v2\/media?parent=86"}],"wp:term":[{"taxonomy":"product_brand","embeddable":true,"href":"https:\/\/mgspress.com\/shop\/wp-json\/wp\/v2\/product_brand?post=86"},{"taxonomy":"product_cat","embeddable":true,"href":"https:\/\/mgspress.com\/shop\/wp-json\/wp\/v2\/product_cat?post=86"},{"taxonomy":"product_tag","embeddable":true,"href":"https:\/\/mgspress.com\/shop\/wp-json\/wp\/v2\/product_tag?post=86"}],"curies":[{"name":"wp","href":"https:\/\/api.w.org\/{rel}","templated":true}]}}