{"id":84,"date":"2011-08-06T00:00:00","date_gmt":"2011-08-05T22:00:00","guid":{"rendered":"https:\/\/mgspress.com\/shop\/product\/la-divina-commedia-linferno\/"},"modified":"2023-03-13T17:23:29","modified_gmt":"2023-03-13T16:23:29","slug":"la-divina-commedia-linferno","status":"publish","type":"product","link":"https:\/\/mgspress.com\/shop\/prodotto\/la-divina-commedia-linferno\/","title":{"rendered":"La Divina Commedia &#8211; L\u2019Inferno"},"content":{"rendered":"<p>Dante Alighieri iera de Firenze e &#8216;l parlava Fiorentin ma, durante l&#8217;esilio \u2013 perch\u00e8 Dante, no so se sav\u00e8, i lo gaveva esili\u00e0 de Firenze \u2013 el iera sta&#8217; un bon toco ospite dei Signori de Duin, e l\u00e0 el gaveva &#8216;v\u00f9 ocasion de impararse el Triestin; e &#8216;l lo gaveva impar\u00e0 tanto ben, ma tanto ben ch&#8217;el se gaveva fina messo a scriver in poisia in Triestin: che difati, come che tuti sa, in Triestin, po, el ga scrito la Divina Comedia. Su &#8216;sta Divina Comedia tanto se ga parl\u00e0 e tanti xe stai nei secoli i comenti (l&#8217;Assaibon, i Comenti del Butich, del Tiraca, del Del Longo, i Antichi Comenti Taliani..), ma solo adesso un \u2013 un sclebez qualunque che no merita gnanca nominar \u2013 se ga insogn\u00e0 de farghene una traduzion in Toscan, sostignindo che, se Dante gavessi scrito la Divina Comedia in Toscan (visto che de sicuro el iera bon de scriver anche in Toscan), la gaveria scrita proprio cuss\u00ec.<\/p>\n<p>Eco, alora noi, adesso, vizin a la version imortal del grando poema \u2013 visto che xe sempre de pi\u00f9 la gente ignorante che se ga dimentic\u00e0 el Triestin, o che lo parla a stento o malamente \u2013 presentemo &#8216;sta spece de traduzion in Toscan che, ben o mal, tira para mola, xe divent\u00e0 in &#8216;sti ultimi secoli quela lingua che in Italia tuti quanti parla; e alora..<\/p>\n","protected":false},"excerpt":{"rendered":"<p>Dante Alighieri iera de Firenze e &#8216;l parlava Fiorentin ma, durante l&#8217;esilio \u2013 perch\u00e8 Dante, no so se sav\u00e8, i lo gaveva esili\u00e0 de Firenze \u2013 el iera sta&#8217; un bon toco ospite dei Signori de Duin, e l\u00e0 el gaveva &#8216;v\u00f9 ocasion de impararse el Triestin; e &#8216;l lo gaveva impar\u00e0 tanto ben, ma &hellip;<\/p>\n<p class=\"read-more\"> <a class=\"\" href=\"https:\/\/mgspress.com\/shop\/prodotto\/la-divina-commedia-linferno\/\"> <span class=\"screen-reader-text\">La Divina Commedia &#8211; L\u2019Inferno<\/span> Leggi altro &raquo;<\/a><\/p>\n","protected":false},"featured_media":417,"template":"","meta":{"site-sidebar-layout":"default","site-content-layout":"default","ast-global-header-display":"","ast-main-header-display":"","ast-hfb-above-header-display":"","ast-hfb-below-header-display":"","ast-hfb-mobile-header-display":"","site-post-title":"","ast-breadcrumbs-content":"","ast-featured-img":"","footer-sml-layout":"","theme-transparent-header-meta":"default","adv-header-id-meta":"","stick-header-meta":"","header-above-stick-meta":"","header-main-stick-meta":"","header-below-stick-meta":""},"product_brand":[],"product_cat":[27],"product_tag":[],"class_list":{"0":"post-84","1":"product","2":"type-product","3":"status-publish","4":"has-post-thumbnail","6":"product_cat-dialetto-triestino","7":"desktop-align-left","8":"tablet-align-left","9":"mobile-align-left","11":"first","12":"instock","13":"purchasable","14":"product-type-simple"},"_links":{"self":[{"href":"https:\/\/mgspress.com\/shop\/wp-json\/wp\/v2\/product\/84","targetHints":{"allow":["GET"]}}],"collection":[{"href":"https:\/\/mgspress.com\/shop\/wp-json\/wp\/v2\/product"}],"about":[{"href":"https:\/\/mgspress.com\/shop\/wp-json\/wp\/v2\/types\/product"}],"wp:featuredmedia":[{"embeddable":true,"href":"https:\/\/mgspress.com\/shop\/wp-json\/wp\/v2\/media\/417"}],"wp:attachment":[{"href":"https:\/\/mgspress.com\/shop\/wp-json\/wp\/v2\/media?parent=84"}],"wp:term":[{"taxonomy":"product_brand","embeddable":true,"href":"https:\/\/mgspress.com\/shop\/wp-json\/wp\/v2\/product_brand?post=84"},{"taxonomy":"product_cat","embeddable":true,"href":"https:\/\/mgspress.com\/shop\/wp-json\/wp\/v2\/product_cat?post=84"},{"taxonomy":"product_tag","embeddable":true,"href":"https:\/\/mgspress.com\/shop\/wp-json\/wp\/v2\/product_tag?post=84"}],"curies":[{"name":"wp","href":"https:\/\/api.w.org\/{rel}","templated":true}]}}