{"id":83,"date":"2011-08-06T00:00:00","date_gmt":"2011-08-05T22:00:00","guid":{"rendered":"https:\/\/mgspress.com\/shop\/product\/a-modo-nostro\/"},"modified":"2023-02-22T15:11:07","modified_gmt":"2023-02-22T14:11:07","slug":"a-modo-nostro","status":"publish","type":"product","link":"https:\/\/mgspress.com\/shop\/prodotto\/a-modo-nostro\/","title":{"rendered":"A modo nostro"},"content":{"rendered":"<p>A dar sapore ai dialetti, assai pi\u00f9 delle singole parole, sono i giri di frase, i modi di dire, le espressioni del linguaggio figurato, che, come gli specchi di certe favole, non cessano di riflettere le immagini di remote realt\u00e0 svanite nel nulla, rendendo preziosa e spesso unica testimonianza del costume d\u2019altri tempi. Il lavoro di Lino Carpinteri non vuole essere un dizionario e, al pari del precedente volume, si propone di intrattenere il lettore fornendogli informazioni ricavate dai testi pi\u00f9 disparati sulle parole di casa nostra. Per Carpinteri, infatti, il dialetto \u00e8 tuttora testimone di quella triestinit\u00e0 che ci rese diversi dagli altri europei e fece di Trieste una citt\u00e0 speciale.<\/p>\n","protected":false},"excerpt":{"rendered":"<p>A dar sapore ai dialetti, assai pi\u00f9 delle singole parole, sono i giri di frase, i modi di dire, le espressioni del linguaggio figurato, che, come gli specchi di certe favole, non cessano di riflettere le immagini di remote realt\u00e0 svanite nel nulla, rendendo preziosa e spesso unica testimonianza del costume d\u2019altri tempi. Il lavoro &hellip;<\/p>\n<p class=\"read-more\"> <a class=\"\" href=\"https:\/\/mgspress.com\/shop\/prodotto\/a-modo-nostro\/\"> <span class=\"screen-reader-text\">A modo nostro<\/span> Leggi altro &raquo;<\/a><\/p>\n","protected":false},"featured_media":520,"template":"","meta":{"site-sidebar-layout":"default","site-content-layout":"default","ast-global-header-display":"","ast-main-header-display":"","ast-hfb-above-header-display":"","ast-hfb-below-header-display":"","ast-hfb-mobile-header-display":"","site-post-title":"","ast-breadcrumbs-content":"","ast-featured-img":"","footer-sml-layout":"","theme-transparent-header-meta":"default","adv-header-id-meta":"","stick-header-meta":"","header-above-stick-meta":"","header-main-stick-meta":"","header-below-stick-meta":""},"product_brand":[],"product_cat":[27],"product_tag":[],"class_list":{"0":"post-83","1":"product","2":"type-product","3":"status-publish","4":"has-post-thumbnail","6":"product_cat-dialetto-triestino","7":"desktop-align-left","8":"tablet-align-left","9":"mobile-align-left","11":"first","12":"outofstock","13":"purchasable","14":"product-type-simple"},"_links":{"self":[{"href":"https:\/\/mgspress.com\/shop\/wp-json\/wp\/v2\/product\/83","targetHints":{"allow":["GET"]}}],"collection":[{"href":"https:\/\/mgspress.com\/shop\/wp-json\/wp\/v2\/product"}],"about":[{"href":"https:\/\/mgspress.com\/shop\/wp-json\/wp\/v2\/types\/product"}],"wp:featuredmedia":[{"embeddable":true,"href":"https:\/\/mgspress.com\/shop\/wp-json\/wp\/v2\/media\/520"}],"wp:attachment":[{"href":"https:\/\/mgspress.com\/shop\/wp-json\/wp\/v2\/media?parent=83"}],"wp:term":[{"taxonomy":"product_brand","embeddable":true,"href":"https:\/\/mgspress.com\/shop\/wp-json\/wp\/v2\/product_brand?post=83"},{"taxonomy":"product_cat","embeddable":true,"href":"https:\/\/mgspress.com\/shop\/wp-json\/wp\/v2\/product_cat?post=83"},{"taxonomy":"product_tag","embeddable":true,"href":"https:\/\/mgspress.com\/shop\/wp-json\/wp\/v2\/product_tag?post=83"}],"curies":[{"name":"wp","href":"https:\/\/api.w.org\/{rel}","templated":true}]}}