{"id":82,"date":"2011-08-06T00:00:00","date_gmt":"2011-08-05T22:00:00","guid":{"rendered":"https:\/\/mgspress.com\/shop\/product\/sogliola-squisita-sogliola\/"},"modified":"2025-09-26T08:16:33","modified_gmt":"2025-09-26T06:16:33","slug":"sogliola-squisita-sogliola","status":"publish","type":"product","link":"https:\/\/mgspress.com\/shop\/prodotto\/sogliola-squisita-sogliola\/","title":{"rendered":"Sogliola squisita sogliola"},"content":{"rendered":"<p>Una cuoca superlativa, un posto meraviglioso con un mare che incanta, un\u2019atmosfera che ti fa sentire a casa: sei a Villa Rosetta, a Zambrattia, vicino al faro di Salvore, in Croazia. \u00c8 l\u00ec che \u00e8 nata l\u2019idea di pubblicare un libro di ricette dedicato alla sogliola, un pesce che da quelle parti, soprattutto nei mesi di ottobre e novembre, si pesca a tonnellate. E a farlo \u00e8 stata appunto la signora Rosetta che con la sua brigata di cucina \u00e8 riuscita a celebrare la sogliola proponendo splendidi piatti dall\u2019antipasto al dolce. Sfoia, sfoja (Romagna e Marche), palaia (Calabria e Sardegna), linguata (Sicilia), linguattola (Lazio), sfogio nostran (Veneto): sono solo alcuni dei nomi dialettali usati per la sogliola, un pesce che appartiene alla famiglia dei Soleidi e che vive sui fondali marini sabbiosi.<\/p>\n<p>Nell&#8217;Adriatico settentrionale e centrale la distribuzione di questa specie dipende dall&#8217;et\u00e0: gli esemplari adulti sono presenti lungo le coste del litorale istriano, mentre quelli pi\u00f9 giovani (12-15 centimetri) vivono nelle acque costiere italiane, soprattutto alla foce del fiume Po. La sogliola \u00e8 un pesce dall\u2019alto valore nutrizionale e dal basso contenuto calorico: 106,8 kcal per 100 g; \u00e8 ricca di proteine, vitamine A e B, sali minerali contenenti potassio e fosforo, ha pochissimi grassi, per la maggior parte mono o polinsaturi, ed \u00e8 facilmente digeribile. Per il suo sapore delizioso era conosciuta anche dai romani che le avevano dato il nome di Solea Jovis: il sandalo di Giove.<\/p>\n<p>Nel mare di Salvore \u00e8 stata scoperta una nuova specie: la Solea Rosettae, la sogliola di Rosetta, che con questo libro di ricette squisite ne canta l\u2019elogio.<\/p>\n","protected":false},"excerpt":{"rendered":"<p>Una cuoca superlativa, un posto meraviglioso con un mare che incanta, un\u2019atmosfera che ti fa sentire a casa: sei a Villa Rosetta, a Zambrattia, vicino al faro di Salvore, in Croazia. \u00c8 l\u00ec che \u00e8 nata l\u2019idea di pubblicare un libro di ricette dedicato alla sogliola, un pesce che da quelle parti, soprattutto nei mesi &hellip;<\/p>\n<p class=\"read-more\"> <a class=\"\" href=\"https:\/\/mgspress.com\/shop\/prodotto\/sogliola-squisita-sogliola\/\"> <span class=\"screen-reader-text\">Sogliola squisita sogliola<\/span> Leggi altro &raquo;<\/a><\/p>\n","protected":false},"featured_media":519,"template":"","meta":{"site-sidebar-layout":"default","site-content-layout":"default","ast-global-header-display":"","ast-main-header-display":"","ast-hfb-above-header-display":"","ast-hfb-below-header-display":"","ast-hfb-mobile-header-display":"","site-post-title":"","ast-breadcrumbs-content":"","ast-featured-img":"","footer-sml-layout":"","theme-transparent-header-meta":"default","adv-header-id-meta":"","stick-header-meta":"","header-above-stick-meta":"","header-main-stick-meta":"","header-below-stick-meta":""},"product_brand":[],"product_cat":[26],"product_tag":[],"class_list":{"0":"post-82","1":"product","2":"type-product","3":"status-publish","4":"has-post-thumbnail","6":"product_cat-cucina","7":"desktop-align-left","8":"tablet-align-left","9":"mobile-align-left","11":"first","12":"instock","13":"purchasable","14":"product-type-simple"},"_links":{"self":[{"href":"https:\/\/mgspress.com\/shop\/wp-json\/wp\/v2\/product\/82","targetHints":{"allow":["GET"]}}],"collection":[{"href":"https:\/\/mgspress.com\/shop\/wp-json\/wp\/v2\/product"}],"about":[{"href":"https:\/\/mgspress.com\/shop\/wp-json\/wp\/v2\/types\/product"}],"wp:featuredmedia":[{"embeddable":true,"href":"https:\/\/mgspress.com\/shop\/wp-json\/wp\/v2\/media\/519"}],"wp:attachment":[{"href":"https:\/\/mgspress.com\/shop\/wp-json\/wp\/v2\/media?parent=82"}],"wp:term":[{"taxonomy":"product_brand","embeddable":true,"href":"https:\/\/mgspress.com\/shop\/wp-json\/wp\/v2\/product_brand?post=82"},{"taxonomy":"product_cat","embeddable":true,"href":"https:\/\/mgspress.com\/shop\/wp-json\/wp\/v2\/product_cat?post=82"},{"taxonomy":"product_tag","embeddable":true,"href":"https:\/\/mgspress.com\/shop\/wp-json\/wp\/v2\/product_tag?post=82"}],"curies":[{"name":"wp","href":"https:\/\/api.w.org\/{rel}","templated":true}]}}