{"id":76,"date":"2011-08-06T00:00:00","date_gmt":"2011-08-05T22:00:00","guid":{"rendered":"https:\/\/mgspress.com\/shop\/product\/vienna-imperiale\/"},"modified":"2023-03-13T17:08:51","modified_gmt":"2023-03-13T16:08:51","slug":"vienna-imperiale","status":"publish","type":"product","link":"https:\/\/mgspress.com\/shop\/prodotto\/vienna-imperiale\/","title":{"rendered":"Vienna imperiale"},"content":{"rendered":"<p>\u201cMettiamo subito in chiaro: non sono una storica n\u00e9 una storiografa, solo un\u2019appassionata di storia che si ripromette di dire le cose come stanno cercando poi di scavare nell\u2019animo dei personaggi, per presentarli nel modo pi\u00f9 serio possibile. Mi prefiggo di farli conoscere affinch\u00e9 vengano capiti, se non amati, pur assumendomi qualche rischio e senza dimenticare che spesso il giudizio su di loro \u00e8 legato al periodo, alla moda e alle tendenze.<\/p>\n<p>Inoltre, sono dell\u2019idea che in fondo tutte le storie o quasi tutte sono da riscrivere o perlomeno possono essere riscritte. E poi nessuna storia si conclude mai&#8230; \u201cHeinrich Benedikt suggerisce: Immutabile \u00e8 il passato, ma nel corso del tempo cambia la sua immagine; per questo la storia deve continuamente essere riscritta. Soltanto lo sguardo sui periodi trascorsi conduce alla immedesimazione nel presente, che a sua volta coopera alla piena comprensione del passato. \u201cRimane comunque una certezza: la Storia dell\u2019Austria \u00e8 quella dei contrasti o delle contraddittoriet\u00e0 persino degli opposti e proprio questa peculiare prerogativa \u00e8 seducente, mi affascina pi\u00f9 che mai ed io tento di coinvolgervi&#8230;\u201d R. d. C. S.<\/p>\n","protected":false},"excerpt":{"rendered":"<p>\u201cMettiamo subito in chiaro: non sono una storica n\u00e9 una storiografa, solo un\u2019appassionata di storia che si ripromette di dire le cose come stanno cercando poi di scavare nell\u2019animo dei personaggi, per presentarli nel modo pi\u00f9 serio possibile. Mi prefiggo di farli conoscere affinch\u00e9 vengano capiti, se non amati, pur assumendomi qualche rischio e senza &hellip;<\/p>\n<p class=\"read-more\"> <a class=\"\" href=\"https:\/\/mgspress.com\/shop\/prodotto\/vienna-imperiale\/\"> <span class=\"screen-reader-text\">Vienna imperiale<\/span> Leggi altro &raquo;<\/a><\/p>\n","protected":false},"featured_media":354,"template":"","meta":{"site-sidebar-layout":"default","site-content-layout":"default","ast-global-header-display":"","ast-main-header-display":"","ast-hfb-above-header-display":"","ast-hfb-below-header-display":"","ast-hfb-mobile-header-display":"","site-post-title":"","ast-breadcrumbs-content":"","ast-featured-img":"","footer-sml-layout":"","theme-transparent-header-meta":"default","adv-header-id-meta":"","stick-header-meta":"","header-above-stick-meta":"","header-main-stick-meta":"","header-below-stick-meta":""},"product_brand":[],"product_cat":[24],"product_tag":[],"class_list":{"0":"post-76","1":"product","2":"type-product","3":"status-publish","4":"has-post-thumbnail","6":"product_cat-asburgo","7":"desktop-align-left","8":"tablet-align-left","9":"mobile-align-left","11":"first","12":"outofstock","13":"purchasable","14":"product-type-simple"},"_links":{"self":[{"href":"https:\/\/mgspress.com\/shop\/wp-json\/wp\/v2\/product\/76","targetHints":{"allow":["GET"]}}],"collection":[{"href":"https:\/\/mgspress.com\/shop\/wp-json\/wp\/v2\/product"}],"about":[{"href":"https:\/\/mgspress.com\/shop\/wp-json\/wp\/v2\/types\/product"}],"wp:featuredmedia":[{"embeddable":true,"href":"https:\/\/mgspress.com\/shop\/wp-json\/wp\/v2\/media\/354"}],"wp:attachment":[{"href":"https:\/\/mgspress.com\/shop\/wp-json\/wp\/v2\/media?parent=76"}],"wp:term":[{"taxonomy":"product_brand","embeddable":true,"href":"https:\/\/mgspress.com\/shop\/wp-json\/wp\/v2\/product_brand?post=76"},{"taxonomy":"product_cat","embeddable":true,"href":"https:\/\/mgspress.com\/shop\/wp-json\/wp\/v2\/product_cat?post=76"},{"taxonomy":"product_tag","embeddable":true,"href":"https:\/\/mgspress.com\/shop\/wp-json\/wp\/v2\/product_tag?post=76"}],"curies":[{"name":"wp","href":"https:\/\/api.w.org\/{rel}","templated":true}]}}