{"id":73,"date":"2011-08-06T00:00:00","date_gmt":"2011-08-05T22:00:00","guid":{"rendered":"https:\/\/mgspress.com\/shop\/product\/rodolfo-dasburgo\/"},"modified":"2023-09-11T20:31:25","modified_gmt":"2023-09-11T18:31:25","slug":"rodolfo-dasburgo","status":"publish","type":"product","link":"https:\/\/mgspress.com\/shop\/prodotto\/rodolfo-dasburgo\/","title":{"rendered":"Rodolfo d&#8217;Asburgo"},"content":{"rendered":"<p>Che uomo era Rodolfo, l\u2019unico figlio maschio dell\u2019imperatore ed erede del grande impero multietnico? L\u2019intelligente, sensibile ed eccentrico principe ereditario avrebbe preferito di gran lunga dedicarsi alle scienze, in particolare all\u2019ornitologia, un proposito tuttavia inaccettabile per l\u2019imperatore. Rodolfo era di orientamento liberale, si considerava un membro del popolo e con le sue critiche al sistema dominante e con le sue idee progressiste si fece molti nemici negli ambienti conservatori. Non era affatto come il padre, un monarca saldamente ancorato alle tradizioni, convinto della propria missione per grazia divina, che con estremo rigore evit\u00f2 fino all\u2019ultimo di affidare funzioni politiche al suo erede.<\/p>\n<p>Per via delle sue idee del tutto diverse \u2013 troppo moderne per l\u2019epoca \u2013 sulla politica, la religione e il futuro dello Stato, che pubblicava anonimamente, Rodolfo si allontan\u00f2 sempre pi\u00f9 dalla Corte viennese, chiusa ad ogni innovazione. Incompreso anche dalla moglie, la principessa Stefania del Belgio, si rifugi\u00f2 in innumerevoli avventure amorose, venne a trovarsi sempre pi\u00f9 in contrasto con l\u2019imperiale padre e divenne preda dell\u2019alcol e della morfina. Sigrid-Maria Gr\u00f6\u00dfing analizza la sfaccettata personalit\u00e0 dell\u2019erede al trono, descrive il decadimento fisico e psichico del pi\u00f9 che capace principe ereditario e ne segue il drammatico sviluppo fino alla tragedia di Mayerling.<\/p>\n","protected":false},"excerpt":{"rendered":"<p>Che uomo era Rodolfo, l\u2019unico figlio maschio dell\u2019imperatore ed erede del grande impero multietnico? L\u2019intelligente, sensibile ed eccentrico principe ereditario avrebbe preferito di gran lunga dedicarsi alle scienze, in particolare all\u2019ornitologia, un proposito tuttavia inaccettabile per l\u2019imperatore. Rodolfo era di orientamento liberale, si considerava un membro del popolo e con le sue critiche al sistema &hellip;<\/p>\n<p class=\"read-more\"> <a class=\"\" href=\"https:\/\/mgspress.com\/shop\/prodotto\/rodolfo-dasburgo\/\"> <span class=\"screen-reader-text\">Rodolfo d&#8217;Asburgo<\/span> Leggi altro &raquo;<\/a><\/p>\n","protected":false},"featured_media":427,"template":"","meta":{"site-sidebar-layout":"default","site-content-layout":"default","ast-global-header-display":"","ast-main-header-display":"","ast-hfb-above-header-display":"","ast-hfb-below-header-display":"","ast-hfb-mobile-header-display":"","site-post-title":"","ast-breadcrumbs-content":"","ast-featured-img":"","footer-sml-layout":"","theme-transparent-header-meta":"default","adv-header-id-meta":"","stick-header-meta":"","header-above-stick-meta":"","header-main-stick-meta":"","header-below-stick-meta":""},"product_brand":[],"product_cat":[24],"product_tag":[],"class_list":{"0":"post-73","1":"product","2":"type-product","3":"status-publish","4":"has-post-thumbnail","6":"product_cat-asburgo","7":"desktop-align-left","8":"tablet-align-left","9":"mobile-align-left","11":"first","12":"outofstock","13":"purchasable","14":"product-type-simple"},"_links":{"self":[{"href":"https:\/\/mgspress.com\/shop\/wp-json\/wp\/v2\/product\/73","targetHints":{"allow":["GET"]}}],"collection":[{"href":"https:\/\/mgspress.com\/shop\/wp-json\/wp\/v2\/product"}],"about":[{"href":"https:\/\/mgspress.com\/shop\/wp-json\/wp\/v2\/types\/product"}],"wp:featuredmedia":[{"embeddable":true,"href":"https:\/\/mgspress.com\/shop\/wp-json\/wp\/v2\/media\/427"}],"wp:attachment":[{"href":"https:\/\/mgspress.com\/shop\/wp-json\/wp\/v2\/media?parent=73"}],"wp:term":[{"taxonomy":"product_brand","embeddable":true,"href":"https:\/\/mgspress.com\/shop\/wp-json\/wp\/v2\/product_brand?post=73"},{"taxonomy":"product_cat","embeddable":true,"href":"https:\/\/mgspress.com\/shop\/wp-json\/wp\/v2\/product_cat?post=73"},{"taxonomy":"product_tag","embeddable":true,"href":"https:\/\/mgspress.com\/shop\/wp-json\/wp\/v2\/product_tag?post=73"}],"curies":[{"name":"wp","href":"https:\/\/api.w.org\/{rel}","templated":true}]}}