{"id":71,"date":"2011-08-06T00:00:00","date_gmt":"2011-08-05T22:00:00","guid":{"rendered":"https:\/\/mgspress.com\/shop\/product\/limperattrice\/"},"modified":"2026-03-25T21:00:52","modified_gmt":"2026-03-25T20:00:52","slug":"limperattrice","status":"publish","type":"product","link":"https:\/\/mgspress.com\/shop\/prodotto\/limperattrice\/","title":{"rendered":"L\u2019Imperattrice"},"content":{"rendered":"<p>Che sia stata o no l\u2019amante di Francesco Giuseppe non \u00e8 cosa che interessi pi\u00f9 che tanto: Katharina Schratt \u00e8 stata per lui molto pi\u00f9 di un\u2019amante, perch\u00e9, quando l\u2019ha vicino, questo vecchio imperatore arido, agghiacciante, caparbio e cerbero riesce ad infondergli un palpito di vita d\u2019uomo che, se non ci fa dimenticare le sue colpe, ci induce a velarle di una piet\u00e0 che sfiora talvolta i limiti della comprensione. \u00c8 a questa piet\u00e0 che si ispir\u00f2 Elisabetta nel porre Katharina a fianco di Francesco Giuseppe? 0 l\u2019anim\u00f2 invece l\u2019ansia di fuggire per sempre il gelo del Palazzo imperiale? 0 vi fu indotta invece dal vendicativo impulso di affidare alla &#8220;borghese&#8221; Katharina Schratt il sabotaggio dei macchinosi congegni della Corte asburgica?<\/p>\n<p>\u00c8 molto probabile che siano intervenuti tutti e tre questi moventi; in ogni caso \u00e8 certo che Katharina Schratt appag\u00f2 tutte le aspirazioni dell\u2019imperatrice, che pot\u00e8 allora andare incontro al suo tragico destino, tormentata dal suo male misterioso e sospinta da desideri irrealizzabili. Katharina Schratt fu veramente la regina delle conversazioni viennesi. Non c\u2019era personaggio illustre, ospite di Vienna, che non fosse andato almeno una volta a visitare la Schratt nella sua celeberrima villa della Gloriettegasse 9, dove, ogni domenica, v\u2019era uno strano consiglio di letterati, artisti, uomini politici e principi. Per quanto l\u2019imperatore non abbia mai pensato di dare a Katharina Schratt nella sua Corte un rango pi\u00f9 elevato di quello di amica privata della sua solitaria esistenza, ella divenne alla Corte asburgica un\u2019eccezione senza precedenti o, per dirla col Primo Gran Cerimoniere di Corte, principe di Montenuovo, una vivente impossibilit\u00e0 a Sch\u00f6nbrunn.<\/p>\n","protected":false},"excerpt":{"rendered":"<p>Che sia stata o no l\u2019amante di Francesco Giuseppe non \u00e8 cosa che interessi pi\u00f9 che tanto: Katharina Schratt \u00e8 stata per lui molto pi\u00f9 di un\u2019amante, perch\u00e9, quando l\u2019ha vicino, questo vecchio imperatore arido, agghiacciante, caparbio e cerbero riesce ad infondergli un palpito di vita d\u2019uomo che, se non ci fa dimenticare le sue &hellip;<\/p>\n<p class=\"read-more\"> <a class=\"\" href=\"https:\/\/mgspress.com\/shop\/prodotto\/limperattrice\/\"> <span class=\"screen-reader-text\">L\u2019Imperattrice<\/span> Leggi altro &raquo;<\/a><\/p>\n","protected":false},"featured_media":340,"template":"","meta":{"site-sidebar-layout":"default","site-content-layout":"default","ast-global-header-display":"","ast-main-header-display":"","ast-hfb-above-header-display":"","ast-hfb-below-header-display":"","ast-hfb-mobile-header-display":"","site-post-title":"","ast-breadcrumbs-content":"","ast-featured-img":"","footer-sml-layout":"","theme-transparent-header-meta":"default","adv-header-id-meta":"","stick-header-meta":"","header-above-stick-meta":"","header-main-stick-meta":"","header-below-stick-meta":""},"product_brand":[],"product_cat":[24],"product_tag":[],"class_list":{"0":"post-71","1":"product","2":"type-product","3":"status-publish","4":"has-post-thumbnail","6":"product_cat-asburgo","7":"desktop-align-left","8":"tablet-align-left","9":"mobile-align-left","11":"first","12":"instock","13":"purchasable","14":"product-type-simple"},"_links":{"self":[{"href":"https:\/\/mgspress.com\/shop\/wp-json\/wp\/v2\/product\/71","targetHints":{"allow":["GET"]}}],"collection":[{"href":"https:\/\/mgspress.com\/shop\/wp-json\/wp\/v2\/product"}],"about":[{"href":"https:\/\/mgspress.com\/shop\/wp-json\/wp\/v2\/types\/product"}],"wp:featuredmedia":[{"embeddable":true,"href":"https:\/\/mgspress.com\/shop\/wp-json\/wp\/v2\/media\/340"}],"wp:attachment":[{"href":"https:\/\/mgspress.com\/shop\/wp-json\/wp\/v2\/media?parent=71"}],"wp:term":[{"taxonomy":"product_brand","embeddable":true,"href":"https:\/\/mgspress.com\/shop\/wp-json\/wp\/v2\/product_brand?post=71"},{"taxonomy":"product_cat","embeddable":true,"href":"https:\/\/mgspress.com\/shop\/wp-json\/wp\/v2\/product_cat?post=71"},{"taxonomy":"product_tag","embeddable":true,"href":"https:\/\/mgspress.com\/shop\/wp-json\/wp\/v2\/product_tag?post=71"}],"curies":[{"name":"wp","href":"https:\/\/api.w.org\/{rel}","templated":true}]}}