{"id":558,"date":"2023-03-28T17:50:46","date_gmt":"2023-03-28T15:50:46","guid":{"rendered":"https:\/\/mgspress.com\/shop\/?post_type=product&#038;p=558"},"modified":"2025-11-16T22:13:19","modified_gmt":"2025-11-16T21:13:19","slug":"maria-enrichetta","status":"publish","type":"product","link":"https:\/\/mgspress.com\/shop\/prodotto\/maria-enrichetta\/","title":{"rendered":"Maria Enrichetta"},"content":{"rendered":"<p>Maria Enrichetta d\u2019Asburgo-Lorena \u2013 figlia dell\u2019ultimo conte palatino d\u2019Ungheria, moglie di re Leopoldo II del Belgio, cognata della sfortunata Carlotta (moglie di Massimiliano, imperatore del Messico), nonch\u00e9 madre di Stefania (consorte di Rodolfo, erede al trono d\u2019Austria) \u2013 \u00e8 comparsa nei libri di storia solo marginalmente in quanto &#8220;moglie di&#8221; o &#8220;madre di&#8221;.<\/p>\n<p>Nata il 23 agosto 1836 a Buda, destinata a diventare imperatrice d\u2019Austria al fianco del cugino Francesco Giuseppe, sieder\u00e0, invece, sul trono del Belgio. Donna vigorosa e temeraria, d\u2019intelligenza vivace e brillante, conquist\u00f2 il suo popolo per la forza d\u2019animo grazie alla quale fronteggi\u00f2 le dure prove che il destino le impose. Costretta a sposare il duca di Brabante \u2013 un giovinetto che neppure conosceva \u2013 sar\u00e0 vittima della sua incontenibile e plateale infedelt\u00e0 e della sua brama di ricchezza, che lo porter\u00e0 a conquistare il Congo dove fece uccidere met\u00e0 della popolazione.<br \/>\nOltre a Stefania, \u201ccancellata\u201d dal padre perch\u00e9 voleva rifarsi una vita dopo la morte di Rodolfo, Maria Enrichetta ebbe altri tre figli: Luisa (ricordata per la vita indecorosa e spendacciona), Clementina e Leopoldo, unico erede maschio morto a soli 10 anni (la successione al trono alla morte di Leopoldo II pass\u00f2 a un altro ramo della famiglia).<\/p>\n<p>In questo libro \u2013 prima biografia italiana \u2013 l\u2019autrice accompagna il lettore nel mondo della regina fino al suo ritiro a vita privata sulle Ardenne belghe, nel luogo che aveva imparato ad amare e che era la sua \u201cUngheria in Belgio\u201d: il paese di Spa.<\/p>\n","protected":false},"excerpt":{"rendered":"<p>Maria Enrichetta d\u2019Asburgo-Lorena \u2013 figlia dell\u2019ultimo conte palatino d\u2019Ungheria, moglie di re Leopoldo II del Belgio, cognata della sfortunata Carlotta (moglie di Massimiliano, imperatore del Messico), nonch\u00e9 madre di Stefania (consorte di Rodolfo, erede al trono d\u2019Austria) \u2013 \u00e8 comparsa nei libri di storia solo marginalmente in quanto &#8220;moglie di&#8221; o &#8220;madre di&#8221;. Nata il &hellip;<\/p>\n<p class=\"read-more\"> <a class=\"\" href=\"https:\/\/mgspress.com\/shop\/prodotto\/maria-enrichetta\/\"> <span class=\"screen-reader-text\">Maria Enrichetta<\/span> Leggi altro &raquo;<\/a><\/p>\n","protected":false},"featured_media":562,"template":"","meta":{"site-sidebar-layout":"default","site-content-layout":"default","ast-global-header-display":"","ast-main-header-display":"","ast-hfb-above-header-display":"","ast-hfb-below-header-display":"","ast-hfb-mobile-header-display":"","site-post-title":"","ast-breadcrumbs-content":"","ast-featured-img":"","footer-sml-layout":"","theme-transparent-header-meta":"default","adv-header-id-meta":"","stick-header-meta":"","header-above-stick-meta":"","header-main-stick-meta":"","header-below-stick-meta":""},"product_brand":[],"product_cat":[24],"product_tag":[],"class_list":{"0":"post-558","1":"product","2":"type-product","3":"status-publish","4":"has-post-thumbnail","6":"product_cat-asburgo","7":"desktop-align-left","8":"tablet-align-left","9":"mobile-align-left","11":"first","12":"instock","13":"shipping-taxable","14":"purchasable","15":"product-type-simple"},"_links":{"self":[{"href":"https:\/\/mgspress.com\/shop\/wp-json\/wp\/v2\/product\/558","targetHints":{"allow":["GET"]}}],"collection":[{"href":"https:\/\/mgspress.com\/shop\/wp-json\/wp\/v2\/product"}],"about":[{"href":"https:\/\/mgspress.com\/shop\/wp-json\/wp\/v2\/types\/product"}],"wp:featuredmedia":[{"embeddable":true,"href":"https:\/\/mgspress.com\/shop\/wp-json\/wp\/v2\/media\/562"}],"wp:attachment":[{"href":"https:\/\/mgspress.com\/shop\/wp-json\/wp\/v2\/media?parent=558"}],"wp:term":[{"taxonomy":"product_brand","embeddable":true,"href":"https:\/\/mgspress.com\/shop\/wp-json\/wp\/v2\/product_brand?post=558"},{"taxonomy":"product_cat","embeddable":true,"href":"https:\/\/mgspress.com\/shop\/wp-json\/wp\/v2\/product_cat?post=558"},{"taxonomy":"product_tag","embeddable":true,"href":"https:\/\/mgspress.com\/shop\/wp-json\/wp\/v2\/product_tag?post=558"}],"curies":[{"name":"wp","href":"https:\/\/api.w.org\/{rel}","templated":true}]}}