{"id":220,"date":"2022-06-03T00:00:00","date_gmt":"2022-06-02T22:00:00","guid":{"rendered":"https:\/\/mgspress.com\/shop\/product\/trieste-occulta-storie-nere-ai-tempi-degli-asburgo\/"},"modified":"2025-08-21T21:14:17","modified_gmt":"2025-08-21T19:14:17","slug":"trieste-occulta-storie-nere-ai-tempi-degli-asburgo","status":"publish","type":"product","link":"https:\/\/mgspress.com\/shop\/prodotto\/trieste-occulta-storie-nere-ai-tempi-degli-asburgo\/","title":{"rendered":"Trieste occulta. Storie nere ai tempi degli Asburgo"},"content":{"rendered":"<p>Ogni citt\u00e0 ha i suoi fantasmi, le sue dame bianche o nere, i suoi capitani decapitati e le sue sale di tortura. \u201cTrieste occulta\u201d racconta di figure losche e spiriti senza pace, di leggende e storie popolari inquadrate nel preciso momento storico e nei luoghi fisici della citt\u00e0.<br \/>\nCase infestate da spiriti, e spiriti che vagano per le vie strette di Cittavecchia; case del diavolo e case dove invece gli spiriti vengono evocati; gente che perde la testa e gente che perde la vita se entra in contatto con i morti: sono molteplici le occasioni per incontrare un mondo nascosto, che non sembra appartenere a una citt\u00e0 vivace di traffici e attivit\u00e0 artistiche, eppure sta l\u00ec, proprio sotto la superficie, o pi\u00f9 in profondit\u00e0, in sotterranei ancor pi\u00f9 inquietanti quando vi si accede da una chiesa.<\/p>\n<p>Il volto oscuro di Trieste viene svelato anche attraverso personalit\u00e0 di rilievo, che siano Italo Svevo, Nella Doria Cambon o sir Richard F. Burton, tutti appassionati di spiritismo, o attraverso i libri di autori come Charles Nodier; completano queste storie inquietanti le puntuali descrizioni storico-architettoniche dei luoghi in cui tali vicende si svolgono, che siano i castelli del circondario o le chiese della citt\u00e0, ma anche gli approfondimenti su personaggi in comune con altre regioni della Mitteleuropa, come i vampiri che diventano vukodlak in Dalmazia.<\/p>\n<p>Un viaggio quindi nel lato oscuro di Trieste, che cambier\u00e0 per sempre il vostro sguardo su vicoli e palazzi, chiese e castelli di una citt\u00e0 dalle mille sfaccettature.<\/p>\n","protected":false},"excerpt":{"rendered":"<p>Ogni citt\u00e0 ha i suoi fantasmi, le sue dame bianche o nere, i suoi capitani decapitati e le sue sale di tortura. \u201cTrieste occulta\u201d racconta di figure losche e spiriti senza pace, di leggende e storie popolari inquadrate nel preciso momento storico e nei luoghi fisici della citt\u00e0. Case infestate da spiriti, e spiriti che &hellip;<\/p>\n<p class=\"read-more\"> <a class=\"\" href=\"https:\/\/mgspress.com\/shop\/prodotto\/trieste-occulta-storie-nere-ai-tempi-degli-asburgo\/\"> <span class=\"screen-reader-text\">Trieste occulta. Storie nere ai tempi degli Asburgo<\/span> Leggi altro &raquo;<\/a><\/p>\n","protected":false},"featured_media":293,"template":"","meta":{"site-sidebar-layout":"default","site-content-layout":"default","ast-global-header-display":"","ast-main-header-display":"","ast-hfb-above-header-display":"","ast-hfb-below-header-display":"","ast-hfb-mobile-header-display":"","site-post-title":"","ast-breadcrumbs-content":"","ast-featured-img":"","footer-sml-layout":"","theme-transparent-header-meta":"default","adv-header-id-meta":"","stick-header-meta":"","header-above-stick-meta":"","header-main-stick-meta":"","header-below-stick-meta":""},"product_brand":[],"product_cat":[24],"product_tag":[],"class_list":{"0":"post-220","1":"product","2":"type-product","3":"status-publish","4":"has-post-thumbnail","6":"product_cat-asburgo","7":"desktop-align-left","8":"tablet-align-left","9":"mobile-align-left","11":"first","12":"instock","13":"purchasable","14":"product-type-simple"},"_links":{"self":[{"href":"https:\/\/mgspress.com\/shop\/wp-json\/wp\/v2\/product\/220","targetHints":{"allow":["GET"]}}],"collection":[{"href":"https:\/\/mgspress.com\/shop\/wp-json\/wp\/v2\/product"}],"about":[{"href":"https:\/\/mgspress.com\/shop\/wp-json\/wp\/v2\/types\/product"}],"wp:featuredmedia":[{"embeddable":true,"href":"https:\/\/mgspress.com\/shop\/wp-json\/wp\/v2\/media\/293"}],"wp:attachment":[{"href":"https:\/\/mgspress.com\/shop\/wp-json\/wp\/v2\/media?parent=220"}],"wp:term":[{"taxonomy":"product_brand","embeddable":true,"href":"https:\/\/mgspress.com\/shop\/wp-json\/wp\/v2\/product_brand?post=220"},{"taxonomy":"product_cat","embeddable":true,"href":"https:\/\/mgspress.com\/shop\/wp-json\/wp\/v2\/product_cat?post=220"},{"taxonomy":"product_tag","embeddable":true,"href":"https:\/\/mgspress.com\/shop\/wp-json\/wp\/v2\/product_tag?post=220"}],"curies":[{"name":"wp","href":"https:\/\/api.w.org\/{rel}","templated":true}]}}