{"id":214,"date":"2021-06-02T00:00:00","date_gmt":"2021-06-01T22:00:00","guid":{"rendered":"https:\/\/mgspress.com\/shop\/product\/la-prediletta\/"},"modified":"2025-08-26T11:47:58","modified_gmt":"2025-08-26T09:47:58","slug":"la-prediletta","status":"publish","type":"product","link":"https:\/\/mgspress.com\/shop\/prodotto\/la-prediletta\/","title":{"rendered":"La prediletta"},"content":{"rendered":"<p>Il diario di Maria Valeria (1868-1924) \u00e8 una delle pi\u00f9 importanti fonti storiche sulla vita di sua madre, l\u2019imperatrice Elisabetta. Come scrive Flavia Foradini nell\u2019introduzione, \u201cle annotazioni dell\u2019arciduchessa sono ineguagliabili fonti di informazione su carattere, abitudini, gusti e idiosincrasie di Sissi e si propongono come una sorta di dettagliato ritratto del suo divenire donna, madre e sovrana\u201d.<br \/>\nGli originali fanno parte di un archivio privato a tutt\u2019oggi inaccessibile. Nell\u2019Archivio Bavarese di Stato a Monaco, nel lascito dell\u2019archivista e storico Richard Sexau, si trova tuttavia un estratto dall\u2019assai voluminoso manoscritto, in un\u2019affidabile copia dattiloscritta, che costituisce la base di questa edizione.<\/p>\n<p>Nel 1924 l\u2019arciduchessa ricordava di aver distrutto parte dei suoi diari. I testi oggi accessibili comprendono l\u2019arco di tempo che va dal 1878 al 1899. La presente edizione abbraccia anche il successivo periodo di lutto per la morte di Elisabetta \u2013 uccisa a Ginevra il 10 settembre 1898 dall\u2019anarchico Luigi Lucheni \u2013 e termina il 16 aprile 1899. In occasione dell\u2019incoronazione a Budapest, alla coppia imperiale era stato regalato il castello di G\u00f6d\u00f6ll\u00f6, che da allora venne utilizzato dalla famiglia come residenza estiva ungherese. I soggiorni in Ungheria portarono nel matrimonio di Sissi e Francesco Giuseppe \u2013 bench\u00e9 temporaneamente \u2013 una nuova armonia: il 22 aprile 1868 nacque a Budapest la terza figlia. Con il battesimo nel castello di Ofen la bimba ricevette il nome di Maria Valeria, in riferimento alla sua nascita in Ungheria, poich\u00e9 la zona orientale dell\u2019antica provincia romana della Pannonia portava il nome \u201cValeria\u201d. Come nessuno dei precedenti figli, questa \u201cbambina ungherese\u201d, \u201cl\u2019unica\u201d, come sarebbe stata presto chiamata, conquist\u00f2 il cuore della madre. Maria Valeria pot\u00e8 vivere vicino a Sissi, ma ne condivise anche l\u2019inquieta vita.<\/p>\n<p>Maria Valeria, quando aveva 29 anni, nel 1897 con oltre vent\u2019anni d\u2019anticipo, annunciava la prossima fine dell\u2019impero: \u201cVi sono fermenti ovunque nella povera, poliglotta Austria, e il verificarsi di una rottura pi\u00f9 grave e pi\u00f9 gravida di conseguenze \u00e8 certo solo una questione di tempo\u201d.<\/p>\n<p>I diari della prediletta in ultima analisi danno modo al lettore di conoscere l\u2019indole di Sissi che con la sua avvenenza e il suo eccentrico modo di vivere ha finito col diventare un mito.<\/p>\n","protected":false},"excerpt":{"rendered":"<p>Il diario di Maria Valeria (1868-1924) \u00e8 una delle pi\u00f9 importanti fonti storiche sulla vita di sua madre, l\u2019imperatrice Elisabetta. Come scrive Flavia Foradini nell\u2019introduzione, \u201cle annotazioni dell\u2019arciduchessa sono ineguagliabili fonti di informazione su carattere, abitudini, gusti e idiosincrasie di Sissi e si propongono come una sorta di dettagliato ritratto del suo divenire donna, madre &hellip;<\/p>\n<p class=\"read-more\"> <a class=\"\" href=\"https:\/\/mgspress.com\/shop\/prodotto\/la-prediletta\/\"> <span class=\"screen-reader-text\">La prediletta<\/span> Leggi altro &raquo;<\/a><\/p>\n","protected":false},"featured_media":328,"template":"","meta":{"site-sidebar-layout":"default","site-content-layout":"default","ast-global-header-display":"","ast-main-header-display":"","ast-hfb-above-header-display":"","ast-hfb-below-header-display":"","ast-hfb-mobile-header-display":"","site-post-title":"","ast-breadcrumbs-content":"","ast-featured-img":"","footer-sml-layout":"","theme-transparent-header-meta":"default","adv-header-id-meta":"","stick-header-meta":"","header-above-stick-meta":"","header-main-stick-meta":"","header-below-stick-meta":""},"product_brand":[],"product_cat":[24],"product_tag":[],"class_list":{"0":"post-214","1":"product","2":"type-product","3":"status-publish","4":"has-post-thumbnail","6":"product_cat-asburgo","7":"desktop-align-left","8":"tablet-align-left","9":"mobile-align-left","11":"first","12":"outofstock","13":"purchasable","14":"product-type-simple"},"_links":{"self":[{"href":"https:\/\/mgspress.com\/shop\/wp-json\/wp\/v2\/product\/214","targetHints":{"allow":["GET"]}}],"collection":[{"href":"https:\/\/mgspress.com\/shop\/wp-json\/wp\/v2\/product"}],"about":[{"href":"https:\/\/mgspress.com\/shop\/wp-json\/wp\/v2\/types\/product"}],"wp:featuredmedia":[{"embeddable":true,"href":"https:\/\/mgspress.com\/shop\/wp-json\/wp\/v2\/media\/328"}],"wp:attachment":[{"href":"https:\/\/mgspress.com\/shop\/wp-json\/wp\/v2\/media?parent=214"}],"wp:term":[{"taxonomy":"product_brand","embeddable":true,"href":"https:\/\/mgspress.com\/shop\/wp-json\/wp\/v2\/product_brand?post=214"},{"taxonomy":"product_cat","embeddable":true,"href":"https:\/\/mgspress.com\/shop\/wp-json\/wp\/v2\/product_cat?post=214"},{"taxonomy":"product_tag","embeddable":true,"href":"https:\/\/mgspress.com\/shop\/wp-json\/wp\/v2\/product_tag?post=214"}],"curies":[{"name":"wp","href":"https:\/\/api.w.org\/{rel}","templated":true}]}}