{"id":213,"date":"2021-06-02T00:00:00","date_gmt":"2021-06-01T22:00:00","guid":{"rendered":"https:\/\/mgspress.com\/shop\/product\/mayerling-il-memoriale\/"},"modified":"2026-01-15T05:45:18","modified_gmt":"2026-01-15T04:45:18","slug":"mayerling-il-memoriale","status":"publish","type":"product","link":"https:\/\/mgspress.com\/shop\/prodotto\/mayerling-il-memoriale\/","title":{"rendered":"Mayerling. Il memoriale"},"content":{"rendered":"<p>Libri, articoli, film e lavori teatrali si occupano ancora oggi, a distanza di oltre 130 anni, della fine misteriosa dell\u2019erede al trono d\u2019Austria-Ungheria Rodolfo d\u2019Asburgo-Lorena e della sua ultima amante Mary Vetsera, trovati morti nel castello di caccia di Mayerling all\u2019alba del 30 gennaio 1889.<br \/>\nPoco tempo dopo Elena Vetsera, madre di Mary, per difendersi da accuse infamanti, sospetti e malignit\u00e0 su di lei e sulla sua famiglia, scrive un memoriale di 92 pagine per raccontare la sua verit\u00e0 e anche per salvaguardare la reputazione della figlia e riabilitare se stessa.<\/p>\n<p>Una ragazza fortunata Mary, ricca, affascinante \u2013 un\u2019enfant tr\u00e8s s\u00e9rieuse et bien educable come scrivono le suore salesiane \u2013 destinata a una vita di privilegi; ma si innamora del figlio dell\u2019imperatore Francesco Giuseppe e dell\u2019imperatrice Elisabetta con l\u2019entusiasmo irrefrenabile di un\u2019adolescente, persa a tal punto da mentire anche alla madre pur di coronare quel suo sogno che si riveler\u00e0 infine un terribile incubo.<br \/>\nIl personaggio chiave della vicenda \u00e8 la contessa Maria Luisa Larisch-Wallersee che Elena mette sotto accusa. \u00c8 la nipote preferita di Sissi, ma suo padre l\u2019ha avuta da una borghese, l\u2019attrice Henriette Mendel, quindi Maria pu\u00f2 accedere alle stanze e ai segreti della famiglia imperiale, ma non pu\u00f2 farne parte e si presta cos\u00ec ai maneggi pi\u00f9 esecrabili che le costeranno la cacciata dalla Corte.<\/p>\n<p>Sia lei, sia Mary sono come le falene che volano troppo vicine alla luce; la fanciulla morir\u00e0, la contessa far\u00e0 una vita raminga da avventuriera. Le versioni su quanto accaduto a Mayerling si sono moltiplicate negli anni: avvelenamento, colpo apoplettico del principe, omicidio-suicidio, duplice omicidio politico, duplice omicidio per mano di un marito tradito\u2026 La fine di Rodolfo e Mary rimane ancora oggi sconosciuta e una frase di Francesco Giuseppe non fa che aumentarne il mistero: \u201cQualsiasi cosa \u00e8 meglio della verit\u00e0\u201d.<\/p>\n","protected":false},"excerpt":{"rendered":"<p>Libri, articoli, film e lavori teatrali si occupano ancora oggi, a distanza di oltre 130 anni, della fine misteriosa dell\u2019erede al trono d\u2019Austria-Ungheria Rodolfo d\u2019Asburgo-Lorena e della sua ultima amante Mary Vetsera, trovati morti nel castello di caccia di Mayerling all\u2019alba del 30 gennaio 1889. Poco tempo dopo Elena Vetsera, madre di Mary, per difendersi &hellip;<\/p>\n<p class=\"read-more\"> <a class=\"\" href=\"https:\/\/mgspress.com\/shop\/prodotto\/mayerling-il-memoriale\/\"> <span class=\"screen-reader-text\">Mayerling. Il memoriale<\/span> Leggi altro &raquo;<\/a><\/p>\n","protected":false},"featured_media":303,"template":"","meta":{"site-sidebar-layout":"default","site-content-layout":"default","ast-global-header-display":"","ast-main-header-display":"","ast-hfb-above-header-display":"","ast-hfb-below-header-display":"","ast-hfb-mobile-header-display":"","site-post-title":"","ast-breadcrumbs-content":"","ast-featured-img":"","footer-sml-layout":"","theme-transparent-header-meta":"default","adv-header-id-meta":"","stick-header-meta":"","header-above-stick-meta":"","header-main-stick-meta":"","header-below-stick-meta":""},"product_brand":[],"product_cat":[24],"product_tag":[],"class_list":{"0":"post-213","1":"product","2":"type-product","3":"status-publish","4":"has-post-thumbnail","6":"product_cat-asburgo","7":"desktop-align-left","8":"tablet-align-left","9":"mobile-align-left","11":"first","12":"instock","13":"purchasable","14":"product-type-simple"},"_links":{"self":[{"href":"https:\/\/mgspress.com\/shop\/wp-json\/wp\/v2\/product\/213","targetHints":{"allow":["GET"]}}],"collection":[{"href":"https:\/\/mgspress.com\/shop\/wp-json\/wp\/v2\/product"}],"about":[{"href":"https:\/\/mgspress.com\/shop\/wp-json\/wp\/v2\/types\/product"}],"wp:featuredmedia":[{"embeddable":true,"href":"https:\/\/mgspress.com\/shop\/wp-json\/wp\/v2\/media\/303"}],"wp:attachment":[{"href":"https:\/\/mgspress.com\/shop\/wp-json\/wp\/v2\/media?parent=213"}],"wp:term":[{"taxonomy":"product_brand","embeddable":true,"href":"https:\/\/mgspress.com\/shop\/wp-json\/wp\/v2\/product_brand?post=213"},{"taxonomy":"product_cat","embeddable":true,"href":"https:\/\/mgspress.com\/shop\/wp-json\/wp\/v2\/product_cat?post=213"},{"taxonomy":"product_tag","embeddable":true,"href":"https:\/\/mgspress.com\/shop\/wp-json\/wp\/v2\/product_tag?post=213"}],"curies":[{"name":"wp","href":"https:\/\/api.w.org\/{rel}","templated":true}]}}