{"id":212,"date":"2021-04-22T00:00:00","date_gmt":"2021-04-21T22:00:00","guid":{"rendered":"https:\/\/mgspress.com\/shop\/product\/lelio-luttazzi-e-la-settima-arte-musicista-attore-e-regista\/"},"modified":"2023-03-13T08:32:42","modified_gmt":"2023-03-13T07:32:42","slug":"lelio-luttazzi-e-la-settima-arte-musicista-attore-e-regista","status":"publish","type":"product","link":"https:\/\/mgspress.com\/shop\/prodotto\/lelio-luttazzi-e-la-settima-arte-musicista-attore-e-regista\/","title":{"rendered":"Lelio Luttazzi e la settima arte. Musicista, attore e regista"},"content":{"rendered":"<p>\u201cLo swing per quelli che lo capiscono \u00e8 una goduria, ma si tratta sempre di una minoranza, e sar\u00e0 sempre cos\u00ec. Ma non morir\u00e0 mai\u201d. Lelio Luttazzi ha vissuto immerso nella musica, soprattutto nel suo amato swing. Dopo l\u2019incontro fortuito con Ernesto Bonino, con Teddy Reno \u00e8 partito per Milano. Da l\u00ec in poi radio, teatro, cinema e televisione sono entrati a far parte del suo quotidiano, lasciando un segno nella storia culturale italiana del Novecento.<\/p>\n<p>Con \u201cStudio Uno\u201d e \u201cTeatro 10\u201d si \u00e8 fatto conoscere sul piccolo schermo per l\u2019eleganza e l\u2019ironia. Al cinema invece ha scritto vari commenti musicali per importanti film che ancora oggi ricordiamo come \u201cTot\u00f2, Peppino e la&#8230; malafemmina\u201d di Mastrocinque, \u201cSouvenir d\u2019Itali\u201d di Pietrangeli, \u201cVenezia, la luna e tu\u201d di Risi, \u201cRisate di gioia\u201d di Monicelli. Non solo musicista e compositore, ma anche attore ne \u201cL\u2019avventura\u201d di Antonioni, \u201cL\u2019ombrellone\u201d di Risi e altre pellicole. Questo libro vuole ricordare un grande artista che ha dato un importante contributo anche alla settima arte.<\/p>\n","protected":false},"excerpt":{"rendered":"<p>\u201cLo swing per quelli che lo capiscono \u00e8 una goduria, ma si tratta sempre di una minoranza, e sar\u00e0 sempre cos\u00ec. Ma non morir\u00e0 mai\u201d. Lelio Luttazzi ha vissuto immerso nella musica, soprattutto nel suo amato swing. Dopo l\u2019incontro fortuito con Ernesto Bonino, con Teddy Reno \u00e8 partito per Milano. Da l\u00ec in poi radio, &hellip;<\/p>\n<p class=\"read-more\"> <a class=\"\" href=\"https:\/\/mgspress.com\/shop\/prodotto\/lelio-luttazzi-e-la-settima-arte-musicista-attore-e-regista\/\"> <span class=\"screen-reader-text\">Lelio Luttazzi e la settima arte. Musicista, attore e regista<\/span> Leggi altro &raquo;<\/a><\/p>\n","protected":false},"featured_media":470,"template":"","meta":{"site-sidebar-layout":"default","site-content-layout":"default","ast-global-header-display":"","ast-main-header-display":"","ast-hfb-above-header-display":"","ast-hfb-below-header-display":"","ast-hfb-mobile-header-display":"","site-post-title":"","ast-breadcrumbs-content":"","ast-featured-img":"","footer-sml-layout":"","theme-transparent-header-meta":"default","adv-header-id-meta":"","stick-header-meta":"","header-above-stick-meta":"","header-main-stick-meta":"","header-below-stick-meta":""},"product_brand":[],"product_cat":[33],"product_tag":[],"class_list":{"0":"post-212","1":"product","2":"type-product","3":"status-publish","4":"has-post-thumbnail","6":"product_cat-narrativa","7":"desktop-align-left","8":"tablet-align-left","9":"mobile-align-left","11":"first","12":"instock","13":"purchasable","14":"product-type-simple"},"_links":{"self":[{"href":"https:\/\/mgspress.com\/shop\/wp-json\/wp\/v2\/product\/212","targetHints":{"allow":["GET"]}}],"collection":[{"href":"https:\/\/mgspress.com\/shop\/wp-json\/wp\/v2\/product"}],"about":[{"href":"https:\/\/mgspress.com\/shop\/wp-json\/wp\/v2\/types\/product"}],"wp:featuredmedia":[{"embeddable":true,"href":"https:\/\/mgspress.com\/shop\/wp-json\/wp\/v2\/media\/470"}],"wp:attachment":[{"href":"https:\/\/mgspress.com\/shop\/wp-json\/wp\/v2\/media?parent=212"}],"wp:term":[{"taxonomy":"product_brand","embeddable":true,"href":"https:\/\/mgspress.com\/shop\/wp-json\/wp\/v2\/product_brand?post=212"},{"taxonomy":"product_cat","embeddable":true,"href":"https:\/\/mgspress.com\/shop\/wp-json\/wp\/v2\/product_cat?post=212"},{"taxonomy":"product_tag","embeddable":true,"href":"https:\/\/mgspress.com\/shop\/wp-json\/wp\/v2\/product_tag?post=212"}],"curies":[{"name":"wp","href":"https:\/\/api.w.org\/{rel}","templated":true}]}}