{"id":210,"date":"2020-12-12T00:00:00","date_gmt":"2020-12-11T23:00:00","guid":{"rendered":"https:\/\/mgspress.com\/shop\/product\/casaderabaz\/"},"modified":"2025-11-25T11:22:39","modified_gmt":"2025-11-25T10:22:39","slug":"casaderabaz","status":"publish","type":"product","link":"https:\/\/mgspress.com\/shop\/prodotto\/casaderabaz\/","title":{"rendered":"CasadeRabaz"},"content":{"rendered":"<p>1945, finisce la seconda guerra mondiale. L\u2019Istria \u2013 prima parte dell\u2019Impero Austro-ungarico, poi dell\u2019Italia \u2013 diventa Jugoslavia. E circa 250.000 italiani lasciano la terra dove erano nati e vissuti. In questo libro si raccontano i tragici effetti dell\u2019esodo in una famiglia che abitava da sempre a casadeRabaz e che \u00e8 stata costretta a reinventarsi, a creare nuove radici in luoghi prima sconosciuti.<\/p>\n<p>CasadeRabaz \u2013 la casa dei nonni sul mare in Istria \u2013 \u00e8 stata sempre pronunciata come fosse un\u2019unica parola. Negli anni si \u00e8 smaterializzata e nella memoria collettiva \u00e8 diventata la testimonianza di come la famiglia si \u00e8 spezzata e di come si \u00e8 ricomposta, di come ognuno ha trovato una nuova strada e infine di come \u00e8 \u201crinata\u201d a Sirolo, un paese delle Marche sull\u2019altra sponda dell\u2019Adriatico.<\/p>\n<p>I nonni e poi gli eredi ne restano i proprietari. Tutti vorrebbero ritornare almeno in vacanza e ci provano. Decenni di azioni legali, ma senza risultato. Dopo sessant\u2019anni la soluzione: un pranzo, un accordo, una stretta di mano e la casa passa ad altri.<br \/>\nOra chi vuole pu\u00f2 leggere la storia della casadeRabaz \u2013 una delle tante dell\u2019esodo degli istriani dopo la guerra \u2013 raccontata da un nipote dei nonni per altri nipoti.<\/p>\n","protected":false},"excerpt":{"rendered":"<p>1945, finisce la seconda guerra mondiale. L\u2019Istria \u2013 prima parte dell\u2019Impero Austro-ungarico, poi dell\u2019Italia \u2013 diventa Jugoslavia. E circa 250.000 italiani lasciano la terra dove erano nati e vissuti. In questo libro si raccontano i tragici effetti dell\u2019esodo in una famiglia che abitava da sempre a casadeRabaz e che \u00e8 stata costretta a reinventarsi, a &hellip;<\/p>\n<p class=\"read-more\"> <a class=\"\" href=\"https:\/\/mgspress.com\/shop\/prodotto\/casaderabaz\/\"> <span class=\"screen-reader-text\">CasadeRabaz<\/span> Leggi altro &raquo;<\/a><\/p>\n","protected":false},"featured_media":432,"template":"","meta":{"site-sidebar-layout":"default","site-content-layout":"default","ast-global-header-display":"","ast-main-header-display":"","ast-hfb-above-header-display":"","ast-hfb-below-header-display":"","ast-hfb-mobile-header-display":"","site-post-title":"","ast-breadcrumbs-content":"","ast-featured-img":"","footer-sml-layout":"","theme-transparent-header-meta":"default","adv-header-id-meta":"","stick-header-meta":"","header-above-stick-meta":"","header-main-stick-meta":"","header-below-stick-meta":""},"product_brand":[],"product_cat":[33],"product_tag":[],"class_list":{"0":"post-210","1":"product","2":"type-product","3":"status-publish","4":"has-post-thumbnail","6":"product_cat-narrativa","7":"desktop-align-left","8":"tablet-align-left","9":"mobile-align-left","11":"first","12":"outofstock","13":"purchasable","14":"product-type-simple"},"_links":{"self":[{"href":"https:\/\/mgspress.com\/shop\/wp-json\/wp\/v2\/product\/210","targetHints":{"allow":["GET"]}}],"collection":[{"href":"https:\/\/mgspress.com\/shop\/wp-json\/wp\/v2\/product"}],"about":[{"href":"https:\/\/mgspress.com\/shop\/wp-json\/wp\/v2\/types\/product"}],"wp:featuredmedia":[{"embeddable":true,"href":"https:\/\/mgspress.com\/shop\/wp-json\/wp\/v2\/media\/432"}],"wp:attachment":[{"href":"https:\/\/mgspress.com\/shop\/wp-json\/wp\/v2\/media?parent=210"}],"wp:term":[{"taxonomy":"product_brand","embeddable":true,"href":"https:\/\/mgspress.com\/shop\/wp-json\/wp\/v2\/product_brand?post=210"},{"taxonomy":"product_cat","embeddable":true,"href":"https:\/\/mgspress.com\/shop\/wp-json\/wp\/v2\/product_cat?post=210"},{"taxonomy":"product_tag","embeddable":true,"href":"https:\/\/mgspress.com\/shop\/wp-json\/wp\/v2\/product_tag?post=210"}],"curies":[{"name":"wp","href":"https:\/\/api.w.org\/{rel}","templated":true}]}}