{"id":209,"date":"2020-11-20T00:00:00","date_gmt":"2020-11-19T23:00:00","guid":{"rendered":"https:\/\/mgspress.com\/shop\/product\/jane-austen-cuguluf\/"},"modified":"2025-10-16T09:04:48","modified_gmt":"2025-10-16T07:04:48","slug":"jane-austen-cuguluf","status":"publish","type":"product","link":"https:\/\/mgspress.com\/shop\/prodotto\/jane-austen-cuguluf\/","title":{"rendered":"Jane Austen Cuguluf"},"content":{"rendered":"<p>La Baronessa Sufiarefolo, celebre rampolla di una famiglia della comunit\u00e0 greca, vive nel suo magnifico palazzo sulle Rive con la sorella Ponziana, la sgraziata figliola Morena e il figlio Gian Tandul. A causa delle disperate condizioni economiche in cui versa, la Baronessa decide di affittare parte della sua magione ai turisti e grande \u00e8 la sorpresa quando si trova davanti Jane Austen, la celebre scrittrice arrivata Trieste per ravvivare la sua fortuna letteraria.<\/p>\n<p>Caduta in disgrazia in patria, a causa dei bestseller delle sorelle Bront\u00eb, la Austen \u00e8 decisa a rinverdire la sua fama non pi\u00f9 nella lingua inglese ma nell\u2019altrettanto nobile dialetto della Venezia Giulia. Complice dell\u2019impresa il perfido isontino Carlo Giovanella, un editore privo di scupoli, deciso a spremere come un limone la pi\u00f9 importane penna del XVIII secolo.<\/p>\n<p>Tra trabocchetti e inganni, svenimenti e rivelazioni, debiti e ricchezze, ecco svolgersi un\u2019altra diabolica matassa di quell\u2019Arianna impertinente che \u00e8 Alessandro Fullin.<\/p>\n","protected":false},"excerpt":{"rendered":"<p>La Baronessa Sufiarefolo, celebre rampolla di una famiglia della comunit\u00e0 greca, vive nel suo magnifico palazzo sulle Rive con la sorella Ponziana, la sgraziata figliola Morena e il figlio Gian Tandul. A causa delle disperate condizioni economiche in cui versa, la Baronessa decide di affittare parte della sua magione ai turisti e grande \u00e8 la &hellip;<\/p>\n<p class=\"read-more\"> <a class=\"\" href=\"https:\/\/mgspress.com\/shop\/prodotto\/jane-austen-cuguluf\/\"> <span class=\"screen-reader-text\">Jane Austen Cuguluf<\/span> Leggi altro &raquo;<\/a><\/p>\n","protected":false},"featured_media":323,"template":"","meta":{"site-sidebar-layout":"default","site-content-layout":"default","ast-global-header-display":"","ast-main-header-display":"","ast-hfb-above-header-display":"","ast-hfb-below-header-display":"","ast-hfb-mobile-header-display":"","site-post-title":"","ast-breadcrumbs-content":"","ast-featured-img":"","footer-sml-layout":"","theme-transparent-header-meta":"default","adv-header-id-meta":"","stick-header-meta":"","header-above-stick-meta":"","header-main-stick-meta":"","header-below-stick-meta":""},"product_brand":[],"product_cat":[27],"product_tag":[],"class_list":{"0":"post-209","1":"product","2":"type-product","3":"status-publish","4":"has-post-thumbnail","6":"product_cat-dialetto-triestino","7":"desktop-align-left","8":"tablet-align-left","9":"mobile-align-left","11":"first","12":"outofstock","13":"purchasable","14":"product-type-simple"},"_links":{"self":[{"href":"https:\/\/mgspress.com\/shop\/wp-json\/wp\/v2\/product\/209","targetHints":{"allow":["GET"]}}],"collection":[{"href":"https:\/\/mgspress.com\/shop\/wp-json\/wp\/v2\/product"}],"about":[{"href":"https:\/\/mgspress.com\/shop\/wp-json\/wp\/v2\/types\/product"}],"wp:featuredmedia":[{"embeddable":true,"href":"https:\/\/mgspress.com\/shop\/wp-json\/wp\/v2\/media\/323"}],"wp:attachment":[{"href":"https:\/\/mgspress.com\/shop\/wp-json\/wp\/v2\/media?parent=209"}],"wp:term":[{"taxonomy":"product_brand","embeddable":true,"href":"https:\/\/mgspress.com\/shop\/wp-json\/wp\/v2\/product_brand?post=209"},{"taxonomy":"product_cat","embeddable":true,"href":"https:\/\/mgspress.com\/shop\/wp-json\/wp\/v2\/product_cat?post=209"},{"taxonomy":"product_tag","embeddable":true,"href":"https:\/\/mgspress.com\/shop\/wp-json\/wp\/v2\/product_tag?post=209"}],"curies":[{"name":"wp","href":"https:\/\/api.w.org\/{rel}","templated":true}]}}