{"id":204,"date":"2019-10-17T00:00:00","date_gmt":"2019-10-16T22:00:00","guid":{"rendered":"https:\/\/mgspress.com\/shop\/product\/ritratto-di-lili-trieste-1916\/"},"modified":"2023-03-13T08:36:10","modified_gmt":"2023-03-13T07:36:10","slug":"ritratto-di-lili-trieste-1916","status":"publish","type":"product","link":"https:\/\/mgspress.com\/shop\/prodotto\/ritratto-di-lili-trieste-1916\/","title":{"rendered":"Ritratto di Lili. Trieste, 1916"},"content":{"rendered":"<p>Doberd\u00f2, San Martino del Carso, il Monte San Michele: nel 1916 la Grande Guerra infuria nelle trincee sul fronte dell\u2019Isonzo, sconvolgendo la vita di migliaia di soldati. Fra questi c\u2019\u00e8 il sottotenente Andr\u00e1s Nagy, un giovane pittore di Budapest richiamato nell\u2019esercito austro-ungarico, che subisce l\u2019amputazione della mano destra e sembra condannato a dover rinunciare all\u2019arte per sempre.<\/p>\n<p>Ricoverato all\u2019Ospedale civico di Trieste, Andr\u00e1s trascorre la convalescenza in preda alla rabbia per la sua nuova condizione, finch\u00e9 un incontro inaspettato sembra cambiare il suo destino: durante una passeggiata nel Giardino pubblico, il giovane vede l\u2019affascinante Elisabetta \u2013 detta Lili \u2013 seduta su una panchina mentre legge a voce alta \u201cAnna Karenina\u201d a una signora. Andr\u00e1s adora Tolstoj e chiede se pu\u00f2 restare ad ascoltare. Lili si fida di quel soldato che le ricorda i cugini impegnati sul fronte russo e qualche giorno dopo lo zio della ragazza lo invita a casa. La vivace famiglia di Lili, in parte austriaca e in parte istriana di Pirano, aiuter\u00e0 quel sottoufficiale ungherese che si trova solo e ferito in una citt\u00e0 sconosciuta e, pian piano, il talento del giovane artista si risveglia&#8230;<\/p>\n<p>Quasi vent\u2019anni dopo, una strana lettera della direzione del Civico Museo Revoltella richiamer\u00e0 a Trieste il pittore ungherese ormai affermato. Cosa vorranno? Andr\u00e1s \u00e8 curioso, sale sul treno e durante il viaggio ritorna con la mente a quegli anni \u201cterribili e meravigliosi\u201d della sua giovinezza.<\/p>\n","protected":false},"excerpt":{"rendered":"<p>Doberd\u00f2, San Martino del Carso, il Monte San Michele: nel 1916 la Grande Guerra infuria nelle trincee sul fronte dell\u2019Isonzo, sconvolgendo la vita di migliaia di soldati. Fra questi c\u2019\u00e8 il sottotenente Andr\u00e1s Nagy, un giovane pittore di Budapest richiamato nell\u2019esercito austro-ungarico, che subisce l\u2019amputazione della mano destra e sembra condannato a dover rinunciare all\u2019arte &hellip;<\/p>\n<p class=\"read-more\"> <a class=\"\" href=\"https:\/\/mgspress.com\/shop\/prodotto\/ritratto-di-lili-trieste-1916\/\"> <span class=\"screen-reader-text\">Ritratto di Lili. Trieste, 1916<\/span> Leggi altro &raquo;<\/a><\/p>\n","protected":false},"featured_media":301,"template":"","meta":{"site-sidebar-layout":"default","site-content-layout":"default","ast-global-header-display":"","ast-main-header-display":"","ast-hfb-above-header-display":"","ast-hfb-below-header-display":"","ast-hfb-mobile-header-display":"","site-post-title":"","ast-breadcrumbs-content":"","ast-featured-img":"","footer-sml-layout":"","theme-transparent-header-meta":"default","adv-header-id-meta":"","stick-header-meta":"","header-above-stick-meta":"","header-main-stick-meta":"","header-below-stick-meta":""},"product_brand":[],"product_cat":[33],"product_tag":[],"class_list":{"0":"post-204","1":"product","2":"type-product","3":"status-publish","4":"has-post-thumbnail","6":"product_cat-narrativa","7":"desktop-align-left","8":"tablet-align-left","9":"mobile-align-left","11":"first","12":"instock","13":"purchasable","14":"product-type-simple"},"_links":{"self":[{"href":"https:\/\/mgspress.com\/shop\/wp-json\/wp\/v2\/product\/204","targetHints":{"allow":["GET"]}}],"collection":[{"href":"https:\/\/mgspress.com\/shop\/wp-json\/wp\/v2\/product"}],"about":[{"href":"https:\/\/mgspress.com\/shop\/wp-json\/wp\/v2\/types\/product"}],"wp:featuredmedia":[{"embeddable":true,"href":"https:\/\/mgspress.com\/shop\/wp-json\/wp\/v2\/media\/301"}],"wp:attachment":[{"href":"https:\/\/mgspress.com\/shop\/wp-json\/wp\/v2\/media?parent=204"}],"wp:term":[{"taxonomy":"product_brand","embeddable":true,"href":"https:\/\/mgspress.com\/shop\/wp-json\/wp\/v2\/product_brand?post=204"},{"taxonomy":"product_cat","embeddable":true,"href":"https:\/\/mgspress.com\/shop\/wp-json\/wp\/v2\/product_cat?post=204"},{"taxonomy":"product_tag","embeddable":true,"href":"https:\/\/mgspress.com\/shop\/wp-json\/wp\/v2\/product_tag?post=204"}],"curies":[{"name":"wp","href":"https:\/\/api.w.org\/{rel}","templated":true}]}}