{"id":202,"date":"2019-10-17T00:00:00","date_gmt":"2019-10-16T22:00:00","guid":{"rendered":"https:\/\/mgspress.com\/shop\/product\/il-natale-di-sissi\/"},"modified":"2023-09-10T13:14:53","modified_gmt":"2023-09-10T11:14:53","slug":"il-natale-di-sissi","status":"publish","type":"product","link":"https:\/\/mgspress.com\/shop\/prodotto\/il-natale-di-sissi\/","title":{"rendered":"Il Natale di Sissi"},"content":{"rendered":"<p>Nata la sera del 24 dicembre del 1837, Elisabetta per molti anni festeggi\u00f2 il suo compleanno e il Natale con gran trasporto, soprattutto da giovane duchessa bavarese nella casa paterna a Monaco di Baviera o sulle rive del lago di Starnberg, circondata dall\u2019affetto dei genitori e dei fratelli. Un tripudio di alberi di Natale, uno per ogni componente della famiglia, trovava sempre posto all\u2019interno delle sontuose stanze; veri e propri boschi d\u2019abeti scintillanti, riccamente decorati e illuminati dalla calda luce di mille candele. Ai piedi di ogni albero c\u2019era sempre un piccolo presepe mentre tutt\u2019attorno, su tavole imbandite, venivano appoggiati regali d\u2019ogni genere che incantavano la vista dei giovani ed eccentrici Wittelsbach, ignari del loro avvenire pi\u00f9 o meno tragico.<\/p>\n<p>La letizia di questi momenti accompagn\u00f2 Sissi per lungo tempo, anche quando divenne imperatrice d\u2019Austria, in una Corte rigida che lei considerava una \u201cgabbia dorata\u201d. Anche qui, nonostante i malesseri che l\u2019affliggevano, festeggi\u00f2 sempre con gioia il Natale, come pure nell\u2019amata residenza ungherese di G\u00f6d\u00f6ll\u00f6 una volta divenuta regina d\u2019Ungheria. La leggendaria e temuta suocera, l\u2019arciduchessa Sofia, dir\u00e0 infatti di lei che il Natale era \u201cuno dei suoi grandi momenti, poich\u00e9 dona molto volentieri e generosamente, sistemando tutto con molto gusto\u201d, cercando di trovare doni che rispondessero ai desideri del marito, dei figli e anche delle tante persone del suo seguito.<\/p>\n<p>Dopo la tragica e misteriosa morte di Rodolfo Elisabetta non festeggi\u00f2 pi\u00f9 n\u00e9 compleanno n\u00e9 Natale.&amp;nbsp;Si scopra dunque, pagina dopo pagina, come l\u2019imperatrice d\u2019Austria viveva questa ricorrenza: un mosaico di usanze dai Wittelsbach agli Asburgo, con una panoramica interessante sulle abitudini della famiglia imperiale nella vecchia Mitteleuropa, nostalgico viaggio in un\u2019epoca in cui il Natale non era ancora la festa consumistica dei nostri tempi.<\/p>\n","protected":false},"excerpt":{"rendered":"<p>Nata la sera del 24 dicembre del 1837, Elisabetta per molti anni festeggi\u00f2 il suo compleanno e il Natale con gran trasporto, soprattutto da giovane duchessa bavarese nella casa paterna a Monaco di Baviera o sulle rive del lago di Starnberg, circondata dall\u2019affetto dei genitori e dei fratelli. Un tripudio di alberi di Natale, uno &hellip;<\/p>\n<p class=\"read-more\"> <a class=\"\" href=\"https:\/\/mgspress.com\/shop\/prodotto\/il-natale-di-sissi\/\"> <span class=\"screen-reader-text\">Il Natale di Sissi<\/span> Leggi altro &raquo;<\/a><\/p>\n","protected":false},"featured_media":305,"template":"","meta":{"site-sidebar-layout":"default","site-content-layout":"default","ast-global-header-display":"","ast-main-header-display":"","ast-hfb-above-header-display":"","ast-hfb-below-header-display":"","ast-hfb-mobile-header-display":"","site-post-title":"","ast-breadcrumbs-content":"","ast-featured-img":"","footer-sml-layout":"","theme-transparent-header-meta":"default","adv-header-id-meta":"","stick-header-meta":"","header-above-stick-meta":"","header-main-stick-meta":"","header-below-stick-meta":""},"product_brand":[],"product_cat":[24],"product_tag":[],"class_list":{"0":"post-202","1":"product","2":"type-product","3":"status-publish","4":"has-post-thumbnail","6":"product_cat-asburgo","7":"desktop-align-left","8":"tablet-align-left","9":"mobile-align-left","11":"first","12":"outofstock","13":"purchasable","14":"product-type-simple"},"_links":{"self":[{"href":"https:\/\/mgspress.com\/shop\/wp-json\/wp\/v2\/product\/202","targetHints":{"allow":["GET"]}}],"collection":[{"href":"https:\/\/mgspress.com\/shop\/wp-json\/wp\/v2\/product"}],"about":[{"href":"https:\/\/mgspress.com\/shop\/wp-json\/wp\/v2\/types\/product"}],"wp:featuredmedia":[{"embeddable":true,"href":"https:\/\/mgspress.com\/shop\/wp-json\/wp\/v2\/media\/305"}],"wp:attachment":[{"href":"https:\/\/mgspress.com\/shop\/wp-json\/wp\/v2\/media?parent=202"}],"wp:term":[{"taxonomy":"product_brand","embeddable":true,"href":"https:\/\/mgspress.com\/shop\/wp-json\/wp\/v2\/product_brand?post=202"},{"taxonomy":"product_cat","embeddable":true,"href":"https:\/\/mgspress.com\/shop\/wp-json\/wp\/v2\/product_cat?post=202"},{"taxonomy":"product_tag","embeddable":true,"href":"https:\/\/mgspress.com\/shop\/wp-json\/wp\/v2\/product_tag?post=202"}],"curies":[{"name":"wp","href":"https:\/\/api.w.org\/{rel}","templated":true}]}}