{"id":199,"date":"2019-03-28T00:00:00","date_gmt":"2019-03-27T23:00:00","guid":{"rendered":"https:\/\/mgspress.com\/shop\/product\/tergeste-anno-domini-1388\/"},"modified":"2026-01-27T16:14:17","modified_gmt":"2026-01-27T15:14:17","slug":"tergeste-anno-domini-1388","status":"publish","type":"product","link":"https:\/\/mgspress.com\/shop\/prodotto\/tergeste-anno-domini-1388\/","title":{"rendered":"Tergeste Anno Domini 1388"},"content":{"rendered":"<p>Tergeste, settembre, Anno Domini 1388. Finalmente liberata dalla pressante minaccia veneziana grazie al recente Atto di Dedizione all\u2019Austria del 1382, la citt\u00e0 riafferma la sua orgogliosa vocazione di Comune autonomo. Questa sofferta conquista di libert\u00e0 amministrativa non riuscir\u00e0 ad impedire interne e violente lotte di potere tra Chiesa, Vicedomini cittadini e nobilt\u00e0 locale, tutti decisi a mantenere nelle loro rispettive mani il governo della citt\u00e0 di san Giusto.<\/p>\n<p>In questa complessa cornice una semplice morte per avvelenamento diventa una fatale occasione di scontro tra poteri forti, al punto da dare origine alla prima autopsia di carattere giuridico di cui si ha traccia in questi luoghi. Ma un uomo carismatico e misterioso venuto da lontano scoprir\u00e0 che dietro a questa morte c\u2019e molto, molto di pi\u00f9. Scivolando con destrezza tra giudici e capitani, sicari e pescatori, si muover\u00e0 in una Tergeste medievale frequentando case di nobili e bordelli, feste di piazza e taverne, trovando fedeli alleati e implacabili nemici che gli permetteranno di portare a termine la sua delicatissima missione. Schivando ma anche affrontando tutti i pericoli della dura vita che animava Trieste nel Trecento, combatter\u00e0 senza risparmio per permettere alla Giustizia e alla Libert\u00e0 di vincere sulla malvagit\u00e0 insita in ogni uomo che brama il potere solo per il proprio tornaconto, riaffermando il principio che ogni uomo \u00e8 colpevole solo per il Bene che non ha fatto.<\/p>\n","protected":false},"excerpt":{"rendered":"<p>Tergeste, settembre, Anno Domini 1388. Finalmente liberata dalla pressante minaccia veneziana grazie al recente Atto di Dedizione all\u2019Austria del 1382, la citt\u00e0 riafferma la sua orgogliosa vocazione di Comune autonomo. Questa sofferta conquista di libert\u00e0 amministrativa non riuscir\u00e0 ad impedire interne e violente lotte di potere tra Chiesa, Vicedomini cittadini e nobilt\u00e0 locale, tutti decisi &hellip;<\/p>\n<p class=\"read-more\"> <a class=\"\" href=\"https:\/\/mgspress.com\/shop\/prodotto\/tergeste-anno-domini-1388\/\"> <span class=\"screen-reader-text\">Tergeste Anno Domini 1388<\/span> Leggi altro &raquo;<\/a><\/p>\n","protected":false},"featured_media":331,"template":"","meta":{"site-sidebar-layout":"default","site-content-layout":"default","ast-global-header-display":"","ast-main-header-display":"","ast-hfb-above-header-display":"","ast-hfb-below-header-display":"","ast-hfb-mobile-header-display":"","site-post-title":"","ast-breadcrumbs-content":"","ast-featured-img":"","footer-sml-layout":"","theme-transparent-header-meta":"default","adv-header-id-meta":"","stick-header-meta":"","header-above-stick-meta":"","header-main-stick-meta":"","header-below-stick-meta":""},"product_brand":[],"product_cat":[33],"product_tag":[],"class_list":{"0":"post-199","1":"product","2":"type-product","3":"status-publish","4":"has-post-thumbnail","6":"product_cat-narrativa","7":"desktop-align-left","8":"tablet-align-left","9":"mobile-align-left","11":"first","12":"instock","13":"purchasable","14":"product-type-simple"},"_links":{"self":[{"href":"https:\/\/mgspress.com\/shop\/wp-json\/wp\/v2\/product\/199","targetHints":{"allow":["GET"]}}],"collection":[{"href":"https:\/\/mgspress.com\/shop\/wp-json\/wp\/v2\/product"}],"about":[{"href":"https:\/\/mgspress.com\/shop\/wp-json\/wp\/v2\/types\/product"}],"wp:featuredmedia":[{"embeddable":true,"href":"https:\/\/mgspress.com\/shop\/wp-json\/wp\/v2\/media\/331"}],"wp:attachment":[{"href":"https:\/\/mgspress.com\/shop\/wp-json\/wp\/v2\/media?parent=199"}],"wp:term":[{"taxonomy":"product_brand","embeddable":true,"href":"https:\/\/mgspress.com\/shop\/wp-json\/wp\/v2\/product_brand?post=199"},{"taxonomy":"product_cat","embeddable":true,"href":"https:\/\/mgspress.com\/shop\/wp-json\/wp\/v2\/product_cat?post=199"},{"taxonomy":"product_tag","embeddable":true,"href":"https:\/\/mgspress.com\/shop\/wp-json\/wp\/v2\/product_tag?post=199"}],"curies":[{"name":"wp","href":"https:\/\/api.w.org\/{rel}","templated":true}]}}