{"id":196,"date":"2018-10-16T00:00:00","date_gmt":"2018-10-15T22:00:00","guid":{"rendered":"https:\/\/mgspress.com\/shop\/product\/processo-alla-barbarie-per-non-dimenticare\/"},"modified":"2023-08-09T15:13:24","modified_gmt":"2023-08-09T13:13:24","slug":"processo-alla-barbarie-per-non-dimenticare","status":"publish","type":"product","link":"https:\/\/mgspress.com\/shop\/prodotto\/processo-alla-barbarie-per-non-dimenticare\/","title":{"rendered":"Processo alla barbarie per non dimenticare"},"content":{"rendered":"<p>L&#8217;iniziativa di Alberto Kostoris, figlio di Sergio, va considerata ben aldil\u00e0 di un pur comprensibile atto di amore di un figlio verso il proprio padre.<br \/>\nKostoris vuole lasciare una traccia indelebile nelle coscienze delle persone interessate a comprendere ci\u00f2 che avvenne perpetuando la memoria di una tragedia immensa che rappresenta una delle pagine pi\u00f9 orrende della storia moderna. Egli sceglie un momento adatto per farlo e cio\u00e8 la concomitanza degli ottant\u2019anni dal settembre 1938 quando, proprio a Trieste, venne annunciata la promulgazione delle Leggi Razziali. E decide in particolare di farlo in una fase storica, quell\u2019attuale, che sta seriamente rischiando di farci scivolare verso derive sempre pi\u00f9 estremiste, di violenta intolleranza sia verbale che fisica, che \u00e8 dovere comune contrastare con la massima determinazione.<br \/>\nLe dichiarazioni dei testimoni diretti, raccolte nel volume dal professor Sergio Kostoris, che del processo ai carnefici della Risiera fu uno dei principali artefici, rimangono scolpite a fuoco nella memoria del lettore che rimane sgomento. Impossibile non chiedersi: \u201cCome si possa essere arrivati a tutto questo? Perch\u00e9 tanta violenza verso i propri simili?\u201d.<\/p>\n<p>Ringrazio con affetto Alberto per aver voluto tenacemente realizzare questo progetto e per l&#8217;onore concessomi di scrivere queste poche righe.<br \/>\nAlessandro Salonichio<br \/>\nPresidente della Comunit\u00e0 Ebraica di Trieste<\/p>\n","protected":false},"excerpt":{"rendered":"<p>L&#8217;iniziativa di Alberto Kostoris, figlio di Sergio, va considerata ben aldil\u00e0 di un pur comprensibile atto di amore di un figlio verso il proprio padre. Kostoris vuole lasciare una traccia indelebile nelle coscienze delle persone interessate a comprendere ci\u00f2 che avvenne perpetuando la memoria di una tragedia immensa che rappresenta una delle pagine pi\u00f9 orrende &hellip;<\/p>\n<p class=\"read-more\"> <a class=\"\" href=\"https:\/\/mgspress.com\/shop\/prodotto\/processo-alla-barbarie-per-non-dimenticare\/\"> <span class=\"screen-reader-text\">Processo alla barbarie per non dimenticare<\/span> Leggi altro &raquo;<\/a><\/p>\n","protected":false},"featured_media":302,"template":"","meta":{"site-sidebar-layout":"default","site-content-layout":"default","ast-global-header-display":"","ast-main-header-display":"","ast-hfb-above-header-display":"","ast-hfb-below-header-display":"","ast-hfb-mobile-header-display":"","site-post-title":"","ast-breadcrumbs-content":"","ast-featured-img":"","footer-sml-layout":"","theme-transparent-header-meta":"default","adv-header-id-meta":"","stick-header-meta":"","header-above-stick-meta":"","header-main-stick-meta":"","header-below-stick-meta":""},"product_brand":[],"product_cat":[34],"product_tag":[],"class_list":{"0":"post-196","1":"product","2":"type-product","3":"status-publish","4":"has-post-thumbnail","6":"product_cat-storia","7":"desktop-align-left","8":"tablet-align-left","9":"mobile-align-left","11":"first","12":"instock","13":"purchasable","14":"product-type-simple"},"_links":{"self":[{"href":"https:\/\/mgspress.com\/shop\/wp-json\/wp\/v2\/product\/196","targetHints":{"allow":["GET"]}}],"collection":[{"href":"https:\/\/mgspress.com\/shop\/wp-json\/wp\/v2\/product"}],"about":[{"href":"https:\/\/mgspress.com\/shop\/wp-json\/wp\/v2\/types\/product"}],"wp:featuredmedia":[{"embeddable":true,"href":"https:\/\/mgspress.com\/shop\/wp-json\/wp\/v2\/media\/302"}],"wp:attachment":[{"href":"https:\/\/mgspress.com\/shop\/wp-json\/wp\/v2\/media?parent=196"}],"wp:term":[{"taxonomy":"product_brand","embeddable":true,"href":"https:\/\/mgspress.com\/shop\/wp-json\/wp\/v2\/product_brand?post=196"},{"taxonomy":"product_cat","embeddable":true,"href":"https:\/\/mgspress.com\/shop\/wp-json\/wp\/v2\/product_cat?post=196"},{"taxonomy":"product_tag","embeddable":true,"href":"https:\/\/mgspress.com\/shop\/wp-json\/wp\/v2\/product_tag?post=196"}],"curies":[{"name":"wp","href":"https:\/\/api.w.org\/{rel}","templated":true}]}}