{"id":188,"date":"2017-10-25T00:00:00","date_gmt":"2017-10-24T22:00:00","guid":{"rendered":"https:\/\/mgspress.com\/shop\/product\/quella-soffitta-in-cittavecchia\/"},"modified":"2023-01-19T10:17:14","modified_gmt":"2023-01-19T09:17:14","slug":"quella-soffitta-in-cittavecchia","status":"publish","type":"product","link":"https:\/\/mgspress.com\/shop\/prodotto\/quella-soffitta-in-cittavecchia\/","title":{"rendered":"Quella soffitta in Cittavecchia"},"content":{"rendered":"<p>\u00c8 un gioco di nostalgia con un\u2019unica protagonista: la soffitta, con tutto quello che evoca in una citt\u00e0 atipica e affascinante come Trieste. E poi c\u2019\u00e8 Cittavecchia, che negli ultimi anni \u00e8 stata trasformata in una Montmartre nostrana, stravolta ed estirpata dalla sua originalit\u00e0 oscura e un po\u2019 peccaminosa. Trieste, seconda met\u00e0 anni Settanta. Un gruppo di ragazzi un po\u2019 gucciniani, ma tanto ingenui, si trova per la prima volta a dover affrontare l\u2019amore, il sesso, la politica, la droga, le incomprensioni, la vita adulta e infine anche la morte.<\/p>\n<p>Dopo vari e onesti tentativi di vivere la vita appieno i giovani si trovano al punto di partenza, delusi e disincantati, cosicch\u00e9 la fuga sembra l\u2019unica soluzione: forse lontano, da qualche parte, esiste la libert\u00e0.<\/p>\n","protected":false},"excerpt":{"rendered":"<p>\u00c8 un gioco di nostalgia con un\u2019unica protagonista: la soffitta, con tutto quello che evoca in una citt\u00e0 atipica e affascinante come Trieste. E poi c\u2019\u00e8 Cittavecchia, che negli ultimi anni \u00e8 stata trasformata in una Montmartre nostrana, stravolta ed estirpata dalla sua originalit\u00e0 oscura e un po\u2019 peccaminosa. Trieste, seconda met\u00e0 anni Settanta. Un &hellip;<\/p>\n<p class=\"read-more\"> <a class=\"\" href=\"https:\/\/mgspress.com\/shop\/prodotto\/quella-soffitta-in-cittavecchia\/\"> <span class=\"screen-reader-text\">Quella soffitta in Cittavecchia<\/span> Leggi altro &raquo;<\/a><\/p>\n","protected":false},"featured_media":420,"template":"","meta":{"site-sidebar-layout":"default","site-content-layout":"default","ast-global-header-display":"","ast-main-header-display":"","ast-hfb-above-header-display":"","ast-hfb-below-header-display":"","ast-hfb-mobile-header-display":"","site-post-title":"","ast-breadcrumbs-content":"","ast-featured-img":"","footer-sml-layout":"","theme-transparent-header-meta":"default","adv-header-id-meta":"","stick-header-meta":"","header-above-stick-meta":"","header-main-stick-meta":"","header-below-stick-meta":""},"product_brand":[],"product_cat":[33],"product_tag":[],"class_list":{"0":"post-188","1":"product","2":"type-product","3":"status-publish","4":"has-post-thumbnail","6":"product_cat-narrativa","7":"desktop-align-left","8":"tablet-align-left","9":"mobile-align-left","11":"first","12":"outofstock","13":"purchasable","14":"product-type-simple"},"_links":{"self":[{"href":"https:\/\/mgspress.com\/shop\/wp-json\/wp\/v2\/product\/188","targetHints":{"allow":["GET"]}}],"collection":[{"href":"https:\/\/mgspress.com\/shop\/wp-json\/wp\/v2\/product"}],"about":[{"href":"https:\/\/mgspress.com\/shop\/wp-json\/wp\/v2\/types\/product"}],"wp:featuredmedia":[{"embeddable":true,"href":"https:\/\/mgspress.com\/shop\/wp-json\/wp\/v2\/media\/420"}],"wp:attachment":[{"href":"https:\/\/mgspress.com\/shop\/wp-json\/wp\/v2\/media?parent=188"}],"wp:term":[{"taxonomy":"product_brand","embeddable":true,"href":"https:\/\/mgspress.com\/shop\/wp-json\/wp\/v2\/product_brand?post=188"},{"taxonomy":"product_cat","embeddable":true,"href":"https:\/\/mgspress.com\/shop\/wp-json\/wp\/v2\/product_cat?post=188"},{"taxonomy":"product_tag","embeddable":true,"href":"https:\/\/mgspress.com\/shop\/wp-json\/wp\/v2\/product_tag?post=188"}],"curies":[{"name":"wp","href":"https:\/\/api.w.org\/{rel}","templated":true}]}}