{"id":186,"date":"2017-09-24T00:00:00","date_gmt":"2017-09-23T22:00:00","guid":{"rendered":"https:\/\/mgspress.com\/shop\/product\/pasquale-revoltella-il-barone-si-racconta\/"},"modified":"2023-01-03T09:00:39","modified_gmt":"2023-01-03T08:00:39","slug":"pasquale-revoltella-il-barone-si-racconta","status":"publish","type":"product","link":"https:\/\/mgspress.com\/shop\/prodotto\/pasquale-revoltella-il-barone-si-racconta\/","title":{"rendered":"Pasquale Revoltella. Il barone si racconta"},"content":{"rendered":"<p>Pasquale Revoltella per Trieste fu il vero \u201ctycoon\u201d del suo tempo, anche grazie alle opere pubbliche sovvenzionate e realizzate in citt\u00e0, e per l\u2019impegno di mecenate nei confronti delle arti e delle lettere. Dopo l\u2019amore viscerale verso sua madre, il barone am\u00f2 davvero Trieste. Perch\u00e9 credeva nella citt\u00e0 e nelle sue potenzialit\u00e0 e sapeva come e cosa fare per metterle in atto con generosit\u00e0: il suo mecenatismo era in perfetta linea con l\u2019idea borghese allora dominante, in virt\u00f9 della quale il bene pubblico era essenziale per consentire e aiutare la crescita del bene privato.<\/p>\n<p>Miriam Blasich ha scritto questo libro come se lo scrivesse il Barone in prima persona. Scrive Revoltella: \u201cVi invito ad entrare nella mia vita. Questa non \u00e8 una semplice biografia, ma un vero e proprio viaggio nella Trieste dell\u2019Ottocento. Seguitemi e parola dopo parola vi condurr\u00f2 fino in Egitto e insieme saremo testimoni di uno degli eventi pi\u00f9 eccezionali della mia epoca: il taglio dell\u2019istmo di Suez. Vi presenter\u00f2 molti miei amici tra cui Carl Ludwig von Bruck, Ferdinand de Lesseps, Friedrich Hitzig, Giovanni Moscotto, i fratelli Tominz e persino l\u2019arciduca Massimiliano d\u2019Asburgo, fratello dell\u2019imperatore Francesco Giuseppe&#8230;\u201d.<\/p>\n","protected":false},"excerpt":{"rendered":"<p>Pasquale Revoltella per Trieste fu il vero \u201ctycoon\u201d del suo tempo, anche grazie alle opere pubbliche sovvenzionate e realizzate in citt\u00e0, e per l\u2019impegno di mecenate nei confronti delle arti e delle lettere. Dopo l\u2019amore viscerale verso sua madre, il barone am\u00f2 davvero Trieste. Perch\u00e9 credeva nella citt\u00e0 e nelle sue potenzialit\u00e0 e sapeva come &hellip;<\/p>\n<p class=\"read-more\"> <a class=\"\" href=\"https:\/\/mgspress.com\/shop\/prodotto\/pasquale-revoltella-il-barone-si-racconta\/\"> <span class=\"screen-reader-text\">Pasquale Revoltella. Il barone si racconta<\/span> Leggi altro &raquo;<\/a><\/p>\n","protected":false},"featured_media":358,"template":"","meta":{"site-sidebar-layout":"default","site-content-layout":"default","ast-global-header-display":"","ast-main-header-display":"","ast-hfb-above-header-display":"","ast-hfb-below-header-display":"","ast-hfb-mobile-header-display":"","site-post-title":"","ast-breadcrumbs-content":"","ast-featured-img":"","footer-sml-layout":"","theme-transparent-header-meta":"default","adv-header-id-meta":"","stick-header-meta":"","header-above-stick-meta":"","header-main-stick-meta":"","header-below-stick-meta":""},"product_brand":[],"product_cat":[33],"product_tag":[],"class_list":{"0":"post-186","1":"product","2":"type-product","3":"status-publish","4":"has-post-thumbnail","6":"product_cat-narrativa","7":"desktop-align-left","8":"tablet-align-left","9":"mobile-align-left","11":"first","12":"instock","13":"purchasable","14":"product-type-simple"},"_links":{"self":[{"href":"https:\/\/mgspress.com\/shop\/wp-json\/wp\/v2\/product\/186","targetHints":{"allow":["GET"]}}],"collection":[{"href":"https:\/\/mgspress.com\/shop\/wp-json\/wp\/v2\/product"}],"about":[{"href":"https:\/\/mgspress.com\/shop\/wp-json\/wp\/v2\/types\/product"}],"wp:featuredmedia":[{"embeddable":true,"href":"https:\/\/mgspress.com\/shop\/wp-json\/wp\/v2\/media\/358"}],"wp:attachment":[{"href":"https:\/\/mgspress.com\/shop\/wp-json\/wp\/v2\/media?parent=186"}],"wp:term":[{"taxonomy":"product_brand","embeddable":true,"href":"https:\/\/mgspress.com\/shop\/wp-json\/wp\/v2\/product_brand?post=186"},{"taxonomy":"product_cat","embeddable":true,"href":"https:\/\/mgspress.com\/shop\/wp-json\/wp\/v2\/product_cat?post=186"},{"taxonomy":"product_tag","embeddable":true,"href":"https:\/\/mgspress.com\/shop\/wp-json\/wp\/v2\/product_tag?post=186"}],"curies":[{"name":"wp","href":"https:\/\/api.w.org\/{rel}","templated":true}]}}