{"id":183,"date":"2016-11-08T00:00:00","date_gmt":"2016-11-07T23:00:00","guid":{"rendered":"https:\/\/mgspress.com\/shop\/product\/giallo-trieste-rosso-capodistria\/"},"modified":"2022-10-29T10:26:01","modified_gmt":"2022-10-29T08:26:01","slug":"giallo-trieste-rosso-capodistria","status":"publish","type":"product","link":"https:\/\/mgspress.com\/shop\/prodotto\/giallo-trieste-rosso-capodistria\/","title":{"rendered":"Giallo Trieste Rosso Capodistria"},"content":{"rendered":"<p>Esiste una Londra di Sherlock Holmes? Una Parigi del commissario Maigret? Una Los Angeles di Philip Marlowe?<br \/>\nDa oggi, a queste citt\u00e0 cos\u00ec letterariamente fortunate, possiamo aggiungere anche Trieste, perch\u00e9 proprio nel capoluogo giuliano si snodano le vicende di Ariella Sbrisson, la pi\u00f9 celebre investigatrice della Venezia Giulia.<br \/>\nDalla penna arguta e ironica di Alessandro Fullin ecco servito un giallo terribilmente improbabile, che contiene pi\u00f9 ingredienti della celebre jota: il fantasma di un patriota, una villa antica e misteriosa, una contessa dal futuro incerto, un commissario perdutamente innamorato.<br \/>\nA districare una matassa tanto complicata non Arianna, ma la perspicace Ariella coadiuvata dalla fida amica Mariagrazia Cinciut, nota in citt\u00e0 come vivace scrittrice di romanzi rosa.<\/p>\n","protected":false},"excerpt":{"rendered":"<p>Esiste una Londra di Sherlock Holmes? Una Parigi del commissario Maigret? Una Los Angeles di Philip Marlowe? Da oggi, a queste citt\u00e0 cos\u00ec letterariamente fortunate, possiamo aggiungere anche Trieste, perch\u00e9 proprio nel capoluogo giuliano si snodano le vicende di Ariella Sbrisson, la pi\u00f9 celebre investigatrice della Venezia Giulia. Dalla penna arguta e ironica di Alessandro &hellip;<\/p>\n<p class=\"read-more\"> <a class=\"\" href=\"https:\/\/mgspress.com\/shop\/prodotto\/giallo-trieste-rosso-capodistria\/\"> <span class=\"screen-reader-text\">Giallo Trieste Rosso Capodistria<\/span> Leggi altro &raquo;<\/a><\/p>\n","protected":false},"featured_media":325,"template":"","meta":{"site-sidebar-layout":"default","site-content-layout":"default","ast-global-header-display":"","ast-main-header-display":"","ast-hfb-above-header-display":"","ast-hfb-below-header-display":"","ast-hfb-mobile-header-display":"","site-post-title":"","ast-breadcrumbs-content":"","ast-featured-img":"","footer-sml-layout":"","theme-transparent-header-meta":"default","adv-header-id-meta":"","stick-header-meta":"","header-above-stick-meta":"","header-main-stick-meta":"","header-below-stick-meta":""},"product_brand":[],"product_cat":[27],"product_tag":[],"class_list":{"0":"post-183","1":"product","2":"type-product","3":"status-publish","4":"has-post-thumbnail","6":"product_cat-dialetto-triestino","7":"desktop-align-left","8":"tablet-align-left","9":"mobile-align-left","11":"first","12":"outofstock","13":"purchasable","14":"product-type-simple"},"_links":{"self":[{"href":"https:\/\/mgspress.com\/shop\/wp-json\/wp\/v2\/product\/183","targetHints":{"allow":["GET"]}}],"collection":[{"href":"https:\/\/mgspress.com\/shop\/wp-json\/wp\/v2\/product"}],"about":[{"href":"https:\/\/mgspress.com\/shop\/wp-json\/wp\/v2\/types\/product"}],"wp:featuredmedia":[{"embeddable":true,"href":"https:\/\/mgspress.com\/shop\/wp-json\/wp\/v2\/media\/325"}],"wp:attachment":[{"href":"https:\/\/mgspress.com\/shop\/wp-json\/wp\/v2\/media?parent=183"}],"wp:term":[{"taxonomy":"product_brand","embeddable":true,"href":"https:\/\/mgspress.com\/shop\/wp-json\/wp\/v2\/product_brand?post=183"},{"taxonomy":"product_cat","embeddable":true,"href":"https:\/\/mgspress.com\/shop\/wp-json\/wp\/v2\/product_cat?post=183"},{"taxonomy":"product_tag","embeddable":true,"href":"https:\/\/mgspress.com\/shop\/wp-json\/wp\/v2\/product_tag?post=183"}],"curies":[{"name":"wp","href":"https:\/\/api.w.org\/{rel}","templated":true}]}}