{"id":179,"date":"2016-09-13T00:00:00","date_gmt":"2016-09-12T22:00:00","guid":{"rendered":"https:\/\/mgspress.com\/shop\/product\/elisabeth-imperatrice-daustria-e-regina-dungheria\/"},"modified":"2026-01-27T19:22:22","modified_gmt":"2026-01-27T18:22:22","slug":"elisabeth-imperatrice-daustria-e-regina-dungheria","status":"publish","type":"product","link":"https:\/\/mgspress.com\/shop\/prodotto\/elisabeth-imperatrice-daustria-e-regina-dungheria\/","title":{"rendered":"Elisabeth. Imperatrice d\u2019Austria e regina d\u2019Ungheria"},"content":{"rendered":"<p>Clara Tschudi ci racconta la vita di Sissi, dalla nascita alla morte, senza risparmiarsi di commentare gli avvenimenti \u2013 esaltanti, singolari e tragici \u2013 che l\u2019hanno segnata. Il libro, pubblicato gi\u00e0 nel 1900 e tradotto dal norvegese in tedesco l\u2019anno dopo dall\u2019editore Philipp Reclam junior di Lipsia, non ebbe molta fortuna in Austria dove ne fu proibita la circolazione. Francesco Giuseppe, molto probabilmente, ritenne oltraggioso mettere in piazza capricci, disillusioni, debolezze, nevrosi, fughe, malattie e tragiche morti di sua moglie e della famiglia Asburgo in generale. In altre parole la Tschudi aveva violato quella che oggi chiamiamo privacy.<\/p>\n<p>Come deduciamo dalla prima importante biografia di Sissi, \u201cElisabeth die seltsame Frau\u201d, scritta nel 1934 da Egon Caesar conte Corti, Clara Tschudi \u00e8 stata battuta sul tempo solo dallo storico ungherese S\u00e0ndor M\u00e0rki che nel 1899 \u2013 un anno dopo l\u2019attentato mortale di Ginevra \u2013 aveva dato alle stampe un libro dedicato all\u2019imperatrice.<\/p>\n<p>\u201cSiamo difronte \u2013 scrive Gabriella Ziani nell\u2019introduzione \u2013 a un instant book, un omaggio che la Tschudi fu velocissima a produrre, con un\u2019abbondanza davvero notevole di scorrevoli ma anche scomode informazioni\u2026 Il ritratto di Sissi qui c\u2019\u00e8 a tutto tondo. Che cosa vi sia in pi\u00f9 (qualche perdonabile fascinazione) o in meno (pensieri e azioni di drammatica ostilit\u00e0 e sfiducia verso l\u2019impero, e dunque la famiglia), a chi non conosce il personaggio non importa, avr\u00e0 modo di scoprirlo, e di stupirsene ancora. Per tutti gli altri, un ottimo inizio, un ottimo metro di paragone\u201d.<\/p>\n","protected":false},"excerpt":{"rendered":"<p>Clara Tschudi ci racconta la vita di Sissi, dalla nascita alla morte, senza risparmiarsi di commentare gli avvenimenti \u2013 esaltanti, singolari e tragici \u2013 che l\u2019hanno segnata. Il libro, pubblicato gi\u00e0 nel 1900 e tradotto dal norvegese in tedesco l\u2019anno dopo dall\u2019editore Philipp Reclam junior di Lipsia, non ebbe molta fortuna in Austria dove ne &hellip;<\/p>\n<p class=\"read-more\"> <a class=\"\" href=\"https:\/\/mgspress.com\/shop\/prodotto\/elisabeth-imperatrice-daustria-e-regina-dungheria\/\"> <span class=\"screen-reader-text\">Elisabeth. Imperatrice d\u2019Austria e regina d\u2019Ungheria<\/span> Leggi altro &raquo;<\/a><\/p>\n","protected":false},"featured_media":291,"template":"","meta":{"site-sidebar-layout":"default","site-content-layout":"default","ast-global-header-display":"","ast-main-header-display":"","ast-hfb-above-header-display":"","ast-hfb-below-header-display":"","ast-hfb-mobile-header-display":"","site-post-title":"","ast-breadcrumbs-content":"","ast-featured-img":"","footer-sml-layout":"","theme-transparent-header-meta":"default","adv-header-id-meta":"","stick-header-meta":"","header-above-stick-meta":"","header-main-stick-meta":"","header-below-stick-meta":""},"product_brand":[],"product_cat":[24],"product_tag":[],"class_list":{"0":"post-179","1":"product","2":"type-product","3":"status-publish","4":"has-post-thumbnail","6":"product_cat-asburgo","7":"desktop-align-left","8":"tablet-align-left","9":"mobile-align-left","11":"first","12":"instock","13":"purchasable","14":"product-type-simple"},"_links":{"self":[{"href":"https:\/\/mgspress.com\/shop\/wp-json\/wp\/v2\/product\/179","targetHints":{"allow":["GET"]}}],"collection":[{"href":"https:\/\/mgspress.com\/shop\/wp-json\/wp\/v2\/product"}],"about":[{"href":"https:\/\/mgspress.com\/shop\/wp-json\/wp\/v2\/types\/product"}],"wp:featuredmedia":[{"embeddable":true,"href":"https:\/\/mgspress.com\/shop\/wp-json\/wp\/v2\/media\/291"}],"wp:attachment":[{"href":"https:\/\/mgspress.com\/shop\/wp-json\/wp\/v2\/media?parent=179"}],"wp:term":[{"taxonomy":"product_brand","embeddable":true,"href":"https:\/\/mgspress.com\/shop\/wp-json\/wp\/v2\/product_brand?post=179"},{"taxonomy":"product_cat","embeddable":true,"href":"https:\/\/mgspress.com\/shop\/wp-json\/wp\/v2\/product_cat?post=179"},{"taxonomy":"product_tag","embeddable":true,"href":"https:\/\/mgspress.com\/shop\/wp-json\/wp\/v2\/product_tag?post=179"}],"curies":[{"name":"wp","href":"https:\/\/api.w.org\/{rel}","templated":true}]}}