{"id":173,"date":"2015-11-10T00:00:00","date_gmt":"2015-11-09T23:00:00","guid":{"rendered":"https:\/\/mgspress.com\/shop\/product\/oberdan-amor-mio\/"},"modified":"2023-03-13T08:45:11","modified_gmt":"2023-03-13T07:45:11","slug":"oberdan-amor-mio","status":"publish","type":"product","link":"https:\/\/mgspress.com\/shop\/prodotto\/oberdan-amor-mio\/","title":{"rendered":"Oberdan, amor mio!"},"content":{"rendered":"<p>Nella letteratura italiana sono molte le coppie di innamorati celebri \u2013 Laura e Petrarca, Paolo e Francesca, Renzo e Lucia \u2013 ma anche quella triestina non \u00e8 da meno. Alla fine del XIX secolo, infatti, \u00e8 nato un amore che \u00e8 gi\u00e0 leggenda, quello tra la bellissima Sissi, Imperatrice d\u2019Austria-Ungheria, e Guglielmo Oberdan, mitico eroe giuliano irredentista.<br \/>\nCome \u00e8 noto Sissi\u2013 miracolosamente sfuggita sul Lago di Ginevra all\u2019assalto dell\u2019anarchico Lucheni, che l\u2019aveva riconosciuta mentre stava per imbarcarsi su un battello \u2013 non aveva solo il vitino ma anche un carattere da vespa e certo non \u00e8 stato facile per lei andare d\u2019accordo con il cocciuto ma aitante patriota.<\/p>\n<p>Nel libro precedente, Ritorno a Miramar, i due amanti, pur fatalmente attratti, avevano deciso di separarsi: Oberdan per andare a combattere per l\u2019indipendenza della Grecia accanto a Lord Byron e Sissi per rimanere al Castello di Miramare ospite della cognata Carlotta del Belgio, la sfortunata moglie di Massimiliano, che peraltro la sopportava con grande fatica.<br \/>\nMa questa grande storia d&#8217;amore \u00e8 finita davvero per sempre? Questo libro scommette di no.<\/p>\n","protected":false},"excerpt":{"rendered":"<p>Nella letteratura italiana sono molte le coppie di innamorati celebri \u2013 Laura e Petrarca, Paolo e Francesca, Renzo e Lucia \u2013 ma anche quella triestina non \u00e8 da meno. Alla fine del XIX secolo, infatti, \u00e8 nato un amore che \u00e8 gi\u00e0 leggenda, quello tra la bellissima Sissi, Imperatrice d\u2019Austria-Ungheria, e Guglielmo Oberdan, mitico eroe &hellip;<\/p>\n<p class=\"read-more\"> <a class=\"\" href=\"https:\/\/mgspress.com\/shop\/prodotto\/oberdan-amor-mio\/\"> <span class=\"screen-reader-text\">Oberdan, amor mio!<\/span> Leggi altro &raquo;<\/a><\/p>\n","protected":false},"featured_media":336,"template":"","meta":{"site-sidebar-layout":"default","site-content-layout":"default","ast-global-header-display":"","ast-main-header-display":"","ast-hfb-above-header-display":"","ast-hfb-below-header-display":"","ast-hfb-mobile-header-display":"","site-post-title":"","ast-breadcrumbs-content":"","ast-featured-img":"","footer-sml-layout":"","theme-transparent-header-meta":"default","adv-header-id-meta":"","stick-header-meta":"","header-above-stick-meta":"","header-main-stick-meta":"","header-below-stick-meta":""},"product_brand":[],"product_cat":[27],"product_tag":[],"class_list":{"0":"post-173","1":"product","2":"type-product","3":"status-publish","4":"has-post-thumbnail","6":"product_cat-dialetto-triestino","7":"desktop-align-left","8":"tablet-align-left","9":"mobile-align-left","11":"first","12":"outofstock","13":"purchasable","14":"product-type-simple"},"_links":{"self":[{"href":"https:\/\/mgspress.com\/shop\/wp-json\/wp\/v2\/product\/173","targetHints":{"allow":["GET"]}}],"collection":[{"href":"https:\/\/mgspress.com\/shop\/wp-json\/wp\/v2\/product"}],"about":[{"href":"https:\/\/mgspress.com\/shop\/wp-json\/wp\/v2\/types\/product"}],"wp:featuredmedia":[{"embeddable":true,"href":"https:\/\/mgspress.com\/shop\/wp-json\/wp\/v2\/media\/336"}],"wp:attachment":[{"href":"https:\/\/mgspress.com\/shop\/wp-json\/wp\/v2\/media?parent=173"}],"wp:term":[{"taxonomy":"product_brand","embeddable":true,"href":"https:\/\/mgspress.com\/shop\/wp-json\/wp\/v2\/product_brand?post=173"},{"taxonomy":"product_cat","embeddable":true,"href":"https:\/\/mgspress.com\/shop\/wp-json\/wp\/v2\/product_cat?post=173"},{"taxonomy":"product_tag","embeddable":true,"href":"https:\/\/mgspress.com\/shop\/wp-json\/wp\/v2\/product_tag?post=173"}],"curies":[{"name":"wp","href":"https:\/\/api.w.org\/{rel}","templated":true}]}}