{"id":171,"date":"2015-08-30T00:00:00","date_gmt":"2015-08-29T22:00:00","guid":{"rendered":"https:\/\/mgspress.com\/shop\/product\/studenti-in-pasta\/"},"modified":"2023-01-15T10:52:00","modified_gmt":"2023-01-15T09:52:00","slug":"studenti-in-pasta","status":"publish","type":"product","link":"https:\/\/mgspress.com\/shop\/prodotto\/studenti-in-pasta\/","title":{"rendered":"Studenti\u2026 in pasta"},"content":{"rendered":"<p>\u00c8 un ricettario dedicato ai ragazzi e alle ragazze che vivono lontano da casa per motivi di studio. La cucina di mamma \u00e8 lontana e bisogna arrangiarsi quotidianamente per colazione, pranzo e cena.<\/p>\n<p>Le due autrici \u2013 due mamme \u2013 negli anni universitari dei loro figli si sono spesso sentite chiedere ricette, cosa comprare per avere sempre una scorta di emergenza, come organizzare la dispensa e, soprattutto, come preparare piatti semplici, economici e sani. \u201cPer questo \u2013 dice Marina Baccos \u2013 abbiamo pensato di raccogliere in un libro ricette e consigli per tutti quei giovani che vivono fuori casa, per aiutarli a gestire la vita quotidiana\u201d.<\/p>\n<p>Il libro, che nasce con il sostegno dell\u2019Universit\u00e0 Senza Et\u00e0 di Campoformido, presieduto da Mariella Ciani, che per ogni ricetta ha calcolato le calorie, \u00e8 cos\u00ec organizzato: ricette di base, piatti unici &amp;amp; antipasti, primi piatti, secondi piatti, contorni e insalatore, dolci. Le oltre cento ricette sono state tradotte in inglese da Barbara Gangi e i singoli piatti sono stati fotografati da Marina Baccos.<\/p>\n","protected":false},"excerpt":{"rendered":"<p>\u00c8 un ricettario dedicato ai ragazzi e alle ragazze che vivono lontano da casa per motivi di studio. La cucina di mamma \u00e8 lontana e bisogna arrangiarsi quotidianamente per colazione, pranzo e cena. Le due autrici \u2013 due mamme \u2013 negli anni universitari dei loro figli si sono spesso sentite chiedere ricette, cosa comprare per &hellip;<\/p>\n<p class=\"read-more\"> <a class=\"\" href=\"https:\/\/mgspress.com\/shop\/prodotto\/studenti-in-pasta\/\"> <span class=\"screen-reader-text\">Studenti\u2026 in pasta<\/span> Leggi altro &raquo;<\/a><\/p>\n","protected":false},"featured_media":472,"template":"","meta":{"site-sidebar-layout":"default","site-content-layout":"default","ast-global-header-display":"","ast-main-header-display":"","ast-hfb-above-header-display":"","ast-hfb-below-header-display":"","ast-hfb-mobile-header-display":"","site-post-title":"","ast-breadcrumbs-content":"","ast-featured-img":"","footer-sml-layout":"","theme-transparent-header-meta":"default","adv-header-id-meta":"","stick-header-meta":"","header-above-stick-meta":"","header-main-stick-meta":"","header-below-stick-meta":""},"product_brand":[],"product_cat":[26],"product_tag":[],"class_list":{"0":"post-171","1":"product","2":"type-product","3":"status-publish","4":"has-post-thumbnail","6":"product_cat-cucina","7":"desktop-align-left","8":"tablet-align-left","9":"mobile-align-left","11":"first","12":"instock","13":"purchasable","14":"product-type-simple"},"_links":{"self":[{"href":"https:\/\/mgspress.com\/shop\/wp-json\/wp\/v2\/product\/171","targetHints":{"allow":["GET"]}}],"collection":[{"href":"https:\/\/mgspress.com\/shop\/wp-json\/wp\/v2\/product"}],"about":[{"href":"https:\/\/mgspress.com\/shop\/wp-json\/wp\/v2\/types\/product"}],"wp:featuredmedia":[{"embeddable":true,"href":"https:\/\/mgspress.com\/shop\/wp-json\/wp\/v2\/media\/472"}],"wp:attachment":[{"href":"https:\/\/mgspress.com\/shop\/wp-json\/wp\/v2\/media?parent=171"}],"wp:term":[{"taxonomy":"product_brand","embeddable":true,"href":"https:\/\/mgspress.com\/shop\/wp-json\/wp\/v2\/product_brand?post=171"},{"taxonomy":"product_cat","embeddable":true,"href":"https:\/\/mgspress.com\/shop\/wp-json\/wp\/v2\/product_cat?post=171"},{"taxonomy":"product_tag","embeddable":true,"href":"https:\/\/mgspress.com\/shop\/wp-json\/wp\/v2\/product_tag?post=171"}],"curies":[{"name":"wp","href":"https:\/\/api.w.org\/{rel}","templated":true}]}}