{"id":168,"date":"2015-04-07T00:00:00","date_gmt":"2015-04-06T22:00:00","guid":{"rendered":"https:\/\/mgspress.com\/shop\/product\/il-grande-fuoco\/"},"modified":"2024-07-08T11:57:37","modified_gmt":"2024-07-08T09:57:37","slug":"il-grande-fuoco","status":"publish","type":"product","link":"https:\/\/mgspress.com\/shop\/prodotto\/il-grande-fuoco\/","title":{"rendered":"Il grande fuoco"},"content":{"rendered":"<p>Una notte d\u2019agosto. Quattro boati. Serbatoi da 90.000 tonnellate di greggio che saltano in aria. Un \u2018fungo atomico\u2019 nero sormontato da un candido cappello di anidride solforosa pronta a riversare una pioggia di acido sulla citt\u00e0. Ma in quei giorni non piovette e non soffi\u00f2 la bora. Una fortuna sfacciata che imped\u00ec la reazione a catena da un serbatoio all\u2019altro, come speravano i sabotatori.<br \/>\nI triestini non pi\u00f9 giovani ancora oggi ricordano, 43 anni dopo, con un misto di inquietudine e timore. Ma pochissimi conoscono la vera storia. Perch\u00e9 l\u2019apocalisse sfiorata al deposito costiero della SIOT, piana di San Dorligo presso Trieste, ore 3 circa del 4 agosto 1972, \u00e8 stata dimenticata. Messa da parte come uno scherzo della Storia. E invece di Storia ne \u00e8 passata tanta in quei giorni a Trieste.<\/p>\n<p>Fu il primo attentato palestinese in Italia, lo port\u00f2 a termine Settembre Nero, che solo un mese dopo semin\u00f2 la morte alle Olimpiadi di Monaco. Ma fu anche un attentato di cui non si sono mai saputi con precisione mandanti, fiancheggiatori e neppure tutti gli esecutori. Perch\u00e9 dalla Francia, dove si erano rifugiati, non arriv\u00f2 uno straccio di aiuto.<\/p>\n<p>Trieste fu la prima di una serie di azioni che poi costrinsero il governo italiano a stringere un accordo segreto con i movimenti palestinesi, il cosiddetto Lodo Moro, punto di svolta delle vicende italiane di fine Novecento, ma di cui ancora oggi si fa una dannata fatica a parlare. E in pieno Lodo Moro si celebrarono, in assoluta sordina, i due processi sull&#8217;attentato alla SIOT, conclusisi con una sentenza-barzelletta. Una vicenda che Giuliano Sadar ha dipanato partendo dai documenti dell\u2019epoca, dalle testimonianze, dalle sentenze, dalle carte scovate nell&#8217;Archivio storico del Senato che custodisce gli atti integrali delle commissioni Stragi, Moro e Mitrokhin. Ne \u00e8 uscito fuori un racconto avvincente, in cui una storia solo apparentemente minore incrocia le piste nascoste che ancora oggi impediscono all\u2019Italia di definirsi un paese normale.<\/p>\n","protected":false},"excerpt":{"rendered":"<p>Una notte d\u2019agosto. Quattro boati. Serbatoi da 90.000 tonnellate di greggio che saltano in aria. Un \u2018fungo atomico\u2019 nero sormontato da un candido cappello di anidride solforosa pronta a riversare una pioggia di acido sulla citt\u00e0. Ma in quei giorni non piovette e non soffi\u00f2 la bora. Una fortuna sfacciata che imped\u00ec la reazione a &hellip;<\/p>\n<p class=\"read-more\"> <a class=\"\" href=\"https:\/\/mgspress.com\/shop\/prodotto\/il-grande-fuoco\/\"> <span class=\"screen-reader-text\">Il grande fuoco<\/span> Leggi altro &raquo;<\/a><\/p>\n","protected":false},"featured_media":360,"template":"","meta":{"site-sidebar-layout":"default","site-content-layout":"default","ast-global-header-display":"","ast-main-header-display":"","ast-hfb-above-header-display":"","ast-hfb-below-header-display":"","ast-hfb-mobile-header-display":"","site-post-title":"","ast-breadcrumbs-content":"","ast-featured-img":"","footer-sml-layout":"","theme-transparent-header-meta":"default","adv-header-id-meta":"","stick-header-meta":"","header-above-stick-meta":"","header-main-stick-meta":"","header-below-stick-meta":""},"product_brand":[],"product_cat":[34],"product_tag":[],"class_list":{"0":"post-168","1":"product","2":"type-product","3":"status-publish","4":"has-post-thumbnail","6":"product_cat-storia","7":"desktop-align-left","8":"tablet-align-left","9":"mobile-align-left","11":"first","12":"instock","13":"purchasable","14":"product-type-simple"},"_links":{"self":[{"href":"https:\/\/mgspress.com\/shop\/wp-json\/wp\/v2\/product\/168","targetHints":{"allow":["GET"]}}],"collection":[{"href":"https:\/\/mgspress.com\/shop\/wp-json\/wp\/v2\/product"}],"about":[{"href":"https:\/\/mgspress.com\/shop\/wp-json\/wp\/v2\/types\/product"}],"wp:featuredmedia":[{"embeddable":true,"href":"https:\/\/mgspress.com\/shop\/wp-json\/wp\/v2\/media\/360"}],"wp:attachment":[{"href":"https:\/\/mgspress.com\/shop\/wp-json\/wp\/v2\/media?parent=168"}],"wp:term":[{"taxonomy":"product_brand","embeddable":true,"href":"https:\/\/mgspress.com\/shop\/wp-json\/wp\/v2\/product_brand?post=168"},{"taxonomy":"product_cat","embeddable":true,"href":"https:\/\/mgspress.com\/shop\/wp-json\/wp\/v2\/product_cat?post=168"},{"taxonomy":"product_tag","embeddable":true,"href":"https:\/\/mgspress.com\/shop\/wp-json\/wp\/v2\/product_tag?post=168"}],"curies":[{"name":"wp","href":"https:\/\/api.w.org\/{rel}","templated":true}]}}