{"id":164,"date":"2014-06-02T00:00:00","date_gmt":"2014-06-01T22:00:00","guid":{"rendered":"https:\/\/mgspress.com\/shop\/product\/bibliopolis-trieste-citta-dei-libri-perduti\/"},"modified":"2025-12-19T15:34:13","modified_gmt":"2025-12-19T14:34:13","slug":"bibliopolis-trieste-citta-dei-libri-perduti","status":"publish","type":"product","link":"https:\/\/mgspress.com\/shop\/prodotto\/bibliopolis-trieste-citta-dei-libri-perduti\/","title":{"rendered":"BIBLIOPOLIS. Trieste, citt\u00e0 dei libri perduti"},"content":{"rendered":"<p>Libri antichi e misteri, librai e canaglie volteggiano attorno alla libreria Bibliopolis, orgoglio della citt\u00e0 di Trieste per il suo insostituibile apporto culturale famoso in tutta Europa. Una citt\u00e0 che si \u00e8 sempre distinta per il suo amore per i libri fa da scenario all\u2019intenso processo di formazione che porter\u00e0 il giovane libraio protagonista a scontrarsi con ambigui prelati, principi decaduti e mostruosi freak per trovare il senso della sua esistenza, ma soprattutto a incontrare il suo Maestro, con cui divider\u00e0 coraggio e paura, segreti e verit\u00e0, pericoli e conquiste.<\/p>\n<p>Un libro per chi ama i libri e le librerie, per chi sa cosa c\u2019\u00e8 dentro e dietro a un libro e per chi vuole scoprirlo, perch\u00e9, come diceva Emily Dickinson, non esiste vascello che come un libro ci sa portare in terre lontane. Il romanzo, fedele ai ritmi e ai modi del thriller, esplora il privilegiato mondo dell\u2019antiquariato librario, dove il libro antico e i suoi adoratori sono i protagonisti assoluti. Un mondo esclusivo dove denaro e cultura, lecito e illecito s\u2019intrecciano in un complesso groviglio in cui \u00e8 impossibile distinguere il confine tra buoni e cattivi, e, in definitiva, tra bene e male.<\/p>\n","protected":false},"excerpt":{"rendered":"<p>Libri antichi e misteri, librai e canaglie volteggiano attorno alla libreria Bibliopolis, orgoglio della citt\u00e0 di Trieste per il suo insostituibile apporto culturale famoso in tutta Europa. Una citt\u00e0 che si \u00e8 sempre distinta per il suo amore per i libri fa da scenario all\u2019intenso processo di formazione che porter\u00e0 il giovane libraio protagonista a &hellip;<\/p>\n<p class=\"read-more\"> <a class=\"\" href=\"https:\/\/mgspress.com\/shop\/prodotto\/bibliopolis-trieste-citta-dei-libri-perduti\/\"> <span class=\"screen-reader-text\">BIBLIOPOLIS. Trieste, citt\u00e0 dei libri perduti<\/span> Leggi altro &raquo;<\/a><\/p>\n","protected":false},"featured_media":419,"template":"","meta":{"site-sidebar-layout":"default","site-content-layout":"default","ast-global-header-display":"","ast-main-header-display":"","ast-hfb-above-header-display":"","ast-hfb-below-header-display":"","ast-hfb-mobile-header-display":"","site-post-title":"","ast-breadcrumbs-content":"","ast-featured-img":"","footer-sml-layout":"","theme-transparent-header-meta":"default","adv-header-id-meta":"","stick-header-meta":"","header-above-stick-meta":"","header-main-stick-meta":"","header-below-stick-meta":""},"product_brand":[],"product_cat":[33],"product_tag":[],"class_list":{"0":"post-164","1":"product","2":"type-product","3":"status-publish","4":"has-post-thumbnail","6":"product_cat-narrativa","7":"desktop-align-left","8":"tablet-align-left","9":"mobile-align-left","11":"first","12":"instock","13":"purchasable","14":"product-type-simple"},"_links":{"self":[{"href":"https:\/\/mgspress.com\/shop\/wp-json\/wp\/v2\/product\/164","targetHints":{"allow":["GET"]}}],"collection":[{"href":"https:\/\/mgspress.com\/shop\/wp-json\/wp\/v2\/product"}],"about":[{"href":"https:\/\/mgspress.com\/shop\/wp-json\/wp\/v2\/types\/product"}],"wp:featuredmedia":[{"embeddable":true,"href":"https:\/\/mgspress.com\/shop\/wp-json\/wp\/v2\/media\/419"}],"wp:attachment":[{"href":"https:\/\/mgspress.com\/shop\/wp-json\/wp\/v2\/media?parent=164"}],"wp:term":[{"taxonomy":"product_brand","embeddable":true,"href":"https:\/\/mgspress.com\/shop\/wp-json\/wp\/v2\/product_brand?post=164"},{"taxonomy":"product_cat","embeddable":true,"href":"https:\/\/mgspress.com\/shop\/wp-json\/wp\/v2\/product_cat?post=164"},{"taxonomy":"product_tag","embeddable":true,"href":"https:\/\/mgspress.com\/shop\/wp-json\/wp\/v2\/product_tag?post=164"}],"curies":[{"name":"wp","href":"https:\/\/api.w.org\/{rel}","templated":true}]}}