{"id":163,"date":"2014-04-21T00:00:00","date_gmt":"2014-04-20T22:00:00","guid":{"rendered":"https:\/\/mgspress.com\/shop\/product\/lavventura-segreta-quando-italo-svevo-chiese-aiuto-a-sherlock-holmes\/"},"modified":"2022-10-29T13:57:30","modified_gmt":"2022-10-29T11:57:30","slug":"lavventura-segreta-quando-italo-svevo-chiese-aiuto-a-sherlock-holmes","status":"publish","type":"product","link":"https:\/\/mgspress.com\/shop\/prodotto\/lavventura-segreta-quando-italo-svevo-chiese-aiuto-a-sherlock-holmes\/","title":{"rendered":"L&#8217;avventura segreta"},"content":{"rendered":"<p>1901: \u00e8 appena iniziato il nuovo secolo \u2013 che l\u2019Europa spera foriero di prosperit\u00e0 e progresso \u2013 quando il triestino Ettore Schmitz riceve dall\u2019inflessibile suocera Olga Veneziani l\u2019incarico di gestire all\u2019estero gli affari dell\u2019azienda di famiglia.<\/p>\n<p>Ben consapevole della pesante responsabilit\u00e0, Schmitz si reca a Londra per trattare la vendita della famosa vernice antivegetativa all\u2019Ammiragliato della Marina militare, e tutto sembra procedere per il meglio fino a quando, una mattina, rimane vittima di un borseggio. La sua unica speranza \u00e8 che il famoso detective Sherlock Holmes accetti di aiutarlo a rintracciare i ladri.<\/p>\n<p>Ma erano davvero soltanto comuni borseggiatori? Quali interessi reconditi gravitano in realt\u00e0 sulla Ditta Veneziani e su Trieste? E perch\u00e9 proprio la laboriosa citt\u00e0 portuale dell\u2019Impero Asburgico dovrebbe celare la chiave per risolvere un mistero caro al Governo britannico?<\/p>\n<p>In questo inedito resoconto del dottor Watson, ambientato fra Londra e Trieste, viene finalmente rivelata l\u2019avventura pi\u00f9 segreta vissuta dal signor Schmitz, prima di diventare celebre come Italo Svevo.<\/p>\n","protected":false},"excerpt":{"rendered":"<p>1901: \u00e8 appena iniziato il nuovo secolo \u2013 che l\u2019Europa spera foriero di prosperit\u00e0 e progresso \u2013 quando il triestino Ettore Schmitz riceve dall\u2019inflessibile suocera Olga Veneziani l\u2019incarico di gestire all\u2019estero gli affari dell\u2019azienda di famiglia. Ben consapevole della pesante responsabilit\u00e0, Schmitz si reca a Londra per trattare la vendita della famosa vernice antivegetativa all\u2019Ammiragliato &hellip;<\/p>\n<p class=\"read-more\"> <a class=\"\" href=\"https:\/\/mgspress.com\/shop\/prodotto\/lavventura-segreta-quando-italo-svevo-chiese-aiuto-a-sherlock-holmes\/\"> <span class=\"screen-reader-text\">L&#8217;avventura segreta<\/span> Leggi altro &raquo;<\/a><\/p>\n","protected":false},"featured_media":355,"template":"","meta":{"site-sidebar-layout":"default","site-content-layout":"default","ast-global-header-display":"","ast-main-header-display":"","ast-hfb-above-header-display":"","ast-hfb-below-header-display":"","ast-hfb-mobile-header-display":"","site-post-title":"","ast-breadcrumbs-content":"","ast-featured-img":"","footer-sml-layout":"","theme-transparent-header-meta":"default","adv-header-id-meta":"","stick-header-meta":"","header-above-stick-meta":"","header-main-stick-meta":"","header-below-stick-meta":""},"product_brand":[],"product_cat":[33],"product_tag":[],"class_list":{"0":"post-163","1":"product","2":"type-product","3":"status-publish","4":"has-post-thumbnail","6":"product_cat-narrativa","7":"desktop-align-left","8":"tablet-align-left","9":"mobile-align-left","11":"first","12":"outofstock","13":"purchasable","14":"product-type-simple"},"_links":{"self":[{"href":"https:\/\/mgspress.com\/shop\/wp-json\/wp\/v2\/product\/163","targetHints":{"allow":["GET"]}}],"collection":[{"href":"https:\/\/mgspress.com\/shop\/wp-json\/wp\/v2\/product"}],"about":[{"href":"https:\/\/mgspress.com\/shop\/wp-json\/wp\/v2\/types\/product"}],"wp:featuredmedia":[{"embeddable":true,"href":"https:\/\/mgspress.com\/shop\/wp-json\/wp\/v2\/media\/355"}],"wp:attachment":[{"href":"https:\/\/mgspress.com\/shop\/wp-json\/wp\/v2\/media?parent=163"}],"wp:term":[{"taxonomy":"product_brand","embeddable":true,"href":"https:\/\/mgspress.com\/shop\/wp-json\/wp\/v2\/product_brand?post=163"},{"taxonomy":"product_cat","embeddable":true,"href":"https:\/\/mgspress.com\/shop\/wp-json\/wp\/v2\/product_cat?post=163"},{"taxonomy":"product_tag","embeddable":true,"href":"https:\/\/mgspress.com\/shop\/wp-json\/wp\/v2\/product_tag?post=163"}],"curies":[{"name":"wp","href":"https:\/\/api.w.org\/{rel}","templated":true}]}}