{"id":160,"date":"2013-10-23T00:00:00","date_gmt":"2013-10-22T22:00:00","guid":{"rendered":"https:\/\/mgspress.com\/shop\/product\/mayerling-anatomia-di-un-omicidio\/"},"modified":"2026-02-15T16:18:23","modified_gmt":"2026-02-15T15:18:23","slug":"mayerling-anatomia-di-un-omicidio","status":"publish","type":"product","link":"https:\/\/mgspress.com\/shop\/prodotto\/mayerling-anatomia-di-un-omicidio\/","title":{"rendered":"Mayerling. Anatomia di un omicidio"},"content":{"rendered":"<p>La mattina del 30 gennaio 1889 una notizia sensazionale scuote le Cancellerie e le Case reali di tutta Europa. Il principe ereditario austriaco, Rodolfo d\u2019Asburgo, viene trovato morto nella tenuta di caccia di Mayerling, a pochi chilometri da Vienna. Il suo cadavere giace accanto a quello di una ragazza poco pi\u00f9 che adolescente, la baronessa Maria Vetsera.<br \/>\nInizia cos\u00ec uno dei misteri pi\u00f9 intriganti del tardo Ottocento, un giallo, per non dire una spy story, che continua ad appassionare storici e reporter di mezzo mondo anche ai giorni nostri.<br \/>\nFin dalle prime ore, sono troppi i dettagli che non quadrano. A cominciare dalla goffa reazione del governo e della Corte dell\u2019Austria-Ungheria, che prima parlano di un \u201ccolpo apoplettico\u201d e poi di un atto di \u201cimprovvisa follia\u201d che avrebbe portato l\u2019arciduca ad uccidere la giovane e poi a togliersi la vita con un colpo di pistola. Un classico esempio di omicidio-suicidio, dunque, almeno in apparenza.<br \/>\nMa \u00e8 questa la verit\u00e0? L\u2019irrequieto Rodolfo \u00e8 vittima dei suoi tormenti esistenziali e di un amore impossibile? O c\u2019entrano i forti dissidi politici che da anni dividono il principe da suo padre, l\u2019imperatore Francesco Giuseppe, e dagli ambienti \u201cclerico-feudali\u201d? Oppure il giovane Asburgo \u00e8 coinvolto in qualche oscuro complotto internazionale che mira a sconvolgere i precari equilibri geopolitici del Vecchio continente?<\/p>\n<p>Amodeo e Cereghino ricostruiscono gli eventi tassello dopo tassello, col piglio dei detectives della storia contemporanea, mettendo a confronto situazioni, personaggi, documenti, testimonianze. E le novit\u00e0 non mancano. Emerge cos\u00ec che Rodolfo e Maria sono vittime di un assassinio compiuto da uno o pi\u00f9 sicari. Al di l\u00e0 di ogni ragionevole dubbio. Un delitto in piena regola, dunque, dettato da motivazioni di carattere politico, se non addirittura di natura geopolitica. A confermarlo sono anzitutto i rapporti segreti stilati dal principe Heinrich von Reuss \u2013 ambasciatore del Reich tedesco a Vienna \u2013 che svelano tra l\u2019altro le indagini compiute dal Nunzio apostolico mons. Luigi Galimberti nei giorni immediatamente successivi al delitto.<br \/>\nMa il pezzo forte della storia sono i telegrammi top secret redatti da Sir Augustus Paget, l\u2019ambasciatore inglese alla Corte di Vienna. Sono stati ritrovati dai due autori, nell\u2019autunno del 2012, negli Archivi nazionali britannici di Kew Gardens, a Sud di Londra. Si tratta di documenti inediti che vengono qui pubblicati per la prima volta. Messi a confronto, i dispacci di von Reuss e di Paget offrono una verit\u00e0 ben diversa da quella ufficiale. Finalmente plausibile. Per la prima volta, forse, dal lontano 1889.<\/p>\n<p>Mayerling, anatomia di un omicidio \u00e8 un\u2019opera a met\u00e0 strada tra l\u2019inchiesta giornalistica e il rapporto giudiziario, un libro che non mancher\u00e0 certo di sollevare dibattiti e polemiche. In Italia e soprattutto all\u2019estero.<\/p>\n","protected":false},"excerpt":{"rendered":"<p>La mattina del 30 gennaio 1889 una notizia sensazionale scuote le Cancellerie e le Case reali di tutta Europa. Il principe ereditario austriaco, Rodolfo d\u2019Asburgo, viene trovato morto nella tenuta di caccia di Mayerling, a pochi chilometri da Vienna. Il suo cadavere giace accanto a quello di una ragazza poco pi\u00f9 che adolescente, la baronessa &hellip;<\/p>\n<p class=\"read-more\"> <a class=\"\" href=\"https:\/\/mgspress.com\/shop\/prodotto\/mayerling-anatomia-di-un-omicidio\/\"> <span class=\"screen-reader-text\">Mayerling. Anatomia di un omicidio<\/span> Leggi altro &raquo;<\/a><\/p>\n","protected":false},"featured_media":321,"template":"","meta":{"site-sidebar-layout":"default","site-content-layout":"default","ast-global-header-display":"","ast-main-header-display":"","ast-hfb-above-header-display":"","ast-hfb-below-header-display":"","ast-hfb-mobile-header-display":"","site-post-title":"","ast-breadcrumbs-content":"","ast-featured-img":"","footer-sml-layout":"","theme-transparent-header-meta":"default","adv-header-id-meta":"","stick-header-meta":"","header-above-stick-meta":"","header-main-stick-meta":"","header-below-stick-meta":""},"product_brand":[],"product_cat":[24],"product_tag":[],"class_list":{"0":"post-160","1":"product","2":"type-product","3":"status-publish","4":"has-post-thumbnail","6":"product_cat-asburgo","7":"desktop-align-left","8":"tablet-align-left","9":"mobile-align-left","11":"first","12":"instock","13":"purchasable","14":"product-type-simple"},"_links":{"self":[{"href":"https:\/\/mgspress.com\/shop\/wp-json\/wp\/v2\/product\/160","targetHints":{"allow":["GET"]}}],"collection":[{"href":"https:\/\/mgspress.com\/shop\/wp-json\/wp\/v2\/product"}],"about":[{"href":"https:\/\/mgspress.com\/shop\/wp-json\/wp\/v2\/types\/product"}],"wp:featuredmedia":[{"embeddable":true,"href":"https:\/\/mgspress.com\/shop\/wp-json\/wp\/v2\/media\/321"}],"wp:attachment":[{"href":"https:\/\/mgspress.com\/shop\/wp-json\/wp\/v2\/media?parent=160"}],"wp:term":[{"taxonomy":"product_brand","embeddable":true,"href":"https:\/\/mgspress.com\/shop\/wp-json\/wp\/v2\/product_brand?post=160"},{"taxonomy":"product_cat","embeddable":true,"href":"https:\/\/mgspress.com\/shop\/wp-json\/wp\/v2\/product_cat?post=160"},{"taxonomy":"product_tag","embeddable":true,"href":"https:\/\/mgspress.com\/shop\/wp-json\/wp\/v2\/product_tag?post=160"}],"curies":[{"name":"wp","href":"https:\/\/api.w.org\/{rel}","templated":true}]}}