{"id":157,"date":"2013-04-28T00:00:00","date_gmt":"2013-04-27T22:00:00","guid":{"rendered":"https:\/\/mgspress.com\/shop\/product\/i-cedri-di-trieste\/"},"modified":"2022-11-12T11:39:47","modified_gmt":"2022-11-12T10:39:47","slug":"i-cedri-di-trieste","status":"publish","type":"product","link":"https:\/\/mgspress.com\/shop\/prodotto\/i-cedri-di-trieste\/","title":{"rendered":"I CEDRI DI TRIESTE"},"content":{"rendered":"<p>Un\u2019agiata famiglia di cattolici ed ebrei, unita da profondi affetti e forte solidariet\u00e0, la prima guerra mondiale, la fuga da Trieste, la speranza in un mondo migliore di cui per\u00f2 gi\u00e0 s\u2019intravedono crepe profonde e tragiche.<\/p>\n<p>Attraverso le vicissitudini dei protagonisti \u2013 Regina, la matriarca, che investe tutto il suo denaro (ed era molto ricca) nel prestito di guerra austriaco, crede nell\u2019Impero che le ha dato tutto e non lo tradir\u00e0 mai; Umberto, che non \u00e8 mai esistito ma che \u00e8 vissuto in altre persone ed \u00e8 sempre assillato dai dubbi; la sua amata Rita, un personaggio tra la realt\u00e0 e il sogno; la nipote Jo, madre dell\u2019autore, giovane e concreta, innamorata dell\u2019arte e delle cose belle, che immagina per lei un futuro pieno di grandi viaggi e un lavoro da archeologa, cose che non far\u00e0 mai, ma delle quali parla sempre come se le avesse fatte \u2013 assistiamo agli eventi drammatici che hanno trasformato definitivamente le loro vite e il loro, il nostro mondo.<\/p>\n<p>I cedri di Trieste \u00e8 un romanzo costruito sulle lettere \u2013 circa 130 \u2013 che furono scambiate tra Jo, le sue amiche e i suoi parenti durante la prima guerra mondiale.<\/p>\n","protected":false},"excerpt":{"rendered":"<p>Un\u2019agiata famiglia di cattolici ed ebrei, unita da profondi affetti e forte solidariet\u00e0, la prima guerra mondiale, la fuga da Trieste, la speranza in un mondo migliore di cui per\u00f2 gi\u00e0 s\u2019intravedono crepe profonde e tragiche. Attraverso le vicissitudini dei protagonisti \u2013 Regina, la matriarca, che investe tutto il suo denaro (ed era molto ricca) &hellip;<\/p>\n<p class=\"read-more\"> <a class=\"\" href=\"https:\/\/mgspress.com\/shop\/prodotto\/i-cedri-di-trieste\/\"> <span class=\"screen-reader-text\">I CEDRI DI TRIESTE<\/span> Leggi altro &raquo;<\/a><\/p>\n","protected":false},"featured_media":391,"template":"","meta":{"site-sidebar-layout":"default","site-content-layout":"default","ast-global-header-display":"","ast-main-header-display":"","ast-hfb-above-header-display":"","ast-hfb-below-header-display":"","ast-hfb-mobile-header-display":"","site-post-title":"","ast-breadcrumbs-content":"","ast-featured-img":"","footer-sml-layout":"","theme-transparent-header-meta":"default","adv-header-id-meta":"","stick-header-meta":"","header-above-stick-meta":"","header-main-stick-meta":"","header-below-stick-meta":""},"product_brand":[],"product_cat":[33],"product_tag":[],"class_list":{"0":"post-157","1":"product","2":"type-product","3":"status-publish","4":"has-post-thumbnail","6":"product_cat-narrativa","7":"desktop-align-left","8":"tablet-align-left","9":"mobile-align-left","11":"first","12":"instock","13":"purchasable","14":"product-type-simple"},"_links":{"self":[{"href":"https:\/\/mgspress.com\/shop\/wp-json\/wp\/v2\/product\/157","targetHints":{"allow":["GET"]}}],"collection":[{"href":"https:\/\/mgspress.com\/shop\/wp-json\/wp\/v2\/product"}],"about":[{"href":"https:\/\/mgspress.com\/shop\/wp-json\/wp\/v2\/types\/product"}],"wp:featuredmedia":[{"embeddable":true,"href":"https:\/\/mgspress.com\/shop\/wp-json\/wp\/v2\/media\/391"}],"wp:attachment":[{"href":"https:\/\/mgspress.com\/shop\/wp-json\/wp\/v2\/media?parent=157"}],"wp:term":[{"taxonomy":"product_brand","embeddable":true,"href":"https:\/\/mgspress.com\/shop\/wp-json\/wp\/v2\/product_brand?post=157"},{"taxonomy":"product_cat","embeddable":true,"href":"https:\/\/mgspress.com\/shop\/wp-json\/wp\/v2\/product_cat?post=157"},{"taxonomy":"product_tag","embeddable":true,"href":"https:\/\/mgspress.com\/shop\/wp-json\/wp\/v2\/product_tag?post=157"}],"curies":[{"name":"wp","href":"https:\/\/api.w.org\/{rel}","templated":true}]}}