{"id":153,"date":"2012-11-17T00:00:00","date_gmt":"2012-11-16T23:00:00","guid":{"rendered":"https:\/\/mgspress.com\/shop\/product\/tango-per-gli-dei\/"},"modified":"2024-10-07T12:43:02","modified_gmt":"2024-10-07T10:43:02","slug":"tango-per-gli-dei","status":"publish","type":"product","link":"https:\/\/mgspress.com\/shop\/prodotto\/tango-per-gli-dei\/","title":{"rendered":"Tango per gli Dei"},"content":{"rendered":"<p>Ottanta brevi racconti che, in rapidi schizzi, tratteggiano l\u2019essenza del Tango argentino, un ballo che, come scrive l\u2019autrice, \u201ccrea dipendenza\u201d. Pensieri intimi ed esperienze di milonga si susseguono in vivaci pennellate di colore, che svelano l\u2019animo della scrittrice e ci rivelano come il microcosmo del tango sia specchio del mondo reale: un mondo lunare e paradossale, denso di eros e pathos, che si svolge di notte, ma con rimando continuo al giorno e alla sua solarit\u00e0, cui i tangueros tornano con passo stanco, ma con animo gonfio di emozioni. Perch\u00e8 il tango \u00e8 soprattutto questo: scambio profondo di sguardi, condivisione di passioni, emozioni e quant\u2019altro, nello spazio circoscritto, ma anche universale dilatato, di un ballo di coppia.<\/p>\n","protected":false},"excerpt":{"rendered":"<p>Ottanta brevi racconti che, in rapidi schizzi, tratteggiano l\u2019essenza del Tango argentino, un ballo che, come scrive l\u2019autrice, \u201ccrea dipendenza\u201d. Pensieri intimi ed esperienze di milonga si susseguono in vivaci pennellate di colore, che svelano l\u2019animo della scrittrice e ci rivelano come il microcosmo del tango sia specchio del mondo reale: un mondo lunare e &hellip;<\/p>\n<p class=\"read-more\"> <a class=\"\" href=\"https:\/\/mgspress.com\/shop\/prodotto\/tango-per-gli-dei\/\"> <span class=\"screen-reader-text\">Tango per gli Dei<\/span> Leggi altro &raquo;<\/a><\/p>\n","protected":false},"featured_media":476,"template":"","meta":{"site-sidebar-layout":"default","site-content-layout":"default","ast-global-header-display":"","ast-main-header-display":"","ast-hfb-above-header-display":"","ast-hfb-below-header-display":"","ast-hfb-mobile-header-display":"","site-post-title":"","ast-breadcrumbs-content":"","ast-featured-img":"","footer-sml-layout":"","theme-transparent-header-meta":"default","adv-header-id-meta":"","stick-header-meta":"","header-above-stick-meta":"","header-main-stick-meta":"","header-below-stick-meta":""},"product_brand":[],"product_cat":[33],"product_tag":[],"class_list":{"0":"post-153","1":"product","2":"type-product","3":"status-publish","4":"has-post-thumbnail","6":"product_cat-narrativa","7":"desktop-align-left","8":"tablet-align-left","9":"mobile-align-left","11":"first","12":"outofstock","13":"purchasable","14":"product-type-simple"},"_links":{"self":[{"href":"https:\/\/mgspress.com\/shop\/wp-json\/wp\/v2\/product\/153","targetHints":{"allow":["GET"]}}],"collection":[{"href":"https:\/\/mgspress.com\/shop\/wp-json\/wp\/v2\/product"}],"about":[{"href":"https:\/\/mgspress.com\/shop\/wp-json\/wp\/v2\/types\/product"}],"wp:featuredmedia":[{"embeddable":true,"href":"https:\/\/mgspress.com\/shop\/wp-json\/wp\/v2\/media\/476"}],"wp:attachment":[{"href":"https:\/\/mgspress.com\/shop\/wp-json\/wp\/v2\/media?parent=153"}],"wp:term":[{"taxonomy":"product_brand","embeddable":true,"href":"https:\/\/mgspress.com\/shop\/wp-json\/wp\/v2\/product_brand?post=153"},{"taxonomy":"product_cat","embeddable":true,"href":"https:\/\/mgspress.com\/shop\/wp-json\/wp\/v2\/product_cat?post=153"},{"taxonomy":"product_tag","embeddable":true,"href":"https:\/\/mgspress.com\/shop\/wp-json\/wp\/v2\/product_tag?post=153"}],"curies":[{"name":"wp","href":"https:\/\/api.w.org\/{rel}","templated":true}]}}