{"id":152,"date":"2012-09-10T00:00:00","date_gmt":"2012-09-09T22:00:00","guid":{"rendered":"https:\/\/mgspress.com\/shop\/product\/le-mie-tre-vite\/"},"modified":"2023-03-03T18:27:20","modified_gmt":"2023-03-03T17:27:20","slug":"le-mie-tre-vite","status":"publish","type":"product","link":"https:\/\/mgspress.com\/shop\/prodotto\/le-mie-tre-vite\/","title":{"rendered":"Le mie tre vite"},"content":{"rendered":"<p>\u00c8 possibile vivere tre vite? A Jerry Consul \u00e8 accaduto. \u00c8 nato a Trieste nel 1936 come Erminio, \u00e8 cresciuto in Israele dal 1948 come Yermiyahu, \u00e8 diventato un uomo maturo negli Stati Uniti come Jerry, dove approd\u00f2 nel 1960. Tre vite vissute combattendo, con coraggio e determinazione: da piccolo per non essere sopraffatto dalla miseria, dalla guerra e da un terribile segreto di cui era inconsapevole; da adolescente per sopravvivere in un Paese in guerra, continuamente minacciato da pericolosi vicini; da adulto per affermarsi in una Nazione che offre mille possibilit\u00e0, ma dove non si pu\u00f2 sbagliare. Una biografia che \u00e8 un romanzo e che conferma il vecchio adagio secondo il quale la realt\u00e0 supera sempre la fantasia.<\/p>\n","protected":false},"excerpt":{"rendered":"<p>\u00c8 possibile vivere tre vite? A Jerry Consul \u00e8 accaduto. \u00c8 nato a Trieste nel 1936 come Erminio, \u00e8 cresciuto in Israele dal 1948 come Yermiyahu, \u00e8 diventato un uomo maturo negli Stati Uniti come Jerry, dove approd\u00f2 nel 1960. Tre vite vissute combattendo, con coraggio e determinazione: da piccolo per non essere sopraffatto dalla &hellip;<\/p>\n<p class=\"read-more\"> <a class=\"\" href=\"https:\/\/mgspress.com\/shop\/prodotto\/le-mie-tre-vite\/\"> <span class=\"screen-reader-text\">Le mie tre vite<\/span> Leggi altro &raquo;<\/a><\/p>\n","protected":false},"featured_media":477,"template":"","meta":{"site-sidebar-layout":"default","site-content-layout":"default","ast-global-header-display":"","ast-main-header-display":"","ast-hfb-above-header-display":"","ast-hfb-below-header-display":"","ast-hfb-mobile-header-display":"","site-post-title":"","ast-breadcrumbs-content":"","ast-featured-img":"","footer-sml-layout":"","theme-transparent-header-meta":"default","adv-header-id-meta":"","stick-header-meta":"","header-above-stick-meta":"","header-main-stick-meta":"","header-below-stick-meta":""},"product_brand":[],"product_cat":[33],"product_tag":[],"class_list":{"0":"post-152","1":"product","2":"type-product","3":"status-publish","4":"has-post-thumbnail","6":"product_cat-narrativa","7":"desktop-align-left","8":"tablet-align-left","9":"mobile-align-left","11":"first","12":"instock","13":"purchasable","14":"product-type-simple"},"_links":{"self":[{"href":"https:\/\/mgspress.com\/shop\/wp-json\/wp\/v2\/product\/152","targetHints":{"allow":["GET"]}}],"collection":[{"href":"https:\/\/mgspress.com\/shop\/wp-json\/wp\/v2\/product"}],"about":[{"href":"https:\/\/mgspress.com\/shop\/wp-json\/wp\/v2\/types\/product"}],"wp:featuredmedia":[{"embeddable":true,"href":"https:\/\/mgspress.com\/shop\/wp-json\/wp\/v2\/media\/477"}],"wp:attachment":[{"href":"https:\/\/mgspress.com\/shop\/wp-json\/wp\/v2\/media?parent=152"}],"wp:term":[{"taxonomy":"product_brand","embeddable":true,"href":"https:\/\/mgspress.com\/shop\/wp-json\/wp\/v2\/product_brand?post=152"},{"taxonomy":"product_cat","embeddable":true,"href":"https:\/\/mgspress.com\/shop\/wp-json\/wp\/v2\/product_cat?post=152"},{"taxonomy":"product_tag","embeddable":true,"href":"https:\/\/mgspress.com\/shop\/wp-json\/wp\/v2\/product_tag?post=152"}],"curies":[{"name":"wp","href":"https:\/\/api.w.org\/{rel}","templated":true}]}}