{"id":151,"date":"2012-02-29T00:00:00","date_gmt":"2012-02-28T23:00:00","guid":{"rendered":"https:\/\/mgspress.com\/shop\/product\/supplet-ecclesia-e-altri-racconti\/"},"modified":"2023-01-15T10:55:11","modified_gmt":"2023-01-15T09:55:11","slug":"supplet-ecclesia-e-altri-racconti","status":"publish","type":"product","link":"https:\/\/mgspress.com\/shop\/prodotto\/supplet-ecclesia-e-altri-racconti\/","title":{"rendered":"Supplet Ecclesia e altri racconti"},"content":{"rendered":"<p>Che ne sar\u00e0 del centro storico e delle nostre chiese? E che ne sar\u00e0 dello strudel o degli \u017elikrofi? La globalizzazione culturale spinta cui oggi assistiamo potr\u00e0 avere degli esiti disastrosi, come anche per\u00f2 farci assistere ad una rinascita spirituale, che magari partir\u00e0 in maniera imprevista ed impensata dai pi\u00f9 giovani, dagli adolescenti.<\/p>\n<p>In un avvincente giallo fantareligioso, il libro descrive una societ\u00e0 in rapido ed inesorabile invecchiamento, dipendente dalle sostanze antidepressive, con una legislazione che ha scelto la direzione dell\u2019individualismo pi\u00f9 radicale sino a forzare l\u2019intimit\u00e0 familiare e addirittura biologica dei pi\u00f9 giovani. Mentre il profilo etnico del territorio \u2013 gi\u00e0 modificato sostanzialmente dall\u2019immigrazione \u2013 viene sconvolto in maniera improvvisa da un evento impensabile, la sparizione dei riferimenti religiosi cristiani lascer\u00e0 spazio alla rinascita spirituale in nuove improvvisate \u201ccatacombe\u201d.<\/p>\n<p>I brevi racconti esplorano in maniera quasi onirica come potrebbe diventare la nostra societ\u00e0 in un futuro non troppo lontano, collocato \u2013 in maniera indefinita \u2013 nello spazio distante alcuni decenni dall\u2019oggi. I racconti, testimonia l\u2019autore, sono nati quasi da soli, provocati da articoli di cronaca o da incontri e riflessioni sgorgate dalla sua attivit\u00e0 quotidiana.<\/p>\n","protected":false},"excerpt":{"rendered":"<p>Che ne sar\u00e0 del centro storico e delle nostre chiese? E che ne sar\u00e0 dello strudel o degli \u017elikrofi? La globalizzazione culturale spinta cui oggi assistiamo potr\u00e0 avere degli esiti disastrosi, come anche per\u00f2 farci assistere ad una rinascita spirituale, che magari partir\u00e0 in maniera imprevista ed impensata dai pi\u00f9 giovani, dagli adolescenti. In un &hellip;<\/p>\n<p class=\"read-more\"> <a class=\"\" href=\"https:\/\/mgspress.com\/shop\/prodotto\/supplet-ecclesia-e-altri-racconti\/\"> <span class=\"screen-reader-text\">Supplet Ecclesia e altri racconti<\/span> Leggi altro &raquo;<\/a><\/p>\n","protected":false},"featured_media":478,"template":"","meta":{"site-sidebar-layout":"default","site-content-layout":"default","ast-global-header-display":"","ast-main-header-display":"","ast-hfb-above-header-display":"","ast-hfb-below-header-display":"","ast-hfb-mobile-header-display":"","site-post-title":"","ast-breadcrumbs-content":"","ast-featured-img":"","footer-sml-layout":"","theme-transparent-header-meta":"default","adv-header-id-meta":"","stick-header-meta":"","header-above-stick-meta":"","header-main-stick-meta":"","header-below-stick-meta":""},"product_brand":[],"product_cat":[33],"product_tag":[],"class_list":{"0":"post-151","1":"product","2":"type-product","3":"status-publish","4":"has-post-thumbnail","6":"product_cat-narrativa","7":"desktop-align-left","8":"tablet-align-left","9":"mobile-align-left","11":"first","12":"instock","13":"purchasable","14":"product-type-simple"},"_links":{"self":[{"href":"https:\/\/mgspress.com\/shop\/wp-json\/wp\/v2\/product\/151","targetHints":{"allow":["GET"]}}],"collection":[{"href":"https:\/\/mgspress.com\/shop\/wp-json\/wp\/v2\/product"}],"about":[{"href":"https:\/\/mgspress.com\/shop\/wp-json\/wp\/v2\/types\/product"}],"wp:featuredmedia":[{"embeddable":true,"href":"https:\/\/mgspress.com\/shop\/wp-json\/wp\/v2\/media\/478"}],"wp:attachment":[{"href":"https:\/\/mgspress.com\/shop\/wp-json\/wp\/v2\/media?parent=151"}],"wp:term":[{"taxonomy":"product_brand","embeddable":true,"href":"https:\/\/mgspress.com\/shop\/wp-json\/wp\/v2\/product_brand?post=151"},{"taxonomy":"product_cat","embeddable":true,"href":"https:\/\/mgspress.com\/shop\/wp-json\/wp\/v2\/product_cat?post=151"},{"taxonomy":"product_tag","embeddable":true,"href":"https:\/\/mgspress.com\/shop\/wp-json\/wp\/v2\/product_tag?post=151"}],"curies":[{"name":"wp","href":"https:\/\/api.w.org\/{rel}","templated":true}]}}