{"id":150,"date":"2012-02-29T00:00:00","date_gmt":"2012-02-28T23:00:00","guid":{"rendered":"https:\/\/mgspress.com\/shop\/product\/il-mio-passato\/"},"modified":"2025-02-25T15:15:49","modified_gmt":"2025-02-25T14:15:49","slug":"il-mio-passato","status":"publish","type":"product","link":"https:\/\/mgspress.com\/shop\/prodotto\/il-mio-passato\/","title":{"rendered":"Il mio passato"},"content":{"rendered":"<p>Figlia di Luigi di Baviera, fratello dell\u2019imperatrice Elisabetta, sin da bambina pupilla della zia Sissi ma anche succube del suo intrigante, egoistico fascino, Maria Larisch \u00e8 uno di quei personaggi che scansano le responsabilit\u00e0 e le conseguenze dei propri atti, che altri invece a loro addebitano senza possibilit\u00e0 di sconto.<\/p>\n<p>Dopo la tragedia di Mayerling, che la vide coinvolta in prima persona (era lei che combinava gli incontri tra Rodolfo e Maria Vetsera), l\u2019amata Sissi non volle mai pi\u00f9 incontrare Maria, la quale peraltro, in questo concitato, vivido e romanzesco memoriale riferisce una frase di Rodolfo brutale e infangante: \u201cSei sempre stata la mezzana di mia madre\u201d. Dunque mezzana anche per il figlio.<\/p>\n<p>Ma la coloritura di questa storia raccontata vivacemente in prima persona ha ben altri accenti di violenza: il dietro le quinte del dorato mondo imperiale e dell\u2019aristocrazia austro-bavarese \u00e8 una sequenza di orrori che la Larisch butta sulla pagina senza alcun ritegno, talora con compiaciuto spregio. Matrimoni calcolati e forzati, disgusti violenti fra coniugi, sopraffazioni, disamori, dissipazioni di denaro, astuti calcoli di societ\u00e0, e certo non da ultimo, nelle due famiglie imparentate dei re di Baviera e degli Asburgo d\u2019Austria-Ungheria, la follia che dilaga in tutti i cervelli. Pi\u00f9 romantica nei tedeschi, pi\u00f9 depravata negli austriaci, ci assicura la Larisch raccontando la pazzia visionaria di Ludwig, morto suicida nel lago di Starnberg, la discesa verso atteggiamenti \u201cda bestia\u201d dell\u2019ancora pi\u00f9 alienato fratello Otto, e altre gravi e irrimediabili demenze, oltre alla deriva anoressica e molto poetica di Sissi, innamorata della bellezza, ma insofferente dei propri figli, causa per lei di deplorevoli attentati alla sua perfezione fisica.<\/p>\n<p>Dopo tre matrimoni (il conte Larisch, il cantante Brucks e l\u2019agricoltore di origine belga Meyers), sei figli e una vita molto movimentata, Maria mor\u00ec in miseria nel convento di San Servazio, a Maastricht, in Olanda, il 4 luglio 1940.<\/p>\n","protected":false},"excerpt":{"rendered":"<p>Figlia di Luigi di Baviera, fratello dell\u2019imperatrice Elisabetta, sin da bambina pupilla della zia Sissi ma anche succube del suo intrigante, egoistico fascino, Maria Larisch \u00e8 uno di quei personaggi che scansano le responsabilit\u00e0 e le conseguenze dei propri atti, che altri invece a loro addebitano senza possibilit\u00e0 di sconto. Dopo la tragedia di Mayerling, &hellip;<\/p>\n<p class=\"read-more\"> <a class=\"\" href=\"https:\/\/mgspress.com\/shop\/prodotto\/il-mio-passato\/\"> <span class=\"screen-reader-text\">Il mio passato<\/span> Leggi altro &raquo;<\/a><\/p>\n","protected":false},"featured_media":289,"template":"","meta":{"site-sidebar-layout":"default","site-content-layout":"default","ast-global-header-display":"","ast-main-header-display":"","ast-hfb-above-header-display":"","ast-hfb-below-header-display":"","ast-hfb-mobile-header-display":"","site-post-title":"","ast-breadcrumbs-content":"","ast-featured-img":"","footer-sml-layout":"","theme-transparent-header-meta":"default","adv-header-id-meta":"","stick-header-meta":"","header-above-stick-meta":"","header-main-stick-meta":"","header-below-stick-meta":""},"product_brand":[],"product_cat":[24],"product_tag":[],"class_list":{"0":"post-150","1":"product","2":"type-product","3":"status-publish","4":"has-post-thumbnail","6":"product_cat-asburgo","7":"desktop-align-left","8":"tablet-align-left","9":"mobile-align-left","11":"first","12":"instock","13":"purchasable","14":"product-type-simple"},"_links":{"self":[{"href":"https:\/\/mgspress.com\/shop\/wp-json\/wp\/v2\/product\/150","targetHints":{"allow":["GET"]}}],"collection":[{"href":"https:\/\/mgspress.com\/shop\/wp-json\/wp\/v2\/product"}],"about":[{"href":"https:\/\/mgspress.com\/shop\/wp-json\/wp\/v2\/types\/product"}],"wp:featuredmedia":[{"embeddable":true,"href":"https:\/\/mgspress.com\/shop\/wp-json\/wp\/v2\/media\/289"}],"wp:attachment":[{"href":"https:\/\/mgspress.com\/shop\/wp-json\/wp\/v2\/media?parent=150"}],"wp:term":[{"taxonomy":"product_brand","embeddable":true,"href":"https:\/\/mgspress.com\/shop\/wp-json\/wp\/v2\/product_brand?post=150"},{"taxonomy":"product_cat","embeddable":true,"href":"https:\/\/mgspress.com\/shop\/wp-json\/wp\/v2\/product_cat?post=150"},{"taxonomy":"product_tag","embeddable":true,"href":"https:\/\/mgspress.com\/shop\/wp-json\/wp\/v2\/product_tag?post=150"}],"curies":[{"name":"wp","href":"https:\/\/api.w.org\/{rel}","templated":true}]}}