{"id":147,"date":"2011-12-06T00:00:00","date_gmt":"2011-12-05T23:00:00","guid":{"rendered":"https:\/\/mgspress.com\/shop\/product\/il-cognome-sbagliato-una-storia-vera\/"},"modified":"2023-03-13T16:55:56","modified_gmt":"2023-03-13T15:55:56","slug":"il-cognome-sbagliato-una-storia-vera","status":"publish","type":"product","link":"https:\/\/mgspress.com\/shop\/prodotto\/il-cognome-sbagliato-una-storia-vera\/","title":{"rendered":"Il cognome sbagliato. Una storia vera"},"content":{"rendered":"<p>Un inconsapevole ragazzo-padre. Una ragazza-madre risoluta al di l\u00e0 dei suoi 17 anni. Un figlio casuale, inopportuno, che viene a scombussolare vite e sentimenti di due famiglie, divise tra la riluttante accettazione e la totale negazione del fatto compiuto. Nulla di particolarmente strano, una situazione alquanto comune, forse perfino banale. Ma \u00e8 il 1942. A 21 anni il ragazzo-padre viene scaraventato in Russia, nella catastrofica avventura dell\u2019Armir, e ne rimane inghiottito. Sar\u00e0 uno delle decine di migliaia di soldati \u201cdispersi\u201d, non se ne sapr\u00e0 pi\u00f9 nulla.<\/p>\n<p>Crescendo, il bimbo inopportuno ignorer\u00e0 perfino la sua esistenza, ritenendosi figlio di un altro uomo che frattanto ha sposato la risoluta ragazza e gli ha dato un cognome, ancorch\u00e9 non quello giusto, per poi sparire a sua volta dalla vita del minuscolo, scombinato nucleo familiare. Sar\u00e0 infine la madre, troppi anni dopo, a rivelare al ragazzo (da tempo divenuto uomo fatto) l\u2019occultata verit\u00e0. Per lui comincer\u00e0 allora una faticosa, tormentata queste: che, tra accessi di cinismo e di emozione, di ira e di piet\u00e0, lo porter\u00e0 a ricostruire lentamente nel suo cuore la figura del padre sconosciuto e ignorato, a pacificarsi con la sua fantasmatica immagine.<\/p>\n","protected":false},"excerpt":{"rendered":"<p>Un inconsapevole ragazzo-padre. Una ragazza-madre risoluta al di l\u00e0 dei suoi 17 anni. Un figlio casuale, inopportuno, che viene a scombussolare vite e sentimenti di due famiglie, divise tra la riluttante accettazione e la totale negazione del fatto compiuto. Nulla di particolarmente strano, una situazione alquanto comune, forse perfino banale. Ma \u00e8 il 1942. A &hellip;<\/p>\n<p class=\"read-more\"> <a class=\"\" href=\"https:\/\/mgspress.com\/shop\/prodotto\/il-cognome-sbagliato-una-storia-vera\/\"> <span class=\"screen-reader-text\">Il cognome sbagliato. Una storia vera<\/span> Leggi altro &raquo;<\/a><\/p>\n","protected":false},"featured_media":481,"template":"","meta":{"site-sidebar-layout":"default","site-content-layout":"default","ast-global-header-display":"","ast-main-header-display":"","ast-hfb-above-header-display":"","ast-hfb-below-header-display":"","ast-hfb-mobile-header-display":"","site-post-title":"","ast-breadcrumbs-content":"","ast-featured-img":"","footer-sml-layout":"","theme-transparent-header-meta":"default","adv-header-id-meta":"","stick-header-meta":"","header-above-stick-meta":"","header-main-stick-meta":"","header-below-stick-meta":""},"product_brand":[],"product_cat":[33],"product_tag":[],"class_list":{"0":"post-147","1":"product","2":"type-product","3":"status-publish","4":"has-post-thumbnail","6":"product_cat-narrativa","7":"desktop-align-left","8":"tablet-align-left","9":"mobile-align-left","11":"first","12":"instock","13":"purchasable","14":"product-type-simple"},"_links":{"self":[{"href":"https:\/\/mgspress.com\/shop\/wp-json\/wp\/v2\/product\/147","targetHints":{"allow":["GET"]}}],"collection":[{"href":"https:\/\/mgspress.com\/shop\/wp-json\/wp\/v2\/product"}],"about":[{"href":"https:\/\/mgspress.com\/shop\/wp-json\/wp\/v2\/types\/product"}],"wp:featuredmedia":[{"embeddable":true,"href":"https:\/\/mgspress.com\/shop\/wp-json\/wp\/v2\/media\/481"}],"wp:attachment":[{"href":"https:\/\/mgspress.com\/shop\/wp-json\/wp\/v2\/media?parent=147"}],"wp:term":[{"taxonomy":"product_brand","embeddable":true,"href":"https:\/\/mgspress.com\/shop\/wp-json\/wp\/v2\/product_brand?post=147"},{"taxonomy":"product_cat","embeddable":true,"href":"https:\/\/mgspress.com\/shop\/wp-json\/wp\/v2\/product_cat?post=147"},{"taxonomy":"product_tag","embeddable":true,"href":"https:\/\/mgspress.com\/shop\/wp-json\/wp\/v2\/product_tag?post=147"}],"curies":[{"name":"wp","href":"https:\/\/api.w.org\/{rel}","templated":true}]}}