{"id":141,"date":"2011-08-08T00:00:00","date_gmt":"2011-08-07T22:00:00","guid":{"rendered":"https:\/\/mgspress.com\/shop\/product\/codice-lipizza\/"},"modified":"2023-03-13T16:56:06","modified_gmt":"2023-03-13T15:56:06","slug":"codice-lipizza","status":"publish","type":"product","link":"https:\/\/mgspress.com\/shop\/prodotto\/codice-lipizza\/","title":{"rendered":"Codice Lipizza"},"content":{"rendered":"<p>\u00c8 un libro minacciosamente allegro, che racconta la lotta delle arcane forze dell&#8217;Universo. In un bosco vicino alla famosa dolina di L\u00ecpizza, una stupenda amazzone consegna un messaggio al narratore di questa storia. Cosa contiene? Da chi viene? Perch\u00e8 \u00e8 stato recapitato proprio a lui? Il Bene e il Male, nella loro guerra eterna, si sono affrontati anche qui e le loro battaglie hanno determinato gli avvenimenti successi a Trieste e dintorni, ancor prima che iniziasse la sua Storia ufficiale. Mito e Storia, quindi, ma anche cronache attuali di questa strana e speciale citt\u00e0 e dei suoi strani e speciali abitanti.<\/p>\n<p>Il Codice L\u00ecpizza \u00e8 un misterioso documento che racconta fatti ignoti successi nel passato, ma che ancora oggi influenzano gli avvenimenti di questa parte del pianeta. Se la suspence non vi uccider\u00e0, leggendo questo libro li conoscerete anche voi. Franco Francescato \u00e8 un triestino docg, nato qualche tempo fa sulla riva destra del Patoc. Medico chirurgo, ex primario ospedaliero e docente universitario, oltre a numerose opere scientifiche ha pubblicato un romanzo autobiografico, Nato sul Golfo (Edizioni Italo Svevo, Trieste 2008).<\/p>\n","protected":false},"excerpt":{"rendered":"<p>\u00c8 un libro minacciosamente allegro, che racconta la lotta delle arcane forze dell&#8217;Universo. In un bosco vicino alla famosa dolina di L\u00ecpizza, una stupenda amazzone consegna un messaggio al narratore di questa storia. Cosa contiene? Da chi viene? Perch\u00e8 \u00e8 stato recapitato proprio a lui? Il Bene e il Male, nella loro guerra eterna, si &hellip;<\/p>\n<p class=\"read-more\"> <a class=\"\" href=\"https:\/\/mgspress.com\/shop\/prodotto\/codice-lipizza\/\"> <span class=\"screen-reader-text\">Codice Lipizza<\/span> Leggi altro &raquo;<\/a><\/p>\n","protected":false},"featured_media":486,"template":"","meta":{"site-sidebar-layout":"default","site-content-layout":"default","ast-global-header-display":"","ast-main-header-display":"","ast-hfb-above-header-display":"","ast-hfb-below-header-display":"","ast-hfb-mobile-header-display":"","site-post-title":"","ast-breadcrumbs-content":"","ast-featured-img":"","footer-sml-layout":"","theme-transparent-header-meta":"default","adv-header-id-meta":"","stick-header-meta":"","header-above-stick-meta":"","header-main-stick-meta":"","header-below-stick-meta":""},"product_brand":[],"product_cat":[33],"product_tag":[],"class_list":{"0":"post-141","1":"product","2":"type-product","3":"status-publish","4":"has-post-thumbnail","6":"product_cat-narrativa","7":"desktop-align-left","8":"tablet-align-left","9":"mobile-align-left","11":"first","12":"instock","13":"purchasable","14":"product-type-simple"},"_links":{"self":[{"href":"https:\/\/mgspress.com\/shop\/wp-json\/wp\/v2\/product\/141","targetHints":{"allow":["GET"]}}],"collection":[{"href":"https:\/\/mgspress.com\/shop\/wp-json\/wp\/v2\/product"}],"about":[{"href":"https:\/\/mgspress.com\/shop\/wp-json\/wp\/v2\/types\/product"}],"wp:featuredmedia":[{"embeddable":true,"href":"https:\/\/mgspress.com\/shop\/wp-json\/wp\/v2\/media\/486"}],"wp:attachment":[{"href":"https:\/\/mgspress.com\/shop\/wp-json\/wp\/v2\/media?parent=141"}],"wp:term":[{"taxonomy":"product_brand","embeddable":true,"href":"https:\/\/mgspress.com\/shop\/wp-json\/wp\/v2\/product_brand?post=141"},{"taxonomy":"product_cat","embeddable":true,"href":"https:\/\/mgspress.com\/shop\/wp-json\/wp\/v2\/product_cat?post=141"},{"taxonomy":"product_tag","embeddable":true,"href":"https:\/\/mgspress.com\/shop\/wp-json\/wp\/v2\/product_tag?post=141"}],"curies":[{"name":"wp","href":"https:\/\/api.w.org\/{rel}","templated":true}]}}