{"id":137,"date":"2011-08-08T00:00:00","date_gmt":"2011-08-07T22:00:00","guid":{"rendered":"https:\/\/mgspress.com\/shop\/product\/testa-omo-testa\/"},"modified":"2025-12-15T16:49:27","modified_gmt":"2025-12-15T15:49:27","slug":"testa-omo-testa","status":"publish","type":"product","link":"https:\/\/mgspress.com\/shop\/prodotto\/testa-omo-testa\/","title":{"rendered":"Testa, omo, testa"},"content":{"rendered":"<p>Robe de mati sta mularia bisi\u00e0ca, i combina de tuti i colori: balone, schersi de mona, \u2019ndar a morose a Cividal co tute le babe che xe in casa&#8230; Ma mai gavevo sent\u00ec che par imbroiar un posto de bloco dei caramba par paura de \u00e9ssar bec\u00e0i pienoni de vin i ga fat finta de imbriagar perfin un daino. Robe de pissarse dosso ste storiele. Come quela dei d\u00f3 amici che se trova e un ghe disi a quel altro: ci\u00f2, simpatica to molie, de tant ridar semo cascai dal let.<\/p>\n<p>Bote de orbi, bote de curar co l\u2019aqua de buro, quela che usava i veci bisi\u00e0chi che no i capiva un boro de quel che ghe diseva el dotor. Lu ghe ordinava acqua de Burov, quel russo che ga invent\u00e0 la pomata contro i dolori. Invece i veci squaiava un dit de buro ta un poca de acqua e i se bagnava. Che schifo, epur i guariva. Ma ste robe no xe scrite tal libro: miga xe tute qua le mon\u00e0de de noi bisi\u00e0chi. Leg\u00e8 sto libret, xe de morir de ridar. Roberto Covaz<\/p>\n","protected":false},"excerpt":{"rendered":"<p>Robe de mati sta mularia bisi\u00e0ca, i combina de tuti i colori: balone, schersi de mona, \u2019ndar a morose a Cividal co tute le babe che xe in casa&#8230; Ma mai gavevo sent\u00ec che par imbroiar un posto de bloco dei caramba par paura de \u00e9ssar bec\u00e0i pienoni de vin i ga fat finta de &hellip;<\/p>\n<p class=\"read-more\"> <a class=\"\" href=\"https:\/\/mgspress.com\/shop\/prodotto\/testa-omo-testa\/\"> <span class=\"screen-reader-text\">Testa, omo, testa<\/span> Leggi altro &raquo;<\/a><\/p>\n","protected":false},"featured_media":488,"template":"","meta":{"site-sidebar-layout":"default","site-content-layout":"default","ast-global-header-display":"","ast-main-header-display":"","ast-hfb-above-header-display":"","ast-hfb-below-header-display":"","ast-hfb-mobile-header-display":"","site-post-title":"","ast-breadcrumbs-content":"","ast-featured-img":"","footer-sml-layout":"","theme-transparent-header-meta":"default","adv-header-id-meta":"","stick-header-meta":"","header-above-stick-meta":"","header-main-stick-meta":"","header-below-stick-meta":""},"product_brand":[],"product_cat":[27],"product_tag":[],"class_list":{"0":"post-137","1":"product","2":"type-product","3":"status-publish","4":"has-post-thumbnail","6":"product_cat-dialetto-triestino","7":"desktop-align-left","8":"tablet-align-left","9":"mobile-align-left","11":"first","12":"instock","13":"purchasable","14":"product-type-simple"},"_links":{"self":[{"href":"https:\/\/mgspress.com\/shop\/wp-json\/wp\/v2\/product\/137","targetHints":{"allow":["GET"]}}],"collection":[{"href":"https:\/\/mgspress.com\/shop\/wp-json\/wp\/v2\/product"}],"about":[{"href":"https:\/\/mgspress.com\/shop\/wp-json\/wp\/v2\/types\/product"}],"wp:featuredmedia":[{"embeddable":true,"href":"https:\/\/mgspress.com\/shop\/wp-json\/wp\/v2\/media\/488"}],"wp:attachment":[{"href":"https:\/\/mgspress.com\/shop\/wp-json\/wp\/v2\/media?parent=137"}],"wp:term":[{"taxonomy":"product_brand","embeddable":true,"href":"https:\/\/mgspress.com\/shop\/wp-json\/wp\/v2\/product_brand?post=137"},{"taxonomy":"product_cat","embeddable":true,"href":"https:\/\/mgspress.com\/shop\/wp-json\/wp\/v2\/product_cat?post=137"},{"taxonomy":"product_tag","embeddable":true,"href":"https:\/\/mgspress.com\/shop\/wp-json\/wp\/v2\/product_tag?post=137"}],"curies":[{"name":"wp","href":"https:\/\/api.w.org\/{rel}","templated":true}]}}