{"id":135,"date":"2011-08-08T00:00:00","date_gmt":"2011-08-07T22:00:00","guid":{"rendered":"https:\/\/mgspress.com\/shop\/product\/elisabeth-gli-ultimi-anni\/"},"modified":"2025-11-16T22:13:19","modified_gmt":"2025-11-16T21:13:19","slug":"elisabeth-gli-ultimi-anni","status":"publish","type":"product","link":"https:\/\/mgspress.com\/shop\/prodotto\/elisabeth-gli-ultimi-anni\/","title":{"rendered":"Elisabeth, gli ultimi anni"},"content":{"rendered":"<h2><strong>\u00a0<\/strong><\/h2>\n<p>Prima traduzione italiana di ALESSANDRA PICCININI \/ A cura di CINZIA BENUSSI.<br \/>\nScrive la contessa Irma Szt\u00e0ray: Gli anni scorrono veloci. Con il tempo ho l\u2019impressione che le loro ali fruscianti mi sfiorino con un soffio sempre pi\u00f9 ghiacciato. Tremo. L\u2019autunno umido, l\u2019inverno freddo gi\u00e0 cos\u00ec vicini, mi indirizzano il loro triste saluto. Devo fare presto, perch\u00e9 la vita si affretta anch\u2019essa. Ispirata da queste riflessioni, ho cercato le lettere che avevo scritto a mia madre; me ne volevo servire per redigere un libro di ricordi affettuosi, compito che mi ero assegnata durante le ore pi\u00f9 difficili della mia vita.<\/p>\n<p>Queste lettere risalgono tutte all\u2019epoca in cui fui al servizio della nostra augusta imperatrice e regina Elisabetta; questo scritto che ne ho tratto, l\u2019accompagna fedelmente fino alla tomba. So che il mio stile \u00e8 fiacco ma, nonostante ci\u00f2, sento che \u00e8 mio dovere intraprendere questo lavoro. La persona fortunata alla quale un giorno sar\u00e0 dato di immortalare per i posteri la figura augusta della nostra sovrana e di dipingere questa splendente natura poetica, potr\u00e0 servirsi di questo modesto libretto per ritrarre Elisabetta. Potr\u00e0 trarne alcune peculiarit\u00e0 con le quali il suo ritratto risulter\u00e0 pi\u00f9 completo e trover\u00e0 delle rivelazioni che scaturiscono dal fondo di questa anima buona.<\/p>\n<p>Sentirmi la collaboratrice di questo fortunato artista mi procura una grande gioia. Descrivendola com\u2019era, attraverso il mio affetto pi\u00f9 caloroso, ho l\u2019impressione di fare qualche cosa per lei\u201d. La contessa mor\u00ec nubile il 3 settembre 1940 nella propriet\u00e0 di famiglia di Sobrancz (Ungheria), all\u2019et\u00e0 di 76 anni. Quarantadue anni erano passati dall\u2019attentato di Ginevra, anni in cui presero forma i ricordi pi\u00f9 belli della sua vita.<\/p>\n","protected":false},"excerpt":{"rendered":"<p>\u00a0 Prima traduzione italiana di ALESSANDRA PICCININI \/ A cura di CINZIA BENUSSI. Scrive la contessa Irma Szt\u00e0ray: Gli anni scorrono veloci. Con il tempo ho l\u2019impressione che le loro ali fruscianti mi sfiorino con un soffio sempre pi\u00f9 ghiacciato. Tremo. L\u2019autunno umido, l\u2019inverno freddo gi\u00e0 cos\u00ec vicini, mi indirizzano il loro triste saluto. Devo &hellip;<\/p>\n<p class=\"read-more\"> <a class=\"\" href=\"https:\/\/mgspress.com\/shop\/prodotto\/elisabeth-gli-ultimi-anni\/\"> <span class=\"screen-reader-text\">Elisabeth, gli ultimi anni<\/span> Leggi altro &raquo;<\/a><\/p>\n","protected":false},"featured_media":425,"template":"","meta":{"site-sidebar-layout":"default","site-content-layout":"default","ast-global-header-display":"","ast-main-header-display":"","ast-hfb-above-header-display":"","ast-hfb-below-header-display":"","ast-hfb-mobile-header-display":"","site-post-title":"","ast-breadcrumbs-content":"","ast-featured-img":"","footer-sml-layout":"","theme-transparent-header-meta":"default","adv-header-id-meta":"","stick-header-meta":"","header-above-stick-meta":"","header-main-stick-meta":"","header-below-stick-meta":""},"product_brand":[],"product_cat":[24],"product_tag":[],"class_list":{"0":"post-135","1":"product","2":"type-product","3":"status-publish","4":"has-post-thumbnail","6":"product_cat-asburgo","7":"desktop-align-left","8":"tablet-align-left","9":"mobile-align-left","11":"first","12":"instock","13":"purchasable","14":"product-type-simple"},"_links":{"self":[{"href":"https:\/\/mgspress.com\/shop\/wp-json\/wp\/v2\/product\/135","targetHints":{"allow":["GET"]}}],"collection":[{"href":"https:\/\/mgspress.com\/shop\/wp-json\/wp\/v2\/product"}],"about":[{"href":"https:\/\/mgspress.com\/shop\/wp-json\/wp\/v2\/types\/product"}],"wp:featuredmedia":[{"embeddable":true,"href":"https:\/\/mgspress.com\/shop\/wp-json\/wp\/v2\/media\/425"}],"wp:attachment":[{"href":"https:\/\/mgspress.com\/shop\/wp-json\/wp\/v2\/media?parent=135"}],"wp:term":[{"taxonomy":"product_brand","embeddable":true,"href":"https:\/\/mgspress.com\/shop\/wp-json\/wp\/v2\/product_brand?post=135"},{"taxonomy":"product_cat","embeddable":true,"href":"https:\/\/mgspress.com\/shop\/wp-json\/wp\/v2\/product_cat?post=135"},{"taxonomy":"product_tag","embeddable":true,"href":"https:\/\/mgspress.com\/shop\/wp-json\/wp\/v2\/product_tag?post=135"}],"curies":[{"name":"wp","href":"https:\/\/api.w.org\/{rel}","templated":true}]}}