{"id":132,"date":"2011-08-08T00:00:00","date_gmt":"2011-08-07T22:00:00","guid":{"rendered":"https:\/\/mgspress.com\/shop\/product\/la-bora-in-testa\/"},"modified":"2022-10-28T15:42:03","modified_gmt":"2022-10-28T13:42:03","slug":"la-bora-in-testa","status":"publish","type":"product","link":"https:\/\/mgspress.com\/shop\/prodotto\/la-bora-in-testa\/","title":{"rendered":"La bora in testa"},"content":{"rendered":"<p>SECONDA EDIZIONE.<br \/>\nUna citt\u00e0 innominata, ma che \u00e8 Trieste, nella sua netta evidenza topografica, lessicale e caratteriale: una citt\u00e0 frustrata e scettica, inquieta e disorientata, in cui, tra gli assalti e i soprassalti della bora, si consumano piccoli-grandi drammi, pietosi e grotteschi. Un protagonista che attraversa con disincanto crescente tre cruciali decenni del Novecento. E, attorno a lui, in una ridda stordente e paradossale, molti altri attori, alcuni \u201cospiti illustri\u201d e una folla di comparse. Soffia la bora spazzando strade e piazze. Ma la bora pi\u00f9 inquietante \u00e8 nella mente di ognuno: sani e \u201cmalati\u201d, pazzi e \u201cnormali\u201d. E le tragicomiche vicende in tre \u201ctempi\u201d (dai primi Anni \u201920 ai tardi Anni \u201940) che investono come folate la citt\u00e0 e i suoi bizzarri abitanti si risolvono in uno psicodramma di gruppo che \u00e8, anche e soprattutto, ansia di fuga dalla precariet\u00e0 quotidiana, febbrile ricerca di identit\u00e0.<\/p>\n","protected":false},"excerpt":{"rendered":"<p>SECONDA EDIZIONE. Una citt\u00e0 innominata, ma che \u00e8 Trieste, nella sua netta evidenza topografica, lessicale e caratteriale: una citt\u00e0 frustrata e scettica, inquieta e disorientata, in cui, tra gli assalti e i soprassalti della bora, si consumano piccoli-grandi drammi, pietosi e grotteschi. Un protagonista che attraversa con disincanto crescente tre cruciali decenni del Novecento. E, &hellip;<\/p>\n<p class=\"read-more\"> <a class=\"\" href=\"https:\/\/mgspress.com\/shop\/prodotto\/la-bora-in-testa\/\"> <span class=\"screen-reader-text\">La bora in testa<\/span> Leggi altro &raquo;<\/a><\/p>\n","protected":false},"featured_media":287,"template":"","meta":{"site-sidebar-layout":"default","site-content-layout":"default","ast-global-header-display":"","ast-main-header-display":"","ast-hfb-above-header-display":"","ast-hfb-below-header-display":"","ast-hfb-mobile-header-display":"","site-post-title":"","ast-breadcrumbs-content":"","ast-featured-img":"","footer-sml-layout":"","theme-transparent-header-meta":"default","adv-header-id-meta":"","stick-header-meta":"","header-above-stick-meta":"","header-main-stick-meta":"","header-below-stick-meta":""},"product_brand":[],"product_cat":[33],"product_tag":[],"class_list":{"0":"post-132","1":"product","2":"type-product","3":"status-publish","4":"has-post-thumbnail","6":"product_cat-narrativa","7":"desktop-align-left","8":"tablet-align-left","9":"mobile-align-left","11":"first","12":"outofstock","13":"purchasable","14":"product-type-simple"},"_links":{"self":[{"href":"https:\/\/mgspress.com\/shop\/wp-json\/wp\/v2\/product\/132","targetHints":{"allow":["GET"]}}],"collection":[{"href":"https:\/\/mgspress.com\/shop\/wp-json\/wp\/v2\/product"}],"about":[{"href":"https:\/\/mgspress.com\/shop\/wp-json\/wp\/v2\/types\/product"}],"wp:featuredmedia":[{"embeddable":true,"href":"https:\/\/mgspress.com\/shop\/wp-json\/wp\/v2\/media\/287"}],"wp:attachment":[{"href":"https:\/\/mgspress.com\/shop\/wp-json\/wp\/v2\/media?parent=132"}],"wp:term":[{"taxonomy":"product_brand","embeddable":true,"href":"https:\/\/mgspress.com\/shop\/wp-json\/wp\/v2\/product_brand?post=132"},{"taxonomy":"product_cat","embeddable":true,"href":"https:\/\/mgspress.com\/shop\/wp-json\/wp\/v2\/product_cat?post=132"},{"taxonomy":"product_tag","embeddable":true,"href":"https:\/\/mgspress.com\/shop\/wp-json\/wp\/v2\/product_tag?post=132"}],"curies":[{"name":"wp","href":"https:\/\/api.w.org\/{rel}","templated":true}]}}