{"id":116,"date":"2011-08-07T00:00:00","date_gmt":"2011-08-06T22:00:00","guid":{"rendered":"https:\/\/mgspress.com\/shop\/product\/gesuiti-a-trieste\/"},"modified":"2025-12-02T12:00:32","modified_gmt":"2025-12-02T11:00:32","slug":"gesuiti-a-trieste","status":"publish","type":"product","link":"https:\/\/mgspress.com\/shop\/prodotto\/gesuiti-a-trieste\/","title":{"rendered":"Gesuiti a Trieste"},"content":{"rendered":"<p>La presenza dei gesuiti a Trieste \u00e8, come la storia di questa citt\u00e0, segnata da fratture, strappi, discontinuit\u00e0, frantumazioni: rischia di divenire narrazione per capitoli, per eventi, per segmenti, dimenticando l&#8217;insieme, il contesto, le ragioni, i perch\u00e9. Questo libro, pur non avendo la presunzione di essere un libro di storia della Compagnia di Ges\u00f9 a Trieste, aiuta, gesuiti e non, a vedere finalmente raccolti in un solo volume saggi che affrontavano finora solo frammenti isolati e che qui sono raccolti in forma organica.<\/p>\n","protected":false},"excerpt":{"rendered":"<p>La presenza dei gesuiti a Trieste \u00e8, come la storia di questa citt\u00e0, segnata da fratture, strappi, discontinuit\u00e0, frantumazioni: rischia di divenire narrazione per capitoli, per eventi, per segmenti, dimenticando l&#8217;insieme, il contesto, le ragioni, i perch\u00e9. Questo libro, pur non avendo la presunzione di essere un libro di storia della Compagnia di Ges\u00f9 a &hellip;<\/p>\n<p class=\"read-more\"> <a class=\"\" href=\"https:\/\/mgspress.com\/shop\/prodotto\/gesuiti-a-trieste\/\"> <span class=\"screen-reader-text\">Gesuiti a Trieste<\/span> Leggi altro &raquo;<\/a><\/p>\n","protected":false},"featured_media":498,"template":"","meta":{"site-sidebar-layout":"default","site-content-layout":"default","ast-global-header-display":"","ast-main-header-display":"","ast-hfb-above-header-display":"","ast-hfb-below-header-display":"","ast-hfb-mobile-header-display":"","site-post-title":"","ast-breadcrumbs-content":"","ast-featured-img":"","footer-sml-layout":"","theme-transparent-header-meta":"default","adv-header-id-meta":"","stick-header-meta":"","header-above-stick-meta":"","header-main-stick-meta":"","header-below-stick-meta":""},"product_brand":[],"product_cat":[34],"product_tag":[],"class_list":{"0":"post-116","1":"product","2":"type-product","3":"status-publish","4":"has-post-thumbnail","6":"product_cat-storia","7":"desktop-align-left","8":"tablet-align-left","9":"mobile-align-left","11":"first","12":"instock","13":"purchasable","14":"product-type-simple"},"_links":{"self":[{"href":"https:\/\/mgspress.com\/shop\/wp-json\/wp\/v2\/product\/116","targetHints":{"allow":["GET"]}}],"collection":[{"href":"https:\/\/mgspress.com\/shop\/wp-json\/wp\/v2\/product"}],"about":[{"href":"https:\/\/mgspress.com\/shop\/wp-json\/wp\/v2\/types\/product"}],"wp:featuredmedia":[{"embeddable":true,"href":"https:\/\/mgspress.com\/shop\/wp-json\/wp\/v2\/media\/498"}],"wp:attachment":[{"href":"https:\/\/mgspress.com\/shop\/wp-json\/wp\/v2\/media?parent=116"}],"wp:term":[{"taxonomy":"product_brand","embeddable":true,"href":"https:\/\/mgspress.com\/shop\/wp-json\/wp\/v2\/product_brand?post=116"},{"taxonomy":"product_cat","embeddable":true,"href":"https:\/\/mgspress.com\/shop\/wp-json\/wp\/v2\/product_cat?post=116"},{"taxonomy":"product_tag","embeddable":true,"href":"https:\/\/mgspress.com\/shop\/wp-json\/wp\/v2\/product_tag?post=116"}],"curies":[{"name":"wp","href":"https:\/\/api.w.org\/{rel}","templated":true}]}}