{"id":113,"date":"2011-08-07T00:00:00","date_gmt":"2011-08-06T22:00:00","guid":{"rendered":"https:\/\/mgspress.com\/shop\/product\/i-cimiteri-di-trieste-un-aldila-multietnico\/"},"modified":"2025-12-02T12:00:32","modified_gmt":"2025-12-02T11:00:32","slug":"i-cimiteri-di-trieste-un-aldila-multietnico","status":"publish","type":"product","link":"https:\/\/mgspress.com\/shop\/prodotto\/i-cimiteri-di-trieste-un-aldila-multietnico\/","title":{"rendered":"I cimiteri di Trieste. Un aldil\u00e0 multietnico"},"content":{"rendered":"<p>Trieste, citt\u00e0 cosmopolita. Trieste, crocevia (se non, impropriamente, crogiolo) di genti, lingue, culture. Nulla pi\u00f9 di una visita ai cimiteri cittadini d\u00e0 la misura della sostanziale veridicit\u00e0 di queste apparenti &#8220;frasi fatte&#8221;. Cattolici, protestanti, ebrei, greci-orientali, serbo-ortodossi, musulmani: da pi\u00f9 di 150 anni tutte le comunit\u00e0 religiose cittadine onorano i propri defunti negli spazi &#8211; grandi, piccoli o minuscoli &#8211; del comprensorio di Sant&#8217;Anna, dove nel 1842 vennero accorpati d&#8217;autorit\u00e0 dal Comune i diversi camposanti &#8220;storici&#8221;, prima sparsi sul colle (troppo vicino alla citt\u00e0 che cresceva) di San Giusto e di Montuzza.<\/p>\n","protected":false},"excerpt":{"rendered":"<p>Trieste, citt\u00e0 cosmopolita. Trieste, crocevia (se non, impropriamente, crogiolo) di genti, lingue, culture. Nulla pi\u00f9 di una visita ai cimiteri cittadini d\u00e0 la misura della sostanziale veridicit\u00e0 di queste apparenti &#8220;frasi fatte&#8221;. Cattolici, protestanti, ebrei, greci-orientali, serbo-ortodossi, musulmani: da pi\u00f9 di 150 anni tutte le comunit\u00e0 religiose cittadine onorano i propri defunti negli spazi &#8211; &hellip;<\/p>\n<p class=\"read-more\"> <a class=\"\" href=\"https:\/\/mgspress.com\/shop\/prodotto\/i-cimiteri-di-trieste-un-aldila-multietnico\/\"> <span class=\"screen-reader-text\">I cimiteri di Trieste. Un aldil\u00e0 multietnico<\/span> Leggi altro &raquo;<\/a><\/p>\n","protected":false},"featured_media":412,"template":"","meta":{"site-sidebar-layout":"default","site-content-layout":"default","ast-global-header-display":"","ast-main-header-display":"","ast-hfb-above-header-display":"","ast-hfb-below-header-display":"","ast-hfb-mobile-header-display":"","site-post-title":"","ast-breadcrumbs-content":"","ast-featured-img":"","footer-sml-layout":"","theme-transparent-header-meta":"default","adv-header-id-meta":"","stick-header-meta":"","header-above-stick-meta":"","header-main-stick-meta":"","header-below-stick-meta":""},"product_brand":[],"product_cat":[34],"product_tag":[],"class_list":{"0":"post-113","1":"product","2":"type-product","3":"status-publish","4":"has-post-thumbnail","6":"product_cat-storia","7":"desktop-align-left","8":"tablet-align-left","9":"mobile-align-left","11":"first","12":"instock","13":"purchasable","14":"product-type-simple"},"_links":{"self":[{"href":"https:\/\/mgspress.com\/shop\/wp-json\/wp\/v2\/product\/113","targetHints":{"allow":["GET"]}}],"collection":[{"href":"https:\/\/mgspress.com\/shop\/wp-json\/wp\/v2\/product"}],"about":[{"href":"https:\/\/mgspress.com\/shop\/wp-json\/wp\/v2\/types\/product"}],"wp:featuredmedia":[{"embeddable":true,"href":"https:\/\/mgspress.com\/shop\/wp-json\/wp\/v2\/media\/412"}],"wp:attachment":[{"href":"https:\/\/mgspress.com\/shop\/wp-json\/wp\/v2\/media?parent=113"}],"wp:term":[{"taxonomy":"product_brand","embeddable":true,"href":"https:\/\/mgspress.com\/shop\/wp-json\/wp\/v2\/product_brand?post=113"},{"taxonomy":"product_cat","embeddable":true,"href":"https:\/\/mgspress.com\/shop\/wp-json\/wp\/v2\/product_cat?post=113"},{"taxonomy":"product_tag","embeddable":true,"href":"https:\/\/mgspress.com\/shop\/wp-json\/wp\/v2\/product_tag?post=113"}],"curies":[{"name":"wp","href":"https:\/\/api.w.org\/{rel}","templated":true}]}}