{"id":112,"date":"2011-08-07T00:00:00","date_gmt":"2011-08-06T22:00:00","guid":{"rendered":"https:\/\/mgspress.com\/shop\/product\/la-costiera-triestina\/"},"modified":"2023-01-19T10:17:52","modified_gmt":"2023-01-19T09:17:52","slug":"la-costiera-triestina","status":"publish","type":"product","link":"https:\/\/mgspress.com\/shop\/prodotto\/la-costiera-triestina\/","title":{"rendered":"La Costiera triestina"},"content":{"rendered":"<p>Si chiama flysch, deriva dal verbo tedesco che significa slittare. Il flysch \u00e8 la caratteristica geologica della costiera triestina. Una fascia di terra lunga poco pi\u00f9 di 15 chilometri di terra ripida, dove il Carso passa il testimone al mare Adriatico. La costiera triestina \u00e8 un maestoso e stupendo corridoio lungo il quale si ammira metro dopo metro, prospettiva dopo prospettiva, la scontrosa bellezza di Trieste. Ma la bellezza della costiera \u00e8 minacciata dal flysch, o per meglio dire dalla sottovalutazione che l&#8217;uomo sta reiterando rispetto a questa insidiosa verit\u00e0 morfologica. La smisurata proliferazione di case, l&#8217;abbandono dei pastini e degli antichi sentieri dei pescatori stanno minando la stabilit\u00e0 della costiera, tagliata a met\u00e0 da una strada unica al mondo, che \u00e8 stata costruita un&#8217;ottantina di anni fa a scopo prevalentemente turistico e panoramico, ma che ancora oggi resta l&#8217;accesso principale a Trieste con tutte le conseguenze che ne derivano. Non ultima l&#8217;asserita pericolosit\u00e0, una fama immeritata.<\/p>\n<p>La costiera triestina e la sua strada sono i protagonisti di questo libro, che pagina dopo pagina accompagna il lettore in un viaggio a zigzag tra la storia, le consuetudini e la cronaca tormentata di questo piccolo, meraviglioso microcosmo giuliano. Un libro che \u00e8 anche una denuncia, un appello: qualcuno salvi la costiera. Potrebbe crollare.<\/p>\n","protected":false},"excerpt":{"rendered":"<p>Si chiama flysch, deriva dal verbo tedesco che significa slittare. Il flysch \u00e8 la caratteristica geologica della costiera triestina. Una fascia di terra lunga poco pi\u00f9 di 15 chilometri di terra ripida, dove il Carso passa il testimone al mare Adriatico. La costiera triestina \u00e8 un maestoso e stupendo corridoio lungo il quale si ammira &hellip;<\/p>\n<p class=\"read-more\"> <a class=\"\" href=\"https:\/\/mgspress.com\/shop\/prodotto\/la-costiera-triestina\/\"> <span class=\"screen-reader-text\">La Costiera triestina<\/span> Leggi altro &raquo;<\/a><\/p>\n","protected":false},"featured_media":405,"template":"","meta":{"site-sidebar-layout":"default","site-content-layout":"default","ast-global-header-display":"","ast-main-header-display":"","ast-hfb-above-header-display":"","ast-hfb-below-header-display":"","ast-hfb-mobile-header-display":"","site-post-title":"","ast-breadcrumbs-content":"","ast-featured-img":"","footer-sml-layout":"","theme-transparent-header-meta":"default","adv-header-id-meta":"","stick-header-meta":"","header-above-stick-meta":"","header-main-stick-meta":"","header-below-stick-meta":""},"product_brand":[],"product_cat":[34],"product_tag":[],"class_list":{"0":"post-112","1":"product","2":"type-product","3":"status-publish","4":"has-post-thumbnail","6":"product_cat-storia","7":"desktop-align-left","8":"tablet-align-left","9":"mobile-align-left","11":"first","12":"outofstock","13":"purchasable","14":"product-type-simple"},"_links":{"self":[{"href":"https:\/\/mgspress.com\/shop\/wp-json\/wp\/v2\/product\/112","targetHints":{"allow":["GET"]}}],"collection":[{"href":"https:\/\/mgspress.com\/shop\/wp-json\/wp\/v2\/product"}],"about":[{"href":"https:\/\/mgspress.com\/shop\/wp-json\/wp\/v2\/types\/product"}],"wp:featuredmedia":[{"embeddable":true,"href":"https:\/\/mgspress.com\/shop\/wp-json\/wp\/v2\/media\/405"}],"wp:attachment":[{"href":"https:\/\/mgspress.com\/shop\/wp-json\/wp\/v2\/media?parent=112"}],"wp:term":[{"taxonomy":"product_brand","embeddable":true,"href":"https:\/\/mgspress.com\/shop\/wp-json\/wp\/v2\/product_brand?post=112"},{"taxonomy":"product_cat","embeddable":true,"href":"https:\/\/mgspress.com\/shop\/wp-json\/wp\/v2\/product_cat?post=112"},{"taxonomy":"product_tag","embeddable":true,"href":"https:\/\/mgspress.com\/shop\/wp-json\/wp\/v2\/product_tag?post=112"}],"curies":[{"name":"wp","href":"https:\/\/api.w.org\/{rel}","templated":true}]}}