{"id":110,"date":"2011-08-06T00:00:00","date_gmt":"2011-08-05T22:00:00","guid":{"rendered":"https:\/\/mgspress.com\/shop\/product\/italo-svevo-itinerari-triestini-triestine-itineraries\/"},"modified":"2023-03-13T17:01:56","modified_gmt":"2023-03-13T16:01:56","slug":"italo-svevo-itinerari-triestini-triestine-itineraries","status":"publish","type":"product","link":"https:\/\/mgspress.com\/shop\/prodotto\/italo-svevo-itinerari-triestini-triestine-itineraries\/","title":{"rendered":"Italo Svevo. Itinerari triestini\/Triestine Itineraries"},"content":{"rendered":"<p>Il libro ricostruisce, introducendo nuove informazioni e dettagli, il paesaggio urbano dove visse e ambient\u00f2 le sue opere Italo Svevo: le abitazioni, i teatri dove nacque la sua passione per la letteratura, le sedi dei giornali dove collabor\u00f2, i luoghi di lavoro e degli svaghi, i circoli artistici e sportivi, i caff\u00e8 dove intratteneva relazioni con gli altri intellettuali. Tutto ci\u00f2, presentato per la prima volta sotto forma di \u201cpercorsi visivi\u201d nella realt\u00e0 della sua Trieste, fa da sfondo al racconto di un apprendistato lungo e complesso, le cui tappe sono segnate fino ad un certo momento da clamorosi insuccessi.<\/p>\n<p>Giunse infine la fama, grazie all\u2019interessamento di James Joyce, suo allievo e amico letterario fin dal 1907, quando i due si conobbero alla Berlitz School di Trieste e finirono con l\u2019influenzarsi a vicenda, anche dopo la partenza di Joyce per Parigi nel 1920. Di quegli anni, della corrispondenza tra Svevo e Joyce, delle trepidazioni e della raggiante felicit\u00e0 conseguita al successo definitivo si parla nella parte finale del volume, dove i \u201cluoghi\u201d dei loro incontri aggiungono altre tappe ad un itinerario che \u00e8 specchio della citt\u00e0, ma anche della mente.<\/p>\n","protected":false},"excerpt":{"rendered":"<p>Il libro ricostruisce, introducendo nuove informazioni e dettagli, il paesaggio urbano dove visse e ambient\u00f2 le sue opere Italo Svevo: le abitazioni, i teatri dove nacque la sua passione per la letteratura, le sedi dei giornali dove collabor\u00f2, i luoghi di lavoro e degli svaghi, i circoli artistici e sportivi, i caff\u00e8 dove intratteneva relazioni &hellip;<\/p>\n<p class=\"read-more\"> <a class=\"\" href=\"https:\/\/mgspress.com\/shop\/prodotto\/italo-svevo-itinerari-triestini-triestine-itineraries\/\"> <span class=\"screen-reader-text\">Italo Svevo. Itinerari triestini\/Triestine Itineraries<\/span> Leggi altro &raquo;<\/a><\/p>\n","protected":false},"featured_media":352,"template":"","meta":{"site-sidebar-layout":"default","site-content-layout":"default","ast-global-header-display":"","ast-main-header-display":"","ast-hfb-above-header-display":"","ast-hfb-below-header-display":"","ast-hfb-mobile-header-display":"","site-post-title":"","ast-breadcrumbs-content":"","ast-featured-img":"","footer-sml-layout":"","theme-transparent-header-meta":"default","adv-header-id-meta":"","stick-header-meta":"","header-above-stick-meta":"","header-main-stick-meta":"","header-below-stick-meta":""},"product_brand":[],"product_cat":[34],"product_tag":[],"class_list":{"0":"post-110","1":"product","2":"type-product","3":"status-publish","4":"has-post-thumbnail","6":"product_cat-storia","7":"desktop-align-left","8":"tablet-align-left","9":"mobile-align-left","11":"first","12":"instock","13":"purchasable","14":"product-type-simple"},"_links":{"self":[{"href":"https:\/\/mgspress.com\/shop\/wp-json\/wp\/v2\/product\/110","targetHints":{"allow":["GET"]}}],"collection":[{"href":"https:\/\/mgspress.com\/shop\/wp-json\/wp\/v2\/product"}],"about":[{"href":"https:\/\/mgspress.com\/shop\/wp-json\/wp\/v2\/types\/product"}],"wp:featuredmedia":[{"embeddable":true,"href":"https:\/\/mgspress.com\/shop\/wp-json\/wp\/v2\/media\/352"}],"wp:attachment":[{"href":"https:\/\/mgspress.com\/shop\/wp-json\/wp\/v2\/media?parent=110"}],"wp:term":[{"taxonomy":"product_brand","embeddable":true,"href":"https:\/\/mgspress.com\/shop\/wp-json\/wp\/v2\/product_brand?post=110"},{"taxonomy":"product_cat","embeddable":true,"href":"https:\/\/mgspress.com\/shop\/wp-json\/wp\/v2\/product_cat?post=110"},{"taxonomy":"product_tag","embeddable":true,"href":"https:\/\/mgspress.com\/shop\/wp-json\/wp\/v2\/product_tag?post=110"}],"curies":[{"name":"wp","href":"https:\/\/api.w.org\/{rel}","templated":true}]}}