{"id":108,"date":"2011-08-06T00:00:00","date_gmt":"2011-08-05T22:00:00","guid":{"rendered":"https:\/\/mgspress.com\/shop\/product\/venti-secoli-di-cristianesimo\/"},"modified":"2023-01-18T17:25:24","modified_gmt":"2023-01-18T16:25:24","slug":"venti-secoli-di-cristianesimo","status":"publish","type":"product","link":"https:\/\/mgspress.com\/shop\/prodotto\/venti-secoli-di-cristianesimo\/","title":{"rendered":"Venti secoli di Cristianesimo"},"content":{"rendered":"<p>Lo scopo di questo libro \u00e8 semplicemente quello di far conoscere nei vari secoli \u2013 a partire dall\u2019annuncio di Pietro a Gerusalemme il giorno di Pentecoste sino all\u2019impegno dei nostri giorni \u2013 la presenza profetica dei Cristiani nel mondo, riportando i fatti che abbiamo ritenuto pi\u00f9 significativi lungo l\u2019arco della storia dell\u2019evangelizzazione. Persecuzioni e successi hanno accompagnato ogni secolo: mai, anche nei tempi pi\u00f9 bui, \u00e8 venuta meno la generosit\u00e0, la fortezza e la carit\u00e0 nella Comunit\u00e0 cristiana anche verso i persecutori. Anche i Cristiani hanno fatto l\u2019esperienza del peccato e molti sono stati di scandalo per il Vangelo. Ma Cristo ci richiama alla conversione.<\/p>\n","protected":false},"excerpt":{"rendered":"<p>Lo scopo di questo libro \u00e8 semplicemente quello di far conoscere nei vari secoli \u2013 a partire dall\u2019annuncio di Pietro a Gerusalemme il giorno di Pentecoste sino all\u2019impegno dei nostri giorni \u2013 la presenza profetica dei Cristiani nel mondo, riportando i fatti che abbiamo ritenuto pi\u00f9 significativi lungo l\u2019arco della storia dell\u2019evangelizzazione. Persecuzioni e successi &hellip;<\/p>\n<p class=\"read-more\"> <a class=\"\" href=\"https:\/\/mgspress.com\/shop\/prodotto\/venti-secoli-di-cristianesimo\/\"> <span class=\"screen-reader-text\">Venti secoli di Cristianesimo<\/span> Leggi altro &raquo;<\/a><\/p>\n","protected":false},"featured_media":502,"template":"","meta":{"site-sidebar-layout":"default","site-content-layout":"default","ast-global-header-display":"","ast-main-header-display":"","ast-hfb-above-header-display":"","ast-hfb-below-header-display":"","ast-hfb-mobile-header-display":"","site-post-title":"","ast-breadcrumbs-content":"","ast-featured-img":"","footer-sml-layout":"","theme-transparent-header-meta":"default","adv-header-id-meta":"","stick-header-meta":"","header-above-stick-meta":"","header-main-stick-meta":"","header-below-stick-meta":""},"product_brand":[],"product_cat":[34],"product_tag":[],"class_list":{"0":"post-108","1":"product","2":"type-product","3":"status-publish","4":"has-post-thumbnail","6":"product_cat-storia","7":"desktop-align-left","8":"tablet-align-left","9":"mobile-align-left","11":"first","12":"instock","13":"purchasable","14":"product-type-simple"},"_links":{"self":[{"href":"https:\/\/mgspress.com\/shop\/wp-json\/wp\/v2\/product\/108","targetHints":{"allow":["GET"]}}],"collection":[{"href":"https:\/\/mgspress.com\/shop\/wp-json\/wp\/v2\/product"}],"about":[{"href":"https:\/\/mgspress.com\/shop\/wp-json\/wp\/v2\/types\/product"}],"wp:featuredmedia":[{"embeddable":true,"href":"https:\/\/mgspress.com\/shop\/wp-json\/wp\/v2\/media\/502"}],"wp:attachment":[{"href":"https:\/\/mgspress.com\/shop\/wp-json\/wp\/v2\/media?parent=108"}],"wp:term":[{"taxonomy":"product_brand","embeddable":true,"href":"https:\/\/mgspress.com\/shop\/wp-json\/wp\/v2\/product_brand?post=108"},{"taxonomy":"product_cat","embeddable":true,"href":"https:\/\/mgspress.com\/shop\/wp-json\/wp\/v2\/product_cat?post=108"},{"taxonomy":"product_tag","embeddable":true,"href":"https:\/\/mgspress.com\/shop\/wp-json\/wp\/v2\/product_tag?post=108"}],"curies":[{"name":"wp","href":"https:\/\/api.w.org\/{rel}","templated":true}]}}