{"id":105,"date":"2011-08-06T00:00:00","date_gmt":"2011-08-05T22:00:00","guid":{"rendered":"https:\/\/mgspress.com\/shop\/product\/memorie-di-un-fumatore\/"},"modified":"2025-12-19T15:34:13","modified_gmt":"2025-12-19T14:34:13","slug":"memorie-di-un-fumatore","status":"publish","type":"product","link":"https:\/\/mgspress.com\/shop\/prodotto\/memorie-di-un-fumatore\/","title":{"rendered":"Memorie di un fumatore"},"content":{"rendered":"<p>Le memorie di uno scrittore non sono semplicemente una catena di ricordi, anche se qui ne troviamo di nitidi e precisi, dalla fanciullezza alla maturit\u00e0, legati dal filo conduttore del fumo, gi\u00e0 motivo letterario in Italo Svevo. Memorie di un fumatore (il romanzo di un uomo, di una vita, di una citt\u00e0) \u00e8 il ritratto allo specchio di un autore schivo, che non amava parlare di s\u00e9, e che qui ci propone il suo modo di attraversare la realt\u00e0 del quotidiano con il perenne dubbio che la vita sia altra, e una riflessione sulla vita secondo l\u2019umana filosofia che troviamo sempre, in controluce, nelle sue storie niente affatto consolatorie. Un testo di grande interesse per i lettori di Mattioni, che qui troveranno l\u2019origine della sua narrativa (uno spirito di avventura che \u00e8 insito nel viaggio dell\u2019esistenza); un documento fondamentale per i critici, che riconosceranno nei fatti e nei luoghi i nuclei di tutti i suoi romanzi, dal Sosia, al Re ne comanda una, a Palla avvelenata, con in pi\u00f9 riferimenti a libri ancora inediti; ma anche una lettura godibile per gli appassionati della storia di Trieste, di cui Mattioni ci offre uno spaccato di prima mano tra il 1920 e 1990, con una miniera di curiosit\u00e0 e di informazioni sui cambiamenti topografici e sociali della citt\u00e0.<\/p>\n<p>Ogni capitolo porta il nome di una marca di sigarette, dalle Popolari dell\u2019infanzia, alle Africa e alle Milit che hanno accompagnato la terribile e insensata esperienza della guerra e della prigionia, e cos\u00ec via, per mettere subito in chiaro di cosa si parla: \u201cSono un fumatore, un sorvegliato a vista, un nemico pubblico potenziale\u201d, esordisce l\u2019autore, per concludere che \u201cper straordinari e curiosi siano gli accadimenti di una vita individuale, se non vanno a finire in fumo, dove diavolo possano andare, \u00e8 proprio difficile capire\u201d. Aneddoti, circostanze inedite, storie personali, tratteggiate con il taglio ironico e la prosa sorniona e immediata tipica di Mattioni. Un unicum per conoscere da vicino l\u2019uomo e lo scrittore, \u201csempre vissuto nell\u2019atmosfera delle favole senza credere nelle fate, e quindi di continuo tormentato dal voler capire perch\u00e9 gli uomini, me compreso, sono come sono, e la vita che cos\u2019\u00e8\u201d.<\/p>\n","protected":false},"excerpt":{"rendered":"<p>Le memorie di uno scrittore non sono semplicemente una catena di ricordi, anche se qui ne troviamo di nitidi e precisi, dalla fanciullezza alla maturit\u00e0, legati dal filo conduttore del fumo, gi\u00e0 motivo letterario in Italo Svevo. Memorie di un fumatore (il romanzo di un uomo, di una vita, di una citt\u00e0) \u00e8 il ritratto &hellip;<\/p>\n<p class=\"read-more\"> <a class=\"\" href=\"https:\/\/mgspress.com\/shop\/prodotto\/memorie-di-un-fumatore\/\"> <span class=\"screen-reader-text\">Memorie di un fumatore<\/span> Leggi altro &raquo;<\/a><\/p>\n","protected":false},"featured_media":532,"template":"","meta":{"site-sidebar-layout":"default","site-content-layout":"default","ast-global-header-display":"","ast-main-header-display":"","ast-hfb-above-header-display":"","ast-hfb-below-header-display":"","ast-hfb-mobile-header-display":"","site-post-title":"","ast-breadcrumbs-content":"","ast-featured-img":"","footer-sml-layout":"","theme-transparent-header-meta":"default","adv-header-id-meta":"","stick-header-meta":"","header-above-stick-meta":"","header-main-stick-meta":"","header-below-stick-meta":""},"product_brand":[],"product_cat":[33],"product_tag":[],"class_list":{"0":"post-105","1":"product","2":"type-product","3":"status-publish","4":"has-post-thumbnail","6":"product_cat-narrativa","7":"desktop-align-left","8":"tablet-align-left","9":"mobile-align-left","11":"first","12":"instock","13":"purchasable","14":"product-type-simple"},"_links":{"self":[{"href":"https:\/\/mgspress.com\/shop\/wp-json\/wp\/v2\/product\/105","targetHints":{"allow":["GET"]}}],"collection":[{"href":"https:\/\/mgspress.com\/shop\/wp-json\/wp\/v2\/product"}],"about":[{"href":"https:\/\/mgspress.com\/shop\/wp-json\/wp\/v2\/types\/product"}],"wp:featuredmedia":[{"embeddable":true,"href":"https:\/\/mgspress.com\/shop\/wp-json\/wp\/v2\/media\/532"}],"wp:attachment":[{"href":"https:\/\/mgspress.com\/shop\/wp-json\/wp\/v2\/media?parent=105"}],"wp:term":[{"taxonomy":"product_brand","embeddable":true,"href":"https:\/\/mgspress.com\/shop\/wp-json\/wp\/v2\/product_brand?post=105"},{"taxonomy":"product_cat","embeddable":true,"href":"https:\/\/mgspress.com\/shop\/wp-json\/wp\/v2\/product_cat?post=105"},{"taxonomy":"product_tag","embeddable":true,"href":"https:\/\/mgspress.com\/shop\/wp-json\/wp\/v2\/product_tag?post=105"}],"curies":[{"name":"wp","href":"https:\/\/api.w.org\/{rel}","templated":true}]}}