{"id":1035,"date":"2025-11-19T16:51:53","date_gmt":"2025-11-19T15:51:53","guid":{"rendered":"https:\/\/mgspress.com\/shop\/?post_type=product&#038;p=1035"},"modified":"2026-03-07T13:19:02","modified_gmt":"2026-03-07T12:19:02","slug":"charlotte-la-principessa-di-miramar","status":"publish","type":"product","link":"https:\/\/mgspress.com\/shop\/prodotto\/charlotte-la-principessa-di-miramar\/","title":{"rendered":"Charlotte, la principessa di Miramar"},"content":{"rendered":"<h2><strong><span style=\"color: #800000;\">DISPONIBILE A PARTIRE DAL 28-11-2025<\/span><\/strong><\/h2>\n<p>\u00c8 la prima biografia italiana di Charlotte del Belgio, figlia del re Leopoldo I e moglie di Ferdinando Massimiliano d\u2019Asburgo. Serena Bellopede svela la personalit\u00e0 complessa e volitiva della giovane che vive un tragico destino in nome della ragion di Stato e ripercorre la sua esistenza grazie ad un\u2019attenta analisi delle lettere indirizzate, in particolare, a Massimiliano. E qui si scopre che il loro rapporto, in apparenza sereno, nascondeva le debolezze di un uomo che sfuggiva ai suoi impegni, delegandola a ricoprire incarichi di governo in Messico e non solo.<\/p>\n<p>Considerata una delle pi\u00f9 affascinanti principesse del suo tempo, ambiziosa e determinata, segue il consorte prima nel Lombardo Veneto e poi in Messico. Da qui, quando l\u2019impero sta per crollare, rientra in Europa \u2013 a Parigi, alla corte di Francia e a Roma, in Vaticano \u2013 per chiedere gli aiuti promessi. Purtroppo per\u00f2 n\u00e9 Napoleone III n\u00e9 Papa Pio IX le daranno ascolto. Charlotte si sente tradita e comincia a manifestare i primi segni di squilibrio mentale. Viene dapprima rinchiusa a Miramar e poi convinta dalla regina Maria Enrichetta a tornare in Belgio, dove morir\u00e0 nel 1927, lontana e dimenticata dal mondo.<\/p>\n<p>Gli unici momenti di felicit\u00e0 Massimiliano e Charlotte li trascorsero a Miramar dopo il matrimonio celebrato nel luglio 1857. Il castello e il parco diverranno cos\u00ec memento della loro vicenda,\u00a0e quei luoghi che hanno creato ci ricordano ancora oggi gli interessi artistici di Carlotta e la passione per il mondo naturale di Massimiliano, a testimoniare che la bellezza pu\u00f2 sconfiggere l\u2019oblio.<\/p>\n<p><strong>Prefazione:<\/strong> Rossella Fabiani<br \/>\n<strong>Copertina:<\/strong> Martina Campagnolo<\/p>\n","protected":false},"excerpt":{"rendered":"<p>DISPONIBILE A PARTIRE DAL 28-11-2025 \u00c8 la prima biografia italiana di Charlotte del Belgio, figlia del re Leopoldo I e moglie di Ferdinando Massimiliano d\u2019Asburgo. Serena Bellopede svela la personalit\u00e0 complessa e volitiva della giovane che vive un tragico destino in nome della ragion di Stato e ripercorre la sua esistenza grazie ad un\u2019attenta analisi &hellip;<\/p>\n<p class=\"read-more\"> <a class=\"\" href=\"https:\/\/mgspress.com\/shop\/prodotto\/charlotte-la-principessa-di-miramar\/\"> <span class=\"screen-reader-text\">Charlotte, la principessa di Miramar<\/span> Leggi altro &raquo;<\/a><\/p>\n","protected":false},"featured_media":1036,"template":"","meta":{"site-sidebar-layout":"default","site-content-layout":"default","ast-global-header-display":"","ast-main-header-display":"","ast-hfb-above-header-display":"","ast-hfb-below-header-display":"","ast-hfb-mobile-header-display":"","site-post-title":"","ast-breadcrumbs-content":"","ast-featured-img":"","footer-sml-layout":"","theme-transparent-header-meta":"default","adv-header-id-meta":"","stick-header-meta":"","header-above-stick-meta":"","header-main-stick-meta":"","header-below-stick-meta":""},"product_brand":[],"product_cat":[24],"product_tag":[],"class_list":{"0":"post-1035","1":"product","2":"type-product","3":"status-publish","4":"has-post-thumbnail","6":"product_cat-asburgo","7":"desktop-align-left","8":"tablet-align-left","9":"mobile-align-left","11":"first","12":"instock","13":"shipping-taxable","14":"purchasable","15":"product-type-simple"},"_links":{"self":[{"href":"https:\/\/mgspress.com\/shop\/wp-json\/wp\/v2\/product\/1035","targetHints":{"allow":["GET"]}}],"collection":[{"href":"https:\/\/mgspress.com\/shop\/wp-json\/wp\/v2\/product"}],"about":[{"href":"https:\/\/mgspress.com\/shop\/wp-json\/wp\/v2\/types\/product"}],"wp:featuredmedia":[{"embeddable":true,"href":"https:\/\/mgspress.com\/shop\/wp-json\/wp\/v2\/media\/1036"}],"wp:attachment":[{"href":"https:\/\/mgspress.com\/shop\/wp-json\/wp\/v2\/media?parent=1035"}],"wp:term":[{"taxonomy":"product_brand","embeddable":true,"href":"https:\/\/mgspress.com\/shop\/wp-json\/wp\/v2\/product_brand?post=1035"},{"taxonomy":"product_cat","embeddable":true,"href":"https:\/\/mgspress.com\/shop\/wp-json\/wp\/v2\/product_cat?post=1035"},{"taxonomy":"product_tag","embeddable":true,"href":"https:\/\/mgspress.com\/shop\/wp-json\/wp\/v2\/product_tag?post=1035"}],"curies":[{"name":"wp","href":"https:\/\/api.w.org\/{rel}","templated":true}]}}