{"id":1022,"date":"2025-10-23T16:45:11","date_gmt":"2025-10-23T14:45:11","guid":{"rendered":"https:\/\/mgspress.com\/shop\/?post_type=product&#038;p=1022"},"modified":"2025-12-02T19:50:17","modified_gmt":"2025-12-02T18:50:17","slug":"sburtar-radicio","status":"publish","type":"product","link":"https:\/\/mgspress.com\/shop\/prodotto\/sburtar-radicio\/","title":{"rendered":"Sburtar radicio"},"content":{"rendered":"<p>Ci sono stati popoli, come gli Egizi e gli Etruschi, che al tema della morte hanno dedicato grandissima attenzione. A loro si aggiungono, e quasi con prepotenza, i triestini che su \u201cIl Piccolo\u201d la prima cosa che leggono ogni giorno \u00e8 \u201cla pagina dei morti\u201d.<\/p>\n<p>Ci\u00f2 potrebbe sorprendere in un popolo che tanto ama il mare, il pesce e lo spritz, ma Trieste \u00e8 un Giano bifronte sempre intrigante negli opposti: coltissima e stracciona, sentimentale e cinica, superficiale e perdutamente carsica.\u00a0Non desta quindi stupore che il suo massimo poeta vivente (ha avuto un infarto, ma per il momento non molla) passi il suo tempo a scrivere epitaffi certo di trovare nelle genti alto-adriatiche un pubblico particolarmente appassionato all\u2019argomento.<\/p>\n<p>Quindi ecco questo libro con cento concittadini e concittadine gi\u00e0 andati a \u201cspingere il radicchio\u201d, cio\u00e8 passati a miglior vita. Un\u2019opera del genere andava assolutamente scritta poich\u00e9 il Nostro aveva gi\u00e0 dato un crudele assaggio con le parole che far\u00e0 incidere sulla sua tomba monumentale a Sant\u2019Anna: \u201cCome uomo fu un comico tra tanti, come donna un mito\u201d.<\/p>\n","protected":false},"excerpt":{"rendered":"<p>Ci sono stati popoli, come gli Egizi e gli Etruschi, che al tema della morte hanno dedicato grandissima attenzione. A loro si aggiungono, e quasi con prepotenza, i triestini che su \u201cIl Piccolo\u201d la prima cosa che leggono ogni giorno \u00e8 \u201cla pagina dei morti\u201d. Ci\u00f2 potrebbe sorprendere in un popolo che tanto ama il &hellip;<\/p>\n<p class=\"read-more\"> <a class=\"\" href=\"https:\/\/mgspress.com\/shop\/prodotto\/sburtar-radicio\/\"> <span class=\"screen-reader-text\">Sburtar radicio<\/span> Leggi altro &raquo;<\/a><\/p>\n","protected":false},"featured_media":1023,"template":"","meta":{"site-sidebar-layout":"default","site-content-layout":"default","ast-global-header-display":"","ast-main-header-display":"","ast-hfb-above-header-display":"","ast-hfb-below-header-display":"","ast-hfb-mobile-header-display":"","site-post-title":"","ast-breadcrumbs-content":"","ast-featured-img":"","footer-sml-layout":"","theme-transparent-header-meta":"default","adv-header-id-meta":"","stick-header-meta":"","header-above-stick-meta":"","header-main-stick-meta":"","header-below-stick-meta":""},"product_brand":[],"product_cat":[27],"product_tag":[],"class_list":{"0":"post-1022","1":"product","2":"type-product","3":"status-publish","4":"has-post-thumbnail","6":"product_cat-dialetto-triestino","7":"desktop-align-left","8":"tablet-align-left","9":"mobile-align-left","11":"first","12":"instock","13":"shipping-taxable","14":"purchasable","15":"product-type-simple"},"_links":{"self":[{"href":"https:\/\/mgspress.com\/shop\/wp-json\/wp\/v2\/product\/1022","targetHints":{"allow":["GET"]}}],"collection":[{"href":"https:\/\/mgspress.com\/shop\/wp-json\/wp\/v2\/product"}],"about":[{"href":"https:\/\/mgspress.com\/shop\/wp-json\/wp\/v2\/types\/product"}],"wp:featuredmedia":[{"embeddable":true,"href":"https:\/\/mgspress.com\/shop\/wp-json\/wp\/v2\/media\/1023"}],"wp:attachment":[{"href":"https:\/\/mgspress.com\/shop\/wp-json\/wp\/v2\/media?parent=1022"}],"wp:term":[{"taxonomy":"product_brand","embeddable":true,"href":"https:\/\/mgspress.com\/shop\/wp-json\/wp\/v2\/product_brand?post=1022"},{"taxonomy":"product_cat","embeddable":true,"href":"https:\/\/mgspress.com\/shop\/wp-json\/wp\/v2\/product_cat?post=1022"},{"taxonomy":"product_tag","embeddable":true,"href":"https:\/\/mgspress.com\/shop\/wp-json\/wp\/v2\/product_tag?post=1022"}],"curies":[{"name":"wp","href":"https:\/\/api.w.org\/{rel}","templated":true}]}}