{"id":102,"date":"2011-08-06T00:00:00","date_gmt":"2011-08-05T22:00:00","guid":{"rendered":"https:\/\/mgspress.com\/shop\/product\/la-torre-di-salim\/"},"modified":"2023-03-13T17:04:26","modified_gmt":"2023-03-13T16:04:26","slug":"la-torre-di-salim","status":"publish","type":"product","link":"https:\/\/mgspress.com\/shop\/prodotto\/la-torre-di-salim\/","title":{"rendered":"La Torre di Salim"},"content":{"rendered":"<p>Una normale famiglia del Main \u2013 Simon, Sandra e i due figli Tommy e Carin \u2013 viene travolta da un\u2019 esperienza tra il fantascientifico e l\u2019horror. Simon, un efficiente impiegato di un gruppo assicurativo, viene sorpreso nel sonno da un incubo che lo terrorizza. Un essere spaventoso, con ben poco di umano, penetra nella sua stanza da letto e gli comunica un ordine perentorio: deve lasciare tutto ed andare sulla Torre di Salim. Se quel posto esiste e dove si trovi Simon non lo sa.<\/p>\n<p>Al risveglio, tira un sospiro di sollievo rendendosi conto che era stato solamente un incubo ma&#8230; Niente di quello che la sua mente avrebbe potuto immaginare era paragonabile a quello che gli stava per accadere. Nonostante le sue resistenze, viene trascinato in un&#8217;avventura incredibile e drammatica che lo porter\u00e0, attraverso varie vicissitudini, a giocarsi la propria vita fino in fondo all&#8217;oceano. Se \u00e8 vero che a volte i sogni si realizzano, Simon sta per scoprire che il suo incubo peggiore sta per diventare realt\u00e0. Un romanzo dal ritmo serrato e denso di avvenimenti, che vi terr\u00e0 incollati con il fiato sospeso fino all\u2019ultima pagina.<\/p>\n","protected":false},"excerpt":{"rendered":"<p>Una normale famiglia del Main \u2013 Simon, Sandra e i due figli Tommy e Carin \u2013 viene travolta da un\u2019 esperienza tra il fantascientifico e l\u2019horror. Simon, un efficiente impiegato di un gruppo assicurativo, viene sorpreso nel sonno da un incubo che lo terrorizza. Un essere spaventoso, con ben poco di umano, penetra nella sua &hellip;<\/p>\n<p class=\"read-more\"> <a class=\"\" href=\"https:\/\/mgspress.com\/shop\/prodotto\/la-torre-di-salim\/\"> <span class=\"screen-reader-text\">La Torre di Salim<\/span> Leggi altro &raquo;<\/a><\/p>\n","protected":false},"featured_media":529,"template":"","meta":{"site-sidebar-layout":"default","site-content-layout":"default","ast-global-header-display":"","ast-main-header-display":"","ast-hfb-above-header-display":"","ast-hfb-below-header-display":"","ast-hfb-mobile-header-display":"","site-post-title":"","ast-breadcrumbs-content":"","ast-featured-img":"","footer-sml-layout":"","theme-transparent-header-meta":"default","adv-header-id-meta":"","stick-header-meta":"","header-above-stick-meta":"","header-main-stick-meta":"","header-below-stick-meta":""},"product_brand":[],"product_cat":[33],"product_tag":[],"class_list":{"0":"post-102","1":"product","2":"type-product","3":"status-publish","4":"has-post-thumbnail","6":"product_cat-narrativa","7":"desktop-align-left","8":"tablet-align-left","9":"mobile-align-left","11":"first","12":"instock","13":"purchasable","14":"product-type-simple"},"_links":{"self":[{"href":"https:\/\/mgspress.com\/shop\/wp-json\/wp\/v2\/product\/102","targetHints":{"allow":["GET"]}}],"collection":[{"href":"https:\/\/mgspress.com\/shop\/wp-json\/wp\/v2\/product"}],"about":[{"href":"https:\/\/mgspress.com\/shop\/wp-json\/wp\/v2\/types\/product"}],"wp:featuredmedia":[{"embeddable":true,"href":"https:\/\/mgspress.com\/shop\/wp-json\/wp\/v2\/media\/529"}],"wp:attachment":[{"href":"https:\/\/mgspress.com\/shop\/wp-json\/wp\/v2\/media?parent=102"}],"wp:term":[{"taxonomy":"product_brand","embeddable":true,"href":"https:\/\/mgspress.com\/shop\/wp-json\/wp\/v2\/product_brand?post=102"},{"taxonomy":"product_cat","embeddable":true,"href":"https:\/\/mgspress.com\/shop\/wp-json\/wp\/v2\/product_cat?post=102"},{"taxonomy":"product_tag","embeddable":true,"href":"https:\/\/mgspress.com\/shop\/wp-json\/wp\/v2\/product_tag?post=102"}],"curies":[{"name":"wp","href":"https:\/\/api.w.org\/{rel}","templated":true}]}}